{"id":2394,"date":"2024-08-19T09:13:16","date_gmt":"2024-08-19T09:13:16","guid":{"rendered":"https:\/\/psystemsrl.it\/prodotto\/secheur-de-la-serie-dry-tec\/"},"modified":"2024-08-19T09:13:16","modified_gmt":"2024-08-19T09:13:16","slug":"secheur-de-la-serie-dry-tec","status":"publish","type":"product","link":"https:\/\/psystemsrl.it\/fr\/prodotto\/secheur-de-la-serie-dry-tec\/","title":{"rendered":"S\u00e9cheur de la s\u00e9rie DRY-TEC"},"content":{"rendered":"<p>Nos syst\u00e8mes de s\u00e9chage b\u00e9n\u00e9ficient d&rsquo;une technologie hydraulique unique, fruit de plusieurs ann\u00e9es de recherche et d&rsquo;exp\u00e9rimentation, qui vous permettra de s\u00e9cher en toute s\u00e9curit\u00e9 les d\u00e9chets de biomasse, quel que soit leur taux d&rsquo;humidit\u00e9.  <span style=\"font-size: 16px;\">Notre syst\u00e8me de s\u00e9chage est bas\u00e9 sur le transport d&rsquo;air mod\u00e9r\u00e9ment chaud combin\u00e9 au m\u00e9lange et au broyage du mat\u00e9riau humide entrant.<br \/>\nL&rsquo;ensemble de l&rsquo;op\u00e9ration est surveill\u00e9 en permanence par un capteur situ\u00e9 dans le syst\u00e8me de s\u00e9chage, qui contr\u00f4le le taux d&rsquo;humidit\u00e9 du mat\u00e9riau en recirculation jusqu&rsquo;\u00e0 ce que le degr\u00e9 d\u00e9fini par l&rsquo;op\u00e9rateur soit atteint. <\/span>  Le mat\u00e9riau g\u00e9n\u00e9ralement humide (mais pas n\u00e9cessairement) alimente les m\u00e9langeurs-broyeurs et est m\u00e9lang\u00e9 \u00e0 de l&rsquo;air chaud provenant d&rsquo;une chaudi\u00e8re sp\u00e9ciale, qui peut \u00eatre aliment\u00e9e en gaz ou en granul\u00e9s, par l&rsquo;interm\u00e9diaire de la vis de chargement \u00e0 commande et r\u00e9gulation hydrauliques.<br \/>\nL&rsquo;unit\u00e9 de bio-broyage effectue automatiquement l&rsquo;aspiration et le transport simultan\u00e9s des copeaux \u00e0 travers une surface cylindrique perfor\u00e9e fixe et des marteaux oscillants et rotatifs interchangeables.<br \/>\nL&rsquo;ensemble du processus est contr\u00f4l\u00e9 et r\u00e9gul\u00e9 par l&rsquo;automate de commande situ\u00e9 dans l&rsquo;armoire \u00e9lectrique, les d\u00e9bits et les temp\u00e9ratures de l&rsquo;air chaud \u00e9tant contr\u00f4l\u00e9s par un onduleur qui actionne le ventilateur principal.<br \/>\nLe transport pneumatique est confi\u00e9 \u00e0 des ventilateurs centrifuges \u00e0 haut rendement dans lesquels le mat\u00e9riau est s\u00e9par\u00e9 de l&rsquo;air m\u00e9lang\u00e9 au condensat, au moyen d&rsquo;un ou plusieurs cyclones, qui transportent le mat\u00e9riau dans l&rsquo;aube de s\u00e9chage \u00e9quip\u00e9e d&rsquo;un clapet pour d\u00e9charger le mat\u00e9riau sec dans le conteneur de collecte.<br \/>\nLorsque la sonde de lecture ins\u00e9r\u00e9e dans l&rsquo;aube enregistre la pr\u00e9sence de mat\u00e9riau avec le degr\u00e9 d&rsquo;humidit\u00e9 r\u00e9gl\u00e9 sur le PLC, elle d\u00e9charge le produit sec dans le conteneur.<br \/>\nLe conteneur de collecte est \u00e9quip\u00e9 d&rsquo;un extracteur \u00e0 peigne.<br \/>\nLa vitesse du fond mobile, de la vis d&rsquo;extraction et de la vis de d\u00e9charge est contr\u00f4l\u00e9e par une centrale hydraulique externe s\u00e9par\u00e9e.<br \/>\n\u00c0 ce stade, la mati\u00e8re s\u00e9ch\u00e9e est achemin\u00e9e par l&rsquo;extracteur \u00e0 peigne du conteneur dans la tr\u00e9mie de m\u00e9lange, puis envoy\u00e9e vers le syst\u00e8me de granulation.         <\/p>\n<div class=\"field field-name-body field-type-text-with-summary field-label-hidden\">\n<div class=\"field-items\">\n<div class=\"field-item even\">  Le syst\u00e8me de s\u00e9chage P System vous garantit un degr\u00e9 de s\u00e9chage uniforme, quel que soit le taux d&rsquo;humidit\u00e9 du mat\u00e9riau entrant.<br \/>\nLe type de s\u00e9chage est con\u00e7u pour ne pas affecter les caract\u00e9ristiques et le contenu du mat\u00e9riau.<br \/>\nNotre syst\u00e8me de s\u00e9chage est extr\u00eamement facile \u00e0 utiliser ; le cycle automatique est command\u00e9 par un seul bouton avec lecture imm\u00e9diate des param\u00e8tres sur l&rsquo;\u00e9cran de la carte PLC.    <\/div>\n<\/div>\n<\/div>\n","protected":false},"excerpt":{"rendered":"<p>Nos syst\u00e8mes de s\u00e9chage b\u00e9n\u00e9ficient d&rsquo;une technologie hydraulique unique, fruit de plusieurs ann\u00e9es de recherche et d&rsquo;exp\u00e9rimentation, qui vous permettra [&hellip;]<\/p>\n","protected":false},"featured_media":1685,"comment_status":"open","ping_status":"closed","template":"","meta":{"site-sidebar-layout":"default","site-content-layout":"","ast-site-content-layout":"default","site-content-style":"default","site-sidebar-style":"default","ast-global-header-display":"","ast-banner-title-visibility":"","ast-main-header-display":"","ast-hfb-above-header-display":"","ast-hfb-below-header-display":"","ast-hfb-mobile-header-display":"","site-post-title":"","ast-breadcrumbs-content":"","ast-featured-img":"","footer-sml-layout":"","theme-transparent-header-meta":"default","adv-header-id-meta":"","stick-header-meta":"","header-above-stick-meta":"","header-main-stick-meta":"","header-below-stick-meta":"","astra-migrate-meta-layouts":"default","ast-page-background-enabled":"default","ast-page-background-meta":{"desktop":{"background-color":"var(--ast-global-color-4)","background-image":"","background-repeat":"repeat","background-position":"center center","background-size":"auto","background-attachment":"scroll","background-type":"","background-media":"","overlay-type":"","overlay-color":"","overlay-opacity":"","overlay-gradient":""},"tablet":{"background-color":"","background-image":"","background-repeat":"repeat","background-position":"center center","background-size":"auto","background-attachment":"scroll","background-type":"","background-media":"","overlay-type":"","overlay-color":"","overlay-opacity":"","overlay-gradient":""},"mobile":{"background-color":"","background-image":"","background-repeat":"repeat","background-position":"center center","background-size":"auto","background-attachment":"scroll","background-type":"","background-media":"","overlay-type":"","overlay-color":"","overlay-opacity":"","overlay-gradient":""}},"ast-content-background-meta":{"desktop":{"background-color":"var(--ast-global-color-5)","background-image":"","background-repeat":"repeat","background-position":"center center","background-size":"auto","background-attachment":"scroll","background-type":"","background-media":"","overlay-type":"","overlay-color":"","overlay-opacity":"","overlay-gradient":""},"tablet":{"background-color":"var(--ast-global-color-5)","background-image":"","background-repeat":"repeat","background-position":"center center","background-size":"auto","background-attachment":"scroll","background-type":"","background-media":"","overlay-type":"","overlay-color":"","overlay-opacity":"","overlay-gradient":""},"mobile":{"background-color":"var(--ast-global-color-5)","background-image":"","background-repeat":"repeat","background-position":"center center","background-size":"auto","background-attachment":"scroll","background-type":"","background-media":"","overlay-type":"","overlay-color":"","overlay-opacity":"","overlay-gradient":""}}},"product_cat":[56,44],"product_tag":[],"class_list":{"0":"post-2394","1":"product","2":"type-product","3":"status-publish","4":"has-post-thumbnail","6":"product_cat-secheurs","7":"product_cat-tout-afficher","8":"desktop-align-left","9":"tablet-align-left","10":"mobile-align-left","12":"first","13":"instock","14":"shipping-taxable","15":"product-type-simple"},"yoast_head":"<!-- This site is optimized with the Yoast SEO plugin v23.4 - https:\/\/yoast.com\/wordpress\/plugins\/seo\/ -->\n<title>S\u00e9cheur de la s\u00e9rie DRY-TEC - P System Automazione<\/title>\n<meta name=\"robots\" content=\"index, follow, max-snippet:-1, max-image-preview:large, max-video-preview:-1\" \/>\n<link rel=\"canonical\" href=\"https:\/\/psystemsrl.it\/fr\/prodotto\/secheur-de-la-serie-dry-tec\/\" \/>\n<meta property=\"og:locale\" content=\"fr_FR\" \/>\n<meta property=\"og:type\" content=\"article\" \/>\n<meta property=\"og:title\" content=\"S\u00e9cheur de la s\u00e9rie DRY-TEC - P System Automazione\" \/>\n<meta property=\"og:description\" content=\"Nos syst\u00e8mes de s\u00e9chage b\u00e9n\u00e9ficient d&rsquo;une technologie hydraulique unique, fruit de plusieurs ann\u00e9es de recherche et d&rsquo;exp\u00e9rimentation, qui vous permettra [&hellip;]\" \/>\n<meta property=\"og:url\" content=\"https:\/\/psystemsrl.it\/fr\/prodotto\/secheur-de-la-serie-dry-tec\/\" \/>\n<meta property=\"og:site_name\" content=\"P System Automazione\" \/>\n<meta property=\"og:image\" content=\"https:\/\/psystemsrl.it\/wp-content\/uploads\/2024\/08\/Essiccatore-serie-DRY-TEC.jpg\" \/>\n\t<meta property=\"og:image:width\" content=\"1024\" \/>\n\t<meta property=\"og:image:height\" content=\"521\" \/>\n\t<meta property=\"og:image:type\" content=\"image\/jpeg\" \/>\n<meta name=\"twitter:card\" content=\"summary_large_image\" \/>\n<meta name=\"twitter:label1\" content=\"Dur\u00e9e de lecture estim\u00e9e\" \/>\n\t<meta name=\"twitter:data1\" content=\"2 minutes\" \/>\n<script type=\"application\/ld+json\" class=\"yoast-schema-graph\">{\"@context\":\"https:\/\/schema.org\",\"@graph\":[{\"@type\":\"WebPage\",\"@id\":\"https:\/\/psystemsrl.it\/fr\/prodotto\/secheur-de-la-serie-dry-tec\/\",\"url\":\"https:\/\/psystemsrl.it\/fr\/prodotto\/secheur-de-la-serie-dry-tec\/\",\"name\":\"S\u00e9cheur de la s\u00e9rie DRY-TEC - P System Automazione\",\"isPartOf\":{\"@id\":\"https:\/\/psystemsrl.it\/fr\/#website\"},\"primaryImageOfPage\":{\"@id\":\"https:\/\/psystemsrl.it\/fr\/prodotto\/secheur-de-la-serie-dry-tec\/#primaryimage\"},\"image\":{\"@id\":\"https:\/\/psystemsrl.it\/fr\/prodotto\/secheur-de-la-serie-dry-tec\/#primaryimage\"},\"thumbnailUrl\":\"https:\/\/psystemsrl.it\/wp-content\/uploads\/2024\/08\/Essiccatore-serie-DRY-TEC.jpg\",\"datePublished\":\"2024-08-19T09:13:16+00:00\",\"dateModified\":\"2024-08-19T09:13:16+00:00\",\"breadcrumb\":{\"@id\":\"https:\/\/psystemsrl.it\/fr\/prodotto\/secheur-de-la-serie-dry-tec\/#breadcrumb\"},\"inLanguage\":\"fr-FR\",\"potentialAction\":[{\"@type\":\"ReadAction\",\"target\":[\"https:\/\/psystemsrl.it\/fr\/prodotto\/secheur-de-la-serie-dry-tec\/\"]}]},{\"@type\":\"ImageObject\",\"inLanguage\":\"fr-FR\",\"@id\":\"https:\/\/psystemsrl.it\/fr\/prodotto\/secheur-de-la-serie-dry-tec\/#primaryimage\",\"url\":\"https:\/\/psystemsrl.it\/wp-content\/uploads\/2024\/08\/Essiccatore-serie-DRY-TEC.jpg\",\"contentUrl\":\"https:\/\/psystemsrl.it\/wp-content\/uploads\/2024\/08\/Essiccatore-serie-DRY-TEC.jpg\",\"width\":1024,\"height\":521},{\"@type\":\"BreadcrumbList\",\"@id\":\"https:\/\/psystemsrl.it\/fr\/prodotto\/secheur-de-la-serie-dry-tec\/#breadcrumb\",\"itemListElement\":[{\"@type\":\"ListItem\",\"position\":1,\"name\":\"Home\",\"item\":\"https:\/\/psystemsrl.it\/fr\/page-daccueil\/\"},{\"@type\":\"ListItem\",\"position\":2,\"name\":\"Boutique\",\"item\":\"https:\/\/psystemsrl.it\/fr\/boutique\/\"},{\"@type\":\"ListItem\",\"position\":3,\"name\":\"S\u00e9cheur de la s\u00e9rie DRY-TEC\"}]},{\"@type\":\"WebSite\",\"@id\":\"https:\/\/psystemsrl.it\/fr\/#website\",\"url\":\"https:\/\/psystemsrl.it\/fr\/\",\"name\":\"P System Automazione\",\"description\":\"\",\"publisher\":{\"@id\":\"https:\/\/psystemsrl.it\/fr\/#organization\"},\"potentialAction\":[{\"@type\":\"SearchAction\",\"target\":{\"@type\":\"EntryPoint\",\"urlTemplate\":\"https:\/\/psystemsrl.it\/fr\/?s={search_term_string}\"},\"query-input\":{\"@type\":\"PropertyValueSpecification\",\"valueRequired\":true,\"valueName\":\"search_term_string\"}}],\"inLanguage\":\"fr-FR\"},{\"@type\":\"Organization\",\"@id\":\"https:\/\/psystemsrl.it\/fr\/#organization\",\"name\":\"P System Automazione\",\"url\":\"https:\/\/psystemsrl.it\/fr\/\",\"logo\":{\"@type\":\"ImageObject\",\"inLanguage\":\"fr-FR\",\"@id\":\"https:\/\/psystemsrl.it\/fr\/#\/schema\/logo\/image\/\",\"url\":\"https:\/\/psystemsrl.it\/wp-content\/uploads\/2024\/08\/logo_psystem_def.png\",\"contentUrl\":\"https:\/\/psystemsrl.it\/wp-content\/uploads\/2024\/08\/logo_psystem_def.png\",\"width\":183,\"height\":54,\"caption\":\"P System Automazione\"},\"image\":{\"@id\":\"https:\/\/psystemsrl.it\/fr\/#\/schema\/logo\/image\/\"}}]}<\/script>\n<!-- \/ Yoast SEO plugin. -->","yoast_head_json":{"title":"S\u00e9cheur de la s\u00e9rie DRY-TEC - P System Automazione","robots":{"index":"index","follow":"follow","max-snippet":"max-snippet:-1","max-image-preview":"max-image-preview:large","max-video-preview":"max-video-preview:-1"},"canonical":"https:\/\/psystemsrl.it\/fr\/prodotto\/secheur-de-la-serie-dry-tec\/","og_locale":"fr_FR","og_type":"article","og_title":"S\u00e9cheur de la s\u00e9rie DRY-TEC - P System Automazione","og_description":"Nos syst\u00e8mes de s\u00e9chage b\u00e9n\u00e9ficient d&rsquo;une technologie hydraulique unique, fruit de plusieurs ann\u00e9es de recherche et d&rsquo;exp\u00e9rimentation, qui vous permettra [&hellip;]","og_url":"https:\/\/psystemsrl.it\/fr\/prodotto\/secheur-de-la-serie-dry-tec\/","og_site_name":"P System Automazione","og_image":[{"width":1024,"height":521,"url":"https:\/\/psystemsrl.it\/wp-content\/uploads\/2024\/08\/Essiccatore-serie-DRY-TEC.jpg","type":"image\/jpeg"}],"twitter_card":"summary_large_image","twitter_misc":{"Dur\u00e9e de lecture estim\u00e9e":"2 minutes"},"schema":{"@context":"https:\/\/schema.org","@graph":[{"@type":"WebPage","@id":"https:\/\/psystemsrl.it\/fr\/prodotto\/secheur-de-la-serie-dry-tec\/","url":"https:\/\/psystemsrl.it\/fr\/prodotto\/secheur-de-la-serie-dry-tec\/","name":"S\u00e9cheur de la s\u00e9rie DRY-TEC - P System Automazione","isPartOf":{"@id":"https:\/\/psystemsrl.it\/fr\/#website"},"primaryImageOfPage":{"@id":"https:\/\/psystemsrl.it\/fr\/prodotto\/secheur-de-la-serie-dry-tec\/#primaryimage"},"image":{"@id":"https:\/\/psystemsrl.it\/fr\/prodotto\/secheur-de-la-serie-dry-tec\/#primaryimage"},"thumbnailUrl":"https:\/\/psystemsrl.it\/wp-content\/uploads\/2024\/08\/Essiccatore-serie-DRY-TEC.jpg","datePublished":"2024-08-19T09:13:16+00:00","dateModified":"2024-08-19T09:13:16+00:00","breadcrumb":{"@id":"https:\/\/psystemsrl.it\/fr\/prodotto\/secheur-de-la-serie-dry-tec\/#breadcrumb"},"inLanguage":"fr-FR","potentialAction":[{"@type":"ReadAction","target":["https:\/\/psystemsrl.it\/fr\/prodotto\/secheur-de-la-serie-dry-tec\/"]}]},{"@type":"ImageObject","inLanguage":"fr-FR","@id":"https:\/\/psystemsrl.it\/fr\/prodotto\/secheur-de-la-serie-dry-tec\/#primaryimage","url":"https:\/\/psystemsrl.it\/wp-content\/uploads\/2024\/08\/Essiccatore-serie-DRY-TEC.jpg","contentUrl":"https:\/\/psystemsrl.it\/wp-content\/uploads\/2024\/08\/Essiccatore-serie-DRY-TEC.jpg","width":1024,"height":521},{"@type":"BreadcrumbList","@id":"https:\/\/psystemsrl.it\/fr\/prodotto\/secheur-de-la-serie-dry-tec\/#breadcrumb","itemListElement":[{"@type":"ListItem","position":1,"name":"Home","item":"https:\/\/psystemsrl.it\/fr\/page-daccueil\/"},{"@type":"ListItem","position":2,"name":"Boutique","item":"https:\/\/psystemsrl.it\/fr\/boutique\/"},{"@type":"ListItem","position":3,"name":"S\u00e9cheur de la s\u00e9rie DRY-TEC"}]},{"@type":"WebSite","@id":"https:\/\/psystemsrl.it\/fr\/#website","url":"https:\/\/psystemsrl.it\/fr\/","name":"P System Automazione","description":"","publisher":{"@id":"https:\/\/psystemsrl.it\/fr\/#organization"},"potentialAction":[{"@type":"SearchAction","target":{"@type":"EntryPoint","urlTemplate":"https:\/\/psystemsrl.it\/fr\/?s={search_term_string}"},"query-input":{"@type":"PropertyValueSpecification","valueRequired":true,"valueName":"search_term_string"}}],"inLanguage":"fr-FR"},{"@type":"Organization","@id":"https:\/\/psystemsrl.it\/fr\/#organization","name":"P System Automazione","url":"https:\/\/psystemsrl.it\/fr\/","logo":{"@type":"ImageObject","inLanguage":"fr-FR","@id":"https:\/\/psystemsrl.it\/fr\/#\/schema\/logo\/image\/","url":"https:\/\/psystemsrl.it\/wp-content\/uploads\/2024\/08\/logo_psystem_def.png","contentUrl":"https:\/\/psystemsrl.it\/wp-content\/uploads\/2024\/08\/logo_psystem_def.png","width":183,"height":54,"caption":"P System Automazione"},"image":{"@id":"https:\/\/psystemsrl.it\/fr\/#\/schema\/logo\/image\/"}}]}},"_links":{"self":[{"href":"https:\/\/psystemsrl.it\/fr\/wp-json\/wp\/v2\/product\/2394","targetHints":{"allow":["GET"]}}],"collection":[{"href":"https:\/\/psystemsrl.it\/fr\/wp-json\/wp\/v2\/product"}],"about":[{"href":"https:\/\/psystemsrl.it\/fr\/wp-json\/wp\/v2\/types\/product"}],"replies":[{"embeddable":true,"href":"https:\/\/psystemsrl.it\/fr\/wp-json\/wp\/v2\/comments?post=2394"}],"wp:featuredmedia":[{"embeddable":true,"href":"https:\/\/psystemsrl.it\/fr\/wp-json\/wp\/v2\/media\/1685"}],"wp:attachment":[{"href":"https:\/\/psystemsrl.it\/fr\/wp-json\/wp\/v2\/media?parent=2394"}],"wp:term":[{"taxonomy":"product_cat","embeddable":true,"href":"https:\/\/psystemsrl.it\/fr\/wp-json\/wp\/v2\/product_cat?post=2394"},{"taxonomy":"product_tag","embeddable":true,"href":"https:\/\/psystemsrl.it\/fr\/wp-json\/wp\/v2\/product_tag?post=2394"}],"curies":[{"name":"wp","href":"https:\/\/api.w.org\/{rel}","templated":true}]}}