{"id":2391,"date":"2024-08-19T09:19:03","date_gmt":"2024-08-19T09:19:03","guid":{"rendered":"https:\/\/psystemsrl.it\/prodotto\/lignes-de-production-de-granules-modulaires-et-personnalisees\/"},"modified":"2024-08-19T09:19:03","modified_gmt":"2024-08-19T09:19:03","slug":"lignes-de-production-de-granules-modulaires-et-personnalisees","status":"publish","type":"product","link":"https:\/\/psystemsrl.it\/fr\/prodotto\/lignes-de-production-de-granules-modulaires-et-personnalisees\/","title":{"rendered":"Lignes de production de granul\u00e9s modulaires et personnalis\u00e9es"},"content":{"rendered":"<p>Syst\u00e8me hydraulique exclusif de granulation et de s\u00e9chage Des copeaux \u00e0 l&#8217;emballage, un seul fournisseur !<br \/>\nR\u00e9duction des temps d&rsquo;arr\u00eat de l&rsquo;usine Le meilleur choix pour votre profit Co\u00fbts d&rsquo;exploitation r\u00e9duits de 50 % par rapport aux usines de granul\u00e9s conventionnelles Amortissement de l&rsquo;investissement (PAYBACK) en un an Un seul rouleau pousseur hydraulique Lignes de production hydrauliques enti\u00e8rement automatis\u00e9es avec une main-d&rsquo;\u0153uvre limit\u00e9e Lignes de production modulaires pour jusqu&rsquo;\u00e0 3 t\/h de granul\u00e9s selon EN 14961-2 PLUS A1-A2-B \u00e9gal \u00e0 \u00d6-NORM M7135 et DIN-Plus<\/p>\n","protected":false},"excerpt":{"rendered":"<p>Syst\u00e8me hydraulique exclusif de granulation et de s\u00e9chage Des copeaux \u00e0 l&#8217;emballage, un seul fournisseur ! R\u00e9duction des temps d&rsquo;arr\u00eat [&hellip;]<\/p>\n","protected":false},"featured_media":1785,"comment_status":"open","ping_status":"closed","template":"","meta":{"site-sidebar-layout":"default","site-content-layout":"","ast-site-content-layout":"default","site-content-style":"default","site-sidebar-style":"default","ast-global-header-display":"","ast-banner-title-visibility":"","ast-main-header-display":"","ast-hfb-above-header-display":"","ast-hfb-below-header-display":"","ast-hfb-mobile-header-display":"","site-post-title":"","ast-breadcrumbs-content":"","ast-featured-img":"","footer-sml-layout":"","theme-transparent-header-meta":"default","adv-header-id-meta":"","stick-header-meta":"","header-above-stick-meta":"","header-main-stick-meta":"","header-below-stick-meta":"","astra-migrate-meta-layouts":"default","ast-page-background-enabled":"default","ast-page-background-meta":{"desktop":{"background-color":"var(--ast-global-color-4)","background-image":"","background-repeat":"repeat","background-position":"center center","background-size":"auto","background-attachment":"scroll","background-type":"","background-media":"","overlay-type":"","overlay-color":"","overlay-opacity":"","overlay-gradient":""},"tablet":{"background-color":"","background-image":"","background-repeat":"repeat","background-position":"center center","background-size":"auto","background-attachment":"scroll","background-type":"","background-media":"","overlay-type":"","overlay-color":"","overlay-opacity":"","overlay-gradient":""},"mobile":{"background-color":"","background-image":"","background-repeat":"repeat","background-position":"center center","background-size":"auto","background-attachment":"scroll","background-type":"","background-media":"","overlay-type":"","overlay-color":"","overlay-opacity":"","overlay-gradient":""}},"ast-content-background-meta":{"desktop":{"background-color":"var(--ast-global-color-5)","background-image":"","background-repeat":"repeat","background-position":"center center","background-size":"auto","background-attachment":"scroll","background-type":"","background-media":"","overlay-type":"","overlay-color":"","overlay-opacity":"","overlay-gradient":""},"tablet":{"background-color":"var(--ast-global-color-5)","background-image":"","background-repeat":"repeat","background-position":"center center","background-size":"auto","background-attachment":"scroll","background-type":"","background-media":"","overlay-type":"","overlay-color":"","overlay-opacity":"","overlay-gradient":""},"mobile":{"background-color":"var(--ast-global-color-5)","background-image":"","background-repeat":"repeat","background-position":"center center","background-size":"auto","background-attachment":"scroll","background-type":"","background-media":"","overlay-type":"","overlay-color":"","overlay-opacity":"","overlay-gradient":""}}},"product_cat":[52,44],"product_tag":[],"class_list":{"0":"post-2391","1":"product","2":"type-product","3":"status-publish","4":"has-post-thumbnail","6":"product_cat-lignes-completes-de-granulation","7":"product_cat-tout-afficher","8":"desktop-align-left","9":"tablet-align-left","10":"mobile-align-left","12":"first","13":"instock","14":"shipping-taxable","15":"product-type-external"},"yoast_head":"<!-- This site is optimized with the Yoast SEO plugin v23.4 - https:\/\/yoast.com\/wordpress\/plugins\/seo\/ -->\n<title>Lignes de production de granul\u00e9s modulaires et personnalis\u00e9es - P System Automazione<\/title>\n<meta name=\"robots\" content=\"index, follow, max-snippet:-1, max-image-preview:large, max-video-preview:-1\" \/>\n<link rel=\"canonical\" href=\"https:\/\/psystemsrl.it\/fr\/prodotto\/lignes-de-production-de-granules-modulaires-et-personnalisees\/\" \/>\n<meta property=\"og:locale\" content=\"fr_FR\" \/>\n<meta property=\"og:type\" content=\"article\" \/>\n<meta property=\"og:title\" content=\"Lignes de production de granul\u00e9s modulaires et personnalis\u00e9es - P System Automazione\" \/>\n<meta property=\"og:description\" content=\"Syst\u00e8me hydraulique exclusif de granulation et de s\u00e9chage Des copeaux \u00e0 l&#8217;emballage, un seul fournisseur ! R\u00e9duction des temps d&rsquo;arr\u00eat [&hellip;]\" \/>\n<meta property=\"og:url\" content=\"https:\/\/psystemsrl.it\/fr\/prodotto\/lignes-de-production-de-granules-modulaires-et-personnalisees\/\" \/>\n<meta property=\"og:site_name\" content=\"P System Automazione\" \/>\n<meta property=\"og:image\" content=\"https:\/\/psystemsrl.it\/wp-content\/uploads\/2024\/08\/linee-complete-per-produzione-pellet-2.jpg\" \/>\n\t<meta property=\"og:image:width\" content=\"1280\" \/>\n\t<meta property=\"og:image:height\" content=\"1024\" \/>\n\t<meta property=\"og:image:type\" content=\"image\/jpeg\" \/>\n<meta name=\"twitter:card\" content=\"summary_large_image\" \/>\n<script type=\"application\/ld+json\" class=\"yoast-schema-graph\">{\"@context\":\"https:\/\/schema.org\",\"@graph\":[{\"@type\":\"WebPage\",\"@id\":\"https:\/\/psystemsrl.it\/fr\/prodotto\/lignes-de-production-de-granules-modulaires-et-personnalisees\/\",\"url\":\"https:\/\/psystemsrl.it\/fr\/prodotto\/lignes-de-production-de-granules-modulaires-et-personnalisees\/\",\"name\":\"Lignes de production de granul\u00e9s modulaires et personnalis\u00e9es - P System Automazione\",\"isPartOf\":{\"@id\":\"https:\/\/psystemsrl.it\/fr\/#website\"},\"primaryImageOfPage\":{\"@id\":\"https:\/\/psystemsrl.it\/fr\/prodotto\/lignes-de-production-de-granules-modulaires-et-personnalisees\/#primaryimage\"},\"image\":{\"@id\":\"https:\/\/psystemsrl.it\/fr\/prodotto\/lignes-de-production-de-granules-modulaires-et-personnalisees\/#primaryimage\"},\"thumbnailUrl\":\"https:\/\/psystemsrl.it\/wp-content\/uploads\/2024\/08\/linee-complete-per-produzione-pellet-2.jpg\",\"datePublished\":\"2024-08-19T09:19:03+00:00\",\"dateModified\":\"2024-08-19T09:19:03+00:00\",\"breadcrumb\":{\"@id\":\"https:\/\/psystemsrl.it\/fr\/prodotto\/lignes-de-production-de-granules-modulaires-et-personnalisees\/#breadcrumb\"},\"inLanguage\":\"fr-FR\",\"potentialAction\":[{\"@type\":\"ReadAction\",\"target\":[\"https:\/\/psystemsrl.it\/fr\/prodotto\/lignes-de-production-de-granules-modulaires-et-personnalisees\/\"]}]},{\"@type\":\"ImageObject\",\"inLanguage\":\"fr-FR\",\"@id\":\"https:\/\/psystemsrl.it\/fr\/prodotto\/lignes-de-production-de-granules-modulaires-et-personnalisees\/#primaryimage\",\"url\":\"https:\/\/psystemsrl.it\/wp-content\/uploads\/2024\/08\/linee-complete-per-produzione-pellet-2.jpg\",\"contentUrl\":\"https:\/\/psystemsrl.it\/wp-content\/uploads\/2024\/08\/linee-complete-per-produzione-pellet-2.jpg\",\"width\":1280,\"height\":1024},{\"@type\":\"BreadcrumbList\",\"@id\":\"https:\/\/psystemsrl.it\/fr\/prodotto\/lignes-de-production-de-granules-modulaires-et-personnalisees\/#breadcrumb\",\"itemListElement\":[{\"@type\":\"ListItem\",\"position\":1,\"name\":\"Home\",\"item\":\"https:\/\/psystemsrl.it\/fr\/page-daccueil\/\"},{\"@type\":\"ListItem\",\"position\":2,\"name\":\"Boutique\",\"item\":\"https:\/\/psystemsrl.it\/fr\/boutique\/\"},{\"@type\":\"ListItem\",\"position\":3,\"name\":\"Lignes de production de granul\u00e9s modulaires et personnalis\u00e9es\"}]},{\"@type\":\"WebSite\",\"@id\":\"https:\/\/psystemsrl.it\/fr\/#website\",\"url\":\"https:\/\/psystemsrl.it\/fr\/\",\"name\":\"P System Automazione\",\"description\":\"\",\"publisher\":{\"@id\":\"https:\/\/psystemsrl.it\/fr\/#organization\"},\"potentialAction\":[{\"@type\":\"SearchAction\",\"target\":{\"@type\":\"EntryPoint\",\"urlTemplate\":\"https:\/\/psystemsrl.it\/fr\/?s={search_term_string}\"},\"query-input\":{\"@type\":\"PropertyValueSpecification\",\"valueRequired\":true,\"valueName\":\"search_term_string\"}}],\"inLanguage\":\"fr-FR\"},{\"@type\":\"Organization\",\"@id\":\"https:\/\/psystemsrl.it\/fr\/#organization\",\"name\":\"P System Automazione\",\"url\":\"https:\/\/psystemsrl.it\/fr\/\",\"logo\":{\"@type\":\"ImageObject\",\"inLanguage\":\"fr-FR\",\"@id\":\"https:\/\/psystemsrl.it\/fr\/#\/schema\/logo\/image\/\",\"url\":\"https:\/\/psystemsrl.it\/wp-content\/uploads\/2024\/08\/logo_psystem_def.png\",\"contentUrl\":\"https:\/\/psystemsrl.it\/wp-content\/uploads\/2024\/08\/logo_psystem_def.png\",\"width\":183,\"height\":54,\"caption\":\"P System Automazione\"},\"image\":{\"@id\":\"https:\/\/psystemsrl.it\/fr\/#\/schema\/logo\/image\/\"}}]}<\/script>\n<!-- \/ Yoast SEO plugin. -->","yoast_head_json":{"title":"Lignes de production de granul\u00e9s modulaires et personnalis\u00e9es - P System Automazione","robots":{"index":"index","follow":"follow","max-snippet":"max-snippet:-1","max-image-preview":"max-image-preview:large","max-video-preview":"max-video-preview:-1"},"canonical":"https:\/\/psystemsrl.it\/fr\/prodotto\/lignes-de-production-de-granules-modulaires-et-personnalisees\/","og_locale":"fr_FR","og_type":"article","og_title":"Lignes de production de granul\u00e9s modulaires et personnalis\u00e9es - P System Automazione","og_description":"Syst\u00e8me hydraulique exclusif de granulation et de s\u00e9chage Des copeaux \u00e0 l&#8217;emballage, un seul fournisseur ! R\u00e9duction des temps d&rsquo;arr\u00eat [&hellip;]","og_url":"https:\/\/psystemsrl.it\/fr\/prodotto\/lignes-de-production-de-granules-modulaires-et-personnalisees\/","og_site_name":"P System Automazione","og_image":[{"width":1280,"height":1024,"url":"https:\/\/psystemsrl.it\/wp-content\/uploads\/2024\/08\/linee-complete-per-produzione-pellet-2.jpg","type":"image\/jpeg"}],"twitter_card":"summary_large_image","schema":{"@context":"https:\/\/schema.org","@graph":[{"@type":"WebPage","@id":"https:\/\/psystemsrl.it\/fr\/prodotto\/lignes-de-production-de-granules-modulaires-et-personnalisees\/","url":"https:\/\/psystemsrl.it\/fr\/prodotto\/lignes-de-production-de-granules-modulaires-et-personnalisees\/","name":"Lignes de production de granul\u00e9s modulaires et personnalis\u00e9es - P System Automazione","isPartOf":{"@id":"https:\/\/psystemsrl.it\/fr\/#website"},"primaryImageOfPage":{"@id":"https:\/\/psystemsrl.it\/fr\/prodotto\/lignes-de-production-de-granules-modulaires-et-personnalisees\/#primaryimage"},"image":{"@id":"https:\/\/psystemsrl.it\/fr\/prodotto\/lignes-de-production-de-granules-modulaires-et-personnalisees\/#primaryimage"},"thumbnailUrl":"https:\/\/psystemsrl.it\/wp-content\/uploads\/2024\/08\/linee-complete-per-produzione-pellet-2.jpg","datePublished":"2024-08-19T09:19:03+00:00","dateModified":"2024-08-19T09:19:03+00:00","breadcrumb":{"@id":"https:\/\/psystemsrl.it\/fr\/prodotto\/lignes-de-production-de-granules-modulaires-et-personnalisees\/#breadcrumb"},"inLanguage":"fr-FR","potentialAction":[{"@type":"ReadAction","target":["https:\/\/psystemsrl.it\/fr\/prodotto\/lignes-de-production-de-granules-modulaires-et-personnalisees\/"]}]},{"@type":"ImageObject","inLanguage":"fr-FR","@id":"https:\/\/psystemsrl.it\/fr\/prodotto\/lignes-de-production-de-granules-modulaires-et-personnalisees\/#primaryimage","url":"https:\/\/psystemsrl.it\/wp-content\/uploads\/2024\/08\/linee-complete-per-produzione-pellet-2.jpg","contentUrl":"https:\/\/psystemsrl.it\/wp-content\/uploads\/2024\/08\/linee-complete-per-produzione-pellet-2.jpg","width":1280,"height":1024},{"@type":"BreadcrumbList","@id":"https:\/\/psystemsrl.it\/fr\/prodotto\/lignes-de-production-de-granules-modulaires-et-personnalisees\/#breadcrumb","itemListElement":[{"@type":"ListItem","position":1,"name":"Home","item":"https:\/\/psystemsrl.it\/fr\/page-daccueil\/"},{"@type":"ListItem","position":2,"name":"Boutique","item":"https:\/\/psystemsrl.it\/fr\/boutique\/"},{"@type":"ListItem","position":3,"name":"Lignes de production de granul\u00e9s modulaires et personnalis\u00e9es"}]},{"@type":"WebSite","@id":"https:\/\/psystemsrl.it\/fr\/#website","url":"https:\/\/psystemsrl.it\/fr\/","name":"P System Automazione","description":"","publisher":{"@id":"https:\/\/psystemsrl.it\/fr\/#organization"},"potentialAction":[{"@type":"SearchAction","target":{"@type":"EntryPoint","urlTemplate":"https:\/\/psystemsrl.it\/fr\/?s={search_term_string}"},"query-input":{"@type":"PropertyValueSpecification","valueRequired":true,"valueName":"search_term_string"}}],"inLanguage":"fr-FR"},{"@type":"Organization","@id":"https:\/\/psystemsrl.it\/fr\/#organization","name":"P System Automazione","url":"https:\/\/psystemsrl.it\/fr\/","logo":{"@type":"ImageObject","inLanguage":"fr-FR","@id":"https:\/\/psystemsrl.it\/fr\/#\/schema\/logo\/image\/","url":"https:\/\/psystemsrl.it\/wp-content\/uploads\/2024\/08\/logo_psystem_def.png","contentUrl":"https:\/\/psystemsrl.it\/wp-content\/uploads\/2024\/08\/logo_psystem_def.png","width":183,"height":54,"caption":"P System Automazione"},"image":{"@id":"https:\/\/psystemsrl.it\/fr\/#\/schema\/logo\/image\/"}}]}},"_links":{"self":[{"href":"https:\/\/psystemsrl.it\/fr\/wp-json\/wp\/v2\/product\/2391","targetHints":{"allow":["GET"]}}],"collection":[{"href":"https:\/\/psystemsrl.it\/fr\/wp-json\/wp\/v2\/product"}],"about":[{"href":"https:\/\/psystemsrl.it\/fr\/wp-json\/wp\/v2\/types\/product"}],"replies":[{"embeddable":true,"href":"https:\/\/psystemsrl.it\/fr\/wp-json\/wp\/v2\/comments?post=2391"}],"wp:featuredmedia":[{"embeddable":true,"href":"https:\/\/psystemsrl.it\/fr\/wp-json\/wp\/v2\/media\/1785"}],"wp:attachment":[{"href":"https:\/\/psystemsrl.it\/fr\/wp-json\/wp\/v2\/media?parent=2391"}],"wp:term":[{"taxonomy":"product_cat","embeddable":true,"href":"https:\/\/psystemsrl.it\/fr\/wp-json\/wp\/v2\/product_cat?post=2391"},{"taxonomy":"product_tag","embeddable":true,"href":"https:\/\/psystemsrl.it\/fr\/wp-json\/wp\/v2\/product_tag?post=2391"}],"curies":[{"name":"wp","href":"https:\/\/api.w.org\/{rel}","templated":true}]}}