{"id":2367,"date":"2024-08-19T09:42:46","date_gmt":"2024-08-19T09:42:46","guid":{"rendered":"https:\/\/psystemsrl.it\/prodotto\/pelletiseur-p300-7-l-30-kw\/"},"modified":"2024-08-19T09:42:46","modified_gmt":"2024-08-19T09:42:46","slug":"pelletiseur-p300-7-l-30-kw","status":"publish","type":"product","link":"https:\/\/psystemsrl.it\/fr\/prodotto\/pelletiseur-p300-7-l-30-kw\/","title":{"rendered":"Pelletiseur P300-7 L 30 Kw"},"content":{"rendered":"<h4><strong>Donn\u00e9es techniques<\/strong><\/h4>\n<p><strong>DIMENSIONS : <\/strong><span style=\"font-size: 16px; font-style: normal; font-weight: 400;\">(mm) 1.700&#215;1.100&#215;1.550<\/span><strong>HPESO : <\/strong><span style=\"font-size: 16px; font-style: normal; font-weight: 400;\">(Kg) approx. 1.400POWER<\/span><strong>TRAFILE <\/strong><span style=\"font-size: 16px; font-style: normal; font-weight: 400;\"> MOTOR<\/span><strong>: <\/strong><span style=\"font-size: 16px; font-style: normal; font-weight: 400;\">30 KwPRODUCTION<\/span><strong>: <\/strong><span style=\"font-size: 16px; font-style: normal; font-weight: 400;\">500* KG\/H MAX<\/span> *sciage de conif\u00e8res min 10% max 15% humidit\u00e9<\/p>\n","protected":false},"excerpt":{"rendered":"<p>Le syst\u00e8me est compos\u00e9 comme suit : No. 01 Vis de chargement du raffineur avec commande et r\u00e9gulation hydraulique.<br \/>\nALTERNATIVE : Vanne en \u00e9toile \u00e0 commande et r\u00e9gulation ol\u00e9odynamique, construite en t\u00f4le d&rsquo;acier soud\u00e9e puis galvanis\u00e9e, avec rotor en t\u00f4le d&rsquo;acier avec parties terminales en caoutchouc toil\u00e9 facilement rempla\u00e7ables, \u00e9quip\u00e9e d&rsquo;un moteur \u00e0 engrenages.<br \/>\nN. 01 Affineur P400R pour l&rsquo;affinage automatique des copeaux \u00e0 travers une surface perfor\u00e9e cylindrique fixe, marteaux oscillants et rotatifs interchangeables N. 01 Ventilateur centrifuge \u00e0 haut rendement \u00e9quilibr\u00e9 dynamiquement et tournant sur des supports\/roulements.<br \/>\nKit de tuyaux pour cyclone, comprenant : tuyaux flexibles en polyur\u00e9thane avec spirale de renforcement en acier phosphat\u00e9 incorpor\u00e9e, excellente r\u00e9sistance \u00e0 l&rsquo;abrasion, tuyaux rigides en t\u00f4le galvanis\u00e9e, coudes rigides en t\u00f4le galvanis\u00e9e, colliers en t\u00f4le galvanis\u00e9e emboutie, colliers en acier inoxydable INOX 304 avec serrure \u00e0 tournevis.<br \/>\nNo. 01 Cyclone a\u00e9rien en t\u00f4le galvanis\u00e9e, compos\u00e9 d&rsquo;un cylindre ext\u00e9rieur et d&rsquo;un contre-cylindre int\u00e9rieur.<br \/>\nFonctionnement : les poudres entrent par l&rsquo;entr\u00e9e lat\u00e9rale, sont cyclon\u00e9es en pr\u00e9cipitant les parties lourdes vers le bas, en les \u00e9vacuant par l&rsquo;entr\u00e9e circulaire inf\u00e9rieure, l&rsquo;air est expuls\u00e9 par le tuyau sup\u00e9rieur dans l&rsquo;atmosph\u00e8re.<br \/>\nN. 01 Pelletiseur P300-L-30 Kw complet avec :        <\/p>\n<ul>\n<li>vis de chargement du mat\u00e9riau avec sondes de niveau minimum et maximum et trappe d&rsquo;inspection<\/li>\n<li>r\u00e9servoir d&rsquo;huile pour le nettoyage automatique des fili\u00e8res<\/li>\n<li>vis d&rsquo;alimentation en mat\u00e9riau dans le tiroir<\/li>\n<li>N.01<br \/>\nMatrice verticale avec N.01<br \/>\nRouleau  <\/li>\n<li>kit anti-condensation, kit valve d&rsquo;exclusion, kit d&rsquo;humidification<\/li>\n<li>Connexion t\u00e9l\u00e9phonique par Internet pour le contr\u00f4le et l&rsquo;assistance<\/li>\n<li>kit de refroidissement pour le lavage des rouleaux<\/li>\n<li>sonde pour la lecture des valeurs d&rsquo;humidit\u00e9 des mat\u00e9riaux<\/li>\n<\/ul>\n<p>  N. 01 Vis d&rsquo;\u00e9vacuation \u00e0 commande et r\u00e9gulation ol\u00e9ohydrauliques pour le refroidissement et le d\u00e9poussi\u00e9rage des granul\u00e9s, avec raccords de tuyauterie pour l&rsquo;aspiration de l&rsquo;exc\u00e9dent de poussi\u00e8re N. 01 Kit de rouleaux de rechange<\/p>\n","protected":false},"featured_media":1765,"comment_status":"open","ping_status":"closed","template":"","meta":{"site-sidebar-layout":"default","site-content-layout":"","ast-site-content-layout":"default","site-content-style":"default","site-sidebar-style":"default","ast-global-header-display":"","ast-banner-title-visibility":"","ast-main-header-display":"","ast-hfb-above-header-display":"","ast-hfb-below-header-display":"","ast-hfb-mobile-header-display":"","site-post-title":"","ast-breadcrumbs-content":"","ast-featured-img":"","footer-sml-layout":"","theme-transparent-header-meta":"default","adv-header-id-meta":"","stick-header-meta":"","header-above-stick-meta":"","header-main-stick-meta":"","header-below-stick-meta":"","astra-migrate-meta-layouts":"default","ast-page-background-enabled":"default","ast-page-background-meta":{"desktop":{"background-color":"var(--ast-global-color-4)","background-image":"","background-repeat":"repeat","background-position":"center center","background-size":"auto","background-attachment":"scroll","background-type":"","background-media":"","overlay-type":"","overlay-color":"","overlay-opacity":"","overlay-gradient":""},"tablet":{"background-color":"","background-image":"","background-repeat":"repeat","background-position":"center center","background-size":"auto","background-attachment":"scroll","background-type":"","background-media":"","overlay-type":"","overlay-color":"","overlay-opacity":"","overlay-gradient":""},"mobile":{"background-color":"","background-image":"","background-repeat":"repeat","background-position":"center center","background-size":"auto","background-attachment":"scroll","background-type":"","background-media":"","overlay-type":"","overlay-color":"","overlay-opacity":"","overlay-gradient":""}},"ast-content-background-meta":{"desktop":{"background-color":"var(--ast-global-color-5)","background-image":"","background-repeat":"repeat","background-position":"center center","background-size":"auto","background-attachment":"scroll","background-type":"","background-media":"","overlay-type":"","overlay-color":"","overlay-opacity":"","overlay-gradient":""},"tablet":{"background-color":"var(--ast-global-color-5)","background-image":"","background-repeat":"repeat","background-position":"center center","background-size":"auto","background-attachment":"scroll","background-type":"","background-media":"","overlay-type":"","overlay-color":"","overlay-opacity":"","overlay-gradient":""},"mobile":{"background-color":"var(--ast-global-color-5)","background-image":"","background-repeat":"repeat","background-position":"center center","background-size":"auto","background-attachment":"scroll","background-type":"","background-media":"","overlay-type":"","overlay-color":"","overlay-opacity":"","overlay-gradient":""}}},"product_cat":[52,44],"product_tag":[],"class_list":{"0":"post-2367","1":"product","2":"type-product","3":"status-publish","4":"has-post-thumbnail","6":"product_cat-lignes-completes-de-granulation","7":"product_cat-tout-afficher","8":"desktop-align-left","9":"tablet-align-left","10":"mobile-align-left","12":"first","13":"instock","14":"shipping-taxable","15":"product-type-external"},"yoast_head":"<!-- This site is optimized with the Yoast SEO plugin v23.4 - https:\/\/yoast.com\/wordpress\/plugins\/seo\/ -->\n<title>Pelletiseur P300-7 L 30 Kw - P System Automazione<\/title>\n<meta name=\"robots\" content=\"index, follow, max-snippet:-1, max-image-preview:large, max-video-preview:-1\" \/>\n<link rel=\"canonical\" href=\"https:\/\/psystemsrl.it\/fr\/prodotto\/pelletiseur-p300-7-l-30-kw\/\" \/>\n<meta property=\"og:locale\" content=\"fr_FR\" \/>\n<meta property=\"og:type\" content=\"article\" \/>\n<meta property=\"og:title\" content=\"Pelletiseur P300-7 L 30 Kw - P System Automazione\" \/>\n<meta property=\"og:description\" content=\"Le syst\u00e8me est compos\u00e9 comme suit : No. 01 Vis de chargement du raffineur avec commande et r\u00e9gulation hydraulique. ALTERNATIVE : Vanne en \u00e9toile \u00e0 commande et r\u00e9gulation ol\u00e9odynamique, construite en t\u00f4le d&#039;acier soud\u00e9e puis galvanis\u00e9e, avec rotor en t\u00f4le d&#039;acier avec parties terminales en caoutchouc toil\u00e9 facilement rempla\u00e7ables, \u00e9quip\u00e9e d&#039;un moteur \u00e0 engrenages. N. 01 Affineur P400R pour l&#039;affinage automatique des copeaux \u00e0 travers une surface perfor\u00e9e cylindrique fixe, marteaux oscillants et rotatifs interchangeables N. 01 Ventilateur centrifuge \u00e0 haut rendement \u00e9quilibr\u00e9 dynamiquement et tournant sur des supports\/roulements. Kit de tuyaux pour cyclone, comprenant : tuyaux flexibles en polyur\u00e9thane avec spirale de renforcement en acier phosphat\u00e9 incorpor\u00e9e, excellente r\u00e9sistance \u00e0 l&#039;abrasion, tuyaux rigides en t\u00f4le galvanis\u00e9e, coudes rigides en t\u00f4le galvanis\u00e9e, colliers en t\u00f4le galvanis\u00e9e emboutie, colliers en acier inoxydable INOX 304 avec serrure \u00e0 tournevis. No. 01 Cyclone a\u00e9rien en t\u00f4le galvanis\u00e9e, compos\u00e9 d&#039;un cylindre ext\u00e9rieur et d&#039;un contre-cylindre int\u00e9rieur. Fonctionnement : les poudres entrent par l&#039;entr\u00e9e lat\u00e9rale, sont cyclon\u00e9es en pr\u00e9cipitant les parties lourdes vers le bas, en les \u00e9vacuant par l&#039;entr\u00e9e circulaire inf\u00e9rieure, l&#039;air est expuls\u00e9 par le tuyau sup\u00e9rieur dans l&#039;atmosph\u00e8re. N. 01 Pelletiseur P300-L-30 Kw complet avec :      vis de chargement du mat\u00e9riau avec sondes de niveau minimum et maximum et trappe d&#039;inspection  r\u00e9servoir d&#039;huile pour le nettoyage automatique des fili\u00e8res  vis d&#039;alimentation en mat\u00e9riau dans le tiroir  N.01 Matrice verticale avec N.01 Rouleau   kit anti-condensation, kit valve d&#039;exclusion, kit d&#039;humidification  Connexion t\u00e9l\u00e9phonique par Internet pour le contr\u00f4le et l&#039;assistance  kit de refroidissement pour le lavage des rouleaux  sonde pour la lecture des valeurs d&#039;humidit\u00e9 des mat\u00e9riaux  N. 01 Vis d&#039;\u00e9vacuation \u00e0 commande et r\u00e9gulation ol\u00e9ohydrauliques pour le refroidissement et le d\u00e9poussi\u00e9rage des granul\u00e9s, avec raccords de tuyauterie pour l&#039;aspiration de l&#039;exc\u00e9dent de poussi\u00e8re N. 01 Kit de rouleaux de rechange\" \/>\n<meta property=\"og:url\" content=\"https:\/\/psystemsrl.it\/fr\/prodotto\/pelletiseur-p300-7-l-30-kw\/\" \/>\n<meta property=\"og:site_name\" content=\"P System Automazione\" \/>\n<meta property=\"og:image\" content=\"https:\/\/psystemsrl.it\/wp-content\/uploads\/2024\/08\/20150924_095135_2-1.jpg\" \/>\n\t<meta property=\"og:image:width\" content=\"1900\" \/>\n\t<meta property=\"og:image:height\" content=\"1672\" \/>\n\t<meta property=\"og:image:type\" content=\"image\/jpeg\" \/>\n<meta name=\"twitter:card\" content=\"summary_large_image\" \/>\n<script type=\"application\/ld+json\" class=\"yoast-schema-graph\">{\"@context\":\"https:\/\/schema.org\",\"@graph\":[{\"@type\":\"WebPage\",\"@id\":\"https:\/\/psystemsrl.it\/fr\/prodotto\/pelletiseur-p300-7-l-30-kw\/\",\"url\":\"https:\/\/psystemsrl.it\/fr\/prodotto\/pelletiseur-p300-7-l-30-kw\/\",\"name\":\"Pelletiseur P300-7 L 30 Kw - P System Automazione\",\"isPartOf\":{\"@id\":\"https:\/\/psystemsrl.it\/fr\/#website\"},\"primaryImageOfPage\":{\"@id\":\"https:\/\/psystemsrl.it\/fr\/prodotto\/pelletiseur-p300-7-l-30-kw\/#primaryimage\"},\"image\":{\"@id\":\"https:\/\/psystemsrl.it\/fr\/prodotto\/pelletiseur-p300-7-l-30-kw\/#primaryimage\"},\"thumbnailUrl\":\"https:\/\/psystemsrl.it\/wp-content\/uploads\/2024\/08\/20150924_095135_2-1.jpg\",\"datePublished\":\"2024-08-19T09:42:46+00:00\",\"dateModified\":\"2024-08-19T09:42:46+00:00\",\"breadcrumb\":{\"@id\":\"https:\/\/psystemsrl.it\/fr\/prodotto\/pelletiseur-p300-7-l-30-kw\/#breadcrumb\"},\"inLanguage\":\"fr-FR\",\"potentialAction\":[{\"@type\":\"ReadAction\",\"target\":[\"https:\/\/psystemsrl.it\/fr\/prodotto\/pelletiseur-p300-7-l-30-kw\/\"]}]},{\"@type\":\"ImageObject\",\"inLanguage\":\"fr-FR\",\"@id\":\"https:\/\/psystemsrl.it\/fr\/prodotto\/pelletiseur-p300-7-l-30-kw\/#primaryimage\",\"url\":\"https:\/\/psystemsrl.it\/wp-content\/uploads\/2024\/08\/20150924_095135_2-1.jpg\",\"contentUrl\":\"https:\/\/psystemsrl.it\/wp-content\/uploads\/2024\/08\/20150924_095135_2-1.jpg\",\"width\":1900,\"height\":1672},{\"@type\":\"BreadcrumbList\",\"@id\":\"https:\/\/psystemsrl.it\/fr\/prodotto\/pelletiseur-p300-7-l-30-kw\/#breadcrumb\",\"itemListElement\":[{\"@type\":\"ListItem\",\"position\":1,\"name\":\"Home\",\"item\":\"https:\/\/psystemsrl.it\/fr\/page-daccueil\/\"},{\"@type\":\"ListItem\",\"position\":2,\"name\":\"Boutique\",\"item\":\"https:\/\/psystemsrl.it\/fr\/boutique\/\"},{\"@type\":\"ListItem\",\"position\":3,\"name\":\"Pelletiseur P300-7 L 30 Kw\"}]},{\"@type\":\"WebSite\",\"@id\":\"https:\/\/psystemsrl.it\/fr\/#website\",\"url\":\"https:\/\/psystemsrl.it\/fr\/\",\"name\":\"P System Automazione\",\"description\":\"\",\"publisher\":{\"@id\":\"https:\/\/psystemsrl.it\/fr\/#organization\"},\"potentialAction\":[{\"@type\":\"SearchAction\",\"target\":{\"@type\":\"EntryPoint\",\"urlTemplate\":\"https:\/\/psystemsrl.it\/fr\/?s={search_term_string}\"},\"query-input\":{\"@type\":\"PropertyValueSpecification\",\"valueRequired\":true,\"valueName\":\"search_term_string\"}}],\"inLanguage\":\"fr-FR\"},{\"@type\":\"Organization\",\"@id\":\"https:\/\/psystemsrl.it\/fr\/#organization\",\"name\":\"P System Automazione\",\"url\":\"https:\/\/psystemsrl.it\/fr\/\",\"logo\":{\"@type\":\"ImageObject\",\"inLanguage\":\"fr-FR\",\"@id\":\"https:\/\/psystemsrl.it\/fr\/#\/schema\/logo\/image\/\",\"url\":\"https:\/\/psystemsrl.it\/wp-content\/uploads\/2024\/08\/logo_psystem_def.png\",\"contentUrl\":\"https:\/\/psystemsrl.it\/wp-content\/uploads\/2024\/08\/logo_psystem_def.png\",\"width\":183,\"height\":54,\"caption\":\"P System Automazione\"},\"image\":{\"@id\":\"https:\/\/psystemsrl.it\/fr\/#\/schema\/logo\/image\/\"}}]}<\/script>\n<!-- \/ Yoast SEO plugin. -->","yoast_head_json":{"title":"Pelletiseur P300-7 L 30 Kw - P System Automazione","robots":{"index":"index","follow":"follow","max-snippet":"max-snippet:-1","max-image-preview":"max-image-preview:large","max-video-preview":"max-video-preview:-1"},"canonical":"https:\/\/psystemsrl.it\/fr\/prodotto\/pelletiseur-p300-7-l-30-kw\/","og_locale":"fr_FR","og_type":"article","og_title":"Pelletiseur P300-7 L 30 Kw - P System Automazione","og_description":"Le syst\u00e8me est compos\u00e9 comme suit : No. 01 Vis de chargement du raffineur avec commande et r\u00e9gulation hydraulique. ALTERNATIVE : Vanne en \u00e9toile \u00e0 commande et r\u00e9gulation ol\u00e9odynamique, construite en t\u00f4le d'acier soud\u00e9e puis galvanis\u00e9e, avec rotor en t\u00f4le d'acier avec parties terminales en caoutchouc toil\u00e9 facilement rempla\u00e7ables, \u00e9quip\u00e9e d'un moteur \u00e0 engrenages. N. 01 Affineur P400R pour l'affinage automatique des copeaux \u00e0 travers une surface perfor\u00e9e cylindrique fixe, marteaux oscillants et rotatifs interchangeables N. 01 Ventilateur centrifuge \u00e0 haut rendement \u00e9quilibr\u00e9 dynamiquement et tournant sur des supports\/roulements. Kit de tuyaux pour cyclone, comprenant : tuyaux flexibles en polyur\u00e9thane avec spirale de renforcement en acier phosphat\u00e9 incorpor\u00e9e, excellente r\u00e9sistance \u00e0 l'abrasion, tuyaux rigides en t\u00f4le galvanis\u00e9e, coudes rigides en t\u00f4le galvanis\u00e9e, colliers en t\u00f4le galvanis\u00e9e emboutie, colliers en acier inoxydable INOX 304 avec serrure \u00e0 tournevis. No. 01 Cyclone a\u00e9rien en t\u00f4le galvanis\u00e9e, compos\u00e9 d'un cylindre ext\u00e9rieur et d'un contre-cylindre int\u00e9rieur. Fonctionnement : les poudres entrent par l'entr\u00e9e lat\u00e9rale, sont cyclon\u00e9es en pr\u00e9cipitant les parties lourdes vers le bas, en les \u00e9vacuant par l'entr\u00e9e circulaire inf\u00e9rieure, l'air est expuls\u00e9 par le tuyau sup\u00e9rieur dans l'atmosph\u00e8re. N. 01 Pelletiseur P300-L-30 Kw complet avec :      vis de chargement du mat\u00e9riau avec sondes de niveau minimum et maximum et trappe d'inspection  r\u00e9servoir d'huile pour le nettoyage automatique des fili\u00e8res  vis d'alimentation en mat\u00e9riau dans le tiroir  N.01 Matrice verticale avec N.01 Rouleau   kit anti-condensation, kit valve d'exclusion, kit d'humidification  Connexion t\u00e9l\u00e9phonique par Internet pour le contr\u00f4le et l'assistance  kit de refroidissement pour le lavage des rouleaux  sonde pour la lecture des valeurs d'humidit\u00e9 des mat\u00e9riaux  N. 01 Vis d'\u00e9vacuation \u00e0 commande et r\u00e9gulation ol\u00e9ohydrauliques pour le refroidissement et le d\u00e9poussi\u00e9rage des granul\u00e9s, avec raccords de tuyauterie pour l'aspiration de l'exc\u00e9dent de poussi\u00e8re N. 01 Kit de rouleaux de rechange","og_url":"https:\/\/psystemsrl.it\/fr\/prodotto\/pelletiseur-p300-7-l-30-kw\/","og_site_name":"P System Automazione","og_image":[{"width":1900,"height":1672,"url":"https:\/\/psystemsrl.it\/wp-content\/uploads\/2024\/08\/20150924_095135_2-1.jpg","type":"image\/jpeg"}],"twitter_card":"summary_large_image","schema":{"@context":"https:\/\/schema.org","@graph":[{"@type":"WebPage","@id":"https:\/\/psystemsrl.it\/fr\/prodotto\/pelletiseur-p300-7-l-30-kw\/","url":"https:\/\/psystemsrl.it\/fr\/prodotto\/pelletiseur-p300-7-l-30-kw\/","name":"Pelletiseur P300-7 L 30 Kw - P System Automazione","isPartOf":{"@id":"https:\/\/psystemsrl.it\/fr\/#website"},"primaryImageOfPage":{"@id":"https:\/\/psystemsrl.it\/fr\/prodotto\/pelletiseur-p300-7-l-30-kw\/#primaryimage"},"image":{"@id":"https:\/\/psystemsrl.it\/fr\/prodotto\/pelletiseur-p300-7-l-30-kw\/#primaryimage"},"thumbnailUrl":"https:\/\/psystemsrl.it\/wp-content\/uploads\/2024\/08\/20150924_095135_2-1.jpg","datePublished":"2024-08-19T09:42:46+00:00","dateModified":"2024-08-19T09:42:46+00:00","breadcrumb":{"@id":"https:\/\/psystemsrl.it\/fr\/prodotto\/pelletiseur-p300-7-l-30-kw\/#breadcrumb"},"inLanguage":"fr-FR","potentialAction":[{"@type":"ReadAction","target":["https:\/\/psystemsrl.it\/fr\/prodotto\/pelletiseur-p300-7-l-30-kw\/"]}]},{"@type":"ImageObject","inLanguage":"fr-FR","@id":"https:\/\/psystemsrl.it\/fr\/prodotto\/pelletiseur-p300-7-l-30-kw\/#primaryimage","url":"https:\/\/psystemsrl.it\/wp-content\/uploads\/2024\/08\/20150924_095135_2-1.jpg","contentUrl":"https:\/\/psystemsrl.it\/wp-content\/uploads\/2024\/08\/20150924_095135_2-1.jpg","width":1900,"height":1672},{"@type":"BreadcrumbList","@id":"https:\/\/psystemsrl.it\/fr\/prodotto\/pelletiseur-p300-7-l-30-kw\/#breadcrumb","itemListElement":[{"@type":"ListItem","position":1,"name":"Home","item":"https:\/\/psystemsrl.it\/fr\/page-daccueil\/"},{"@type":"ListItem","position":2,"name":"Boutique","item":"https:\/\/psystemsrl.it\/fr\/boutique\/"},{"@type":"ListItem","position":3,"name":"Pelletiseur P300-7 L 30 Kw"}]},{"@type":"WebSite","@id":"https:\/\/psystemsrl.it\/fr\/#website","url":"https:\/\/psystemsrl.it\/fr\/","name":"P System Automazione","description":"","publisher":{"@id":"https:\/\/psystemsrl.it\/fr\/#organization"},"potentialAction":[{"@type":"SearchAction","target":{"@type":"EntryPoint","urlTemplate":"https:\/\/psystemsrl.it\/fr\/?s={search_term_string}"},"query-input":{"@type":"PropertyValueSpecification","valueRequired":true,"valueName":"search_term_string"}}],"inLanguage":"fr-FR"},{"@type":"Organization","@id":"https:\/\/psystemsrl.it\/fr\/#organization","name":"P System Automazione","url":"https:\/\/psystemsrl.it\/fr\/","logo":{"@type":"ImageObject","inLanguage":"fr-FR","@id":"https:\/\/psystemsrl.it\/fr\/#\/schema\/logo\/image\/","url":"https:\/\/psystemsrl.it\/wp-content\/uploads\/2024\/08\/logo_psystem_def.png","contentUrl":"https:\/\/psystemsrl.it\/wp-content\/uploads\/2024\/08\/logo_psystem_def.png","width":183,"height":54,"caption":"P System Automazione"},"image":{"@id":"https:\/\/psystemsrl.it\/fr\/#\/schema\/logo\/image\/"}}]}},"_links":{"self":[{"href":"https:\/\/psystemsrl.it\/fr\/wp-json\/wp\/v2\/product\/2367","targetHints":{"allow":["GET"]}}],"collection":[{"href":"https:\/\/psystemsrl.it\/fr\/wp-json\/wp\/v2\/product"}],"about":[{"href":"https:\/\/psystemsrl.it\/fr\/wp-json\/wp\/v2\/types\/product"}],"replies":[{"embeddable":true,"href":"https:\/\/psystemsrl.it\/fr\/wp-json\/wp\/v2\/comments?post=2367"}],"wp:featuredmedia":[{"embeddable":true,"href":"https:\/\/psystemsrl.it\/fr\/wp-json\/wp\/v2\/media\/1765"}],"wp:attachment":[{"href":"https:\/\/psystemsrl.it\/fr\/wp-json\/wp\/v2\/media?parent=2367"}],"wp:term":[{"taxonomy":"product_cat","embeddable":true,"href":"https:\/\/psystemsrl.it\/fr\/wp-json\/wp\/v2\/product_cat?post=2367"},{"taxonomy":"product_tag","embeddable":true,"href":"https:\/\/psystemsrl.it\/fr\/wp-json\/wp\/v2\/product_tag?post=2367"}],"curies":[{"name":"wp","href":"https:\/\/api.w.org\/{rel}","templated":true}]}}