{"id":2355,"date":"2024-08-19T09:54:25","date_gmt":"2024-08-19T09:54:25","guid":{"rendered":"https:\/\/psystemsrl.it\/prodotto\/pelletiseur-p500-7-ls-55-kw\/"},"modified":"2024-08-19T09:54:25","modified_gmt":"2024-08-19T09:54:25","slug":"pelletiseur-p500-7-ls-55-kw","status":"publish","type":"product","link":"https:\/\/psystemsrl.it\/fr\/prodotto\/pelletiseur-p500-7-ls-55-kw\/","title":{"rendered":"Pelletiseur P500-7 LS 55 Kw"},"content":{"rendered":"<h4><strong>Donn\u00e9es techniques<\/strong><\/h4>\n<p><strong>DIMENSIONS : <\/strong>(mm) 1 700\u00d71 100\u00d71 550 H<br \/>\n<strong>POIDS : <\/strong>(Kg) environ 2 400<br \/>\n<strong>MOTEUR DE TRAFIC : <\/strong>55 Kw<br \/>\n<strong>PRODUCTION : <\/strong>900* KG\/H MAX *sciage de conif\u00e8res min 10% max 15% d&rsquo;humidit\u00e9<\/p>\n","protected":false},"excerpt":{"rendered":"<p>Le syst\u00e8me est compos\u00e9 comme suit : No. 01 Vis de chargement du raffineur avec commande et r\u00e9gulation hydraulique.<br \/>\nALTERNATIVE : Vanne Stellaire \u00e0 commande et r\u00e9gulation ol\u00e9odynamique, construite en t\u00f4le d&rsquo;acier soud\u00e9e puis galvanis\u00e9e, avec rotor en t\u00f4le d&rsquo;acier et pi\u00e8ces terminales en caoutchouc toil\u00e9 facilement rempla\u00e7ables, \u00e9quip\u00e9e d&rsquo;un moteur \u00e0 engrenages.<br \/>\nN. 01 Raffineur P500R pour le raffinage automatique des copeaux \u00e0 travers une surface cylindrique perfor\u00e9e fixe, marteaux oscillants et rotatifs interchangeables N. 01 Ventilateur pour le transport du mat\u00e9riau vers le granulateur N. 01 Kit tube cyclone, compos\u00e9 d&rsquo;un tuyau d&rsquo;aspiration et d&rsquo;un tuyau de refoulement. 01 Kit de tubes pour cyclone, compos\u00e9 de : tubes flexibles en polyur\u00e9thane avec spirale de renforcement en acier phosphat\u00e9 incorpor\u00e9e, excellente r\u00e9sistance \u00e0 l&rsquo;abrasion, tubes rigides en t\u00f4le galvanis\u00e9e, coudes rigides en t\u00f4le galvanis\u00e9e, colliers press\u00e9s en t\u00f4le galvanis\u00e9e, colliers de serrage en acier inoxydable INOX 304 avec verrouillage par tournevis.<br \/>\nNo. 01 Cyclone a\u00e9rien en t\u00f4le galvanis\u00e9e, compos\u00e9 d&rsquo;un cylindre ext\u00e9rieur et d&rsquo;un contre-cylindre int\u00e9rieur.<br \/>\nFonctionnement : les poudres entrent par l&rsquo;entr\u00e9e lat\u00e9rale, sont cyclon\u00e9es en pr\u00e9cipitant les parties lourdes vers le bas, en les \u00e9vacuant par l&rsquo;entr\u00e9e circulaire inf\u00e9rieure, l&rsquo;air est expuls\u00e9 par le tuyau sup\u00e9rieur dans l&rsquo;atmosph\u00e8re.<br \/>\nN. 01 Pelletiseur P500-LS-55 Kw complet avec :       <\/p>\n<ul>\n<li>vis de chargement du mat\u00e9riau avec sondes de niveau minimum et maximum et trappe d&rsquo;inspection<\/li>\n<li>r\u00e9servoir d&rsquo;huile pour le nettoyage automatique des fili\u00e8res<\/li>\n<li>vis d&rsquo;alimentation en mat\u00e9riau dans le tiroir<\/li>\n<li>N.01<br \/>\nMatrice verticale avec N.01<br \/>\nRouleau  <\/li>\n<li>kit anti-condensation<\/li>\n<li>Connexion t\u00e9l\u00e9phonique par Internet pour le contr\u00f4le et l&rsquo;assistance<\/li>\n<\/ul>\n<p>  N. 01 Vis d&rsquo;\u00e9vacuation \u00e0 commande et r\u00e9gulation ol\u00e9ohydrauliques pour le refroidissement et le d\u00e9poussi\u00e9rage des granul\u00e9s, avec raccords de tuyauterie pour l&rsquo;aspiration de l&rsquo;exc\u00e9dent de poussi\u00e8re N. 01 Kit de rouleaux de rechange<\/p>\n","protected":false},"featured_media":1793,"comment_status":"open","ping_status":"closed","template":"","meta":{"site-sidebar-layout":"default","site-content-layout":"","ast-site-content-layout":"default","site-content-style":"default","site-sidebar-style":"default","ast-global-header-display":"","ast-banner-title-visibility":"","ast-main-header-display":"","ast-hfb-above-header-display":"","ast-hfb-below-header-display":"","ast-hfb-mobile-header-display":"","site-post-title":"","ast-breadcrumbs-content":"","ast-featured-img":"","footer-sml-layout":"","theme-transparent-header-meta":"default","adv-header-id-meta":"","stick-header-meta":"","header-above-stick-meta":"","header-main-stick-meta":"","header-below-stick-meta":"","astra-migrate-meta-layouts":"default","ast-page-background-enabled":"default","ast-page-background-meta":{"desktop":{"background-color":"var(--ast-global-color-4)","background-image":"","background-repeat":"repeat","background-position":"center center","background-size":"auto","background-attachment":"scroll","background-type":"","background-media":"","overlay-type":"","overlay-color":"","overlay-opacity":"","overlay-gradient":""},"tablet":{"background-color":"","background-image":"","background-repeat":"repeat","background-position":"center center","background-size":"auto","background-attachment":"scroll","background-type":"","background-media":"","overlay-type":"","overlay-color":"","overlay-opacity":"","overlay-gradient":""},"mobile":{"background-color":"","background-image":"","background-repeat":"repeat","background-position":"center center","background-size":"auto","background-attachment":"scroll","background-type":"","background-media":"","overlay-type":"","overlay-color":"","overlay-opacity":"","overlay-gradient":""}},"ast-content-background-meta":{"desktop":{"background-color":"var(--ast-global-color-5)","background-image":"","background-repeat":"repeat","background-position":"center center","background-size":"auto","background-attachment":"scroll","background-type":"","background-media":"","overlay-type":"","overlay-color":"","overlay-opacity":"","overlay-gradient":""},"tablet":{"background-color":"var(--ast-global-color-5)","background-image":"","background-repeat":"repeat","background-position":"center center","background-size":"auto","background-attachment":"scroll","background-type":"","background-media":"","overlay-type":"","overlay-color":"","overlay-opacity":"","overlay-gradient":""},"mobile":{"background-color":"var(--ast-global-color-5)","background-image":"","background-repeat":"repeat","background-position":"center center","background-size":"auto","background-attachment":"scroll","background-type":"","background-media":"","overlay-type":"","overlay-color":"","overlay-opacity":"","overlay-gradient":""}}},"product_cat":[52,44],"product_tag":[],"class_list":{"0":"post-2355","1":"product","2":"type-product","3":"status-publish","4":"has-post-thumbnail","6":"product_cat-lignes-completes-de-granulation","7":"product_cat-tout-afficher","8":"desktop-align-left","9":"tablet-align-left","10":"mobile-align-left","12":"first","13":"instock","14":"shipping-taxable","15":"product-type-external"},"yoast_head":"<!-- This site is optimized with the Yoast SEO plugin v23.4 - https:\/\/yoast.com\/wordpress\/plugins\/seo\/ -->\n<title>Pelletiseur P500-7 LS 55 Kw - P System Automazione<\/title>\n<meta name=\"robots\" content=\"index, follow, max-snippet:-1, max-image-preview:large, max-video-preview:-1\" \/>\n<link rel=\"canonical\" href=\"https:\/\/psystemsrl.it\/fr\/prodotto\/pelletiseur-p500-7-ls-55-kw\/\" \/>\n<meta property=\"og:locale\" content=\"fr_FR\" \/>\n<meta property=\"og:type\" content=\"article\" \/>\n<meta property=\"og:title\" content=\"Pelletiseur P500-7 LS 55 Kw - P System Automazione\" \/>\n<meta property=\"og:description\" content=\"Le syst\u00e8me est compos\u00e9 comme suit : No. 01 Vis de chargement du raffineur avec commande et r\u00e9gulation hydraulique. ALTERNATIVE : Vanne Stellaire \u00e0 commande et r\u00e9gulation ol\u00e9odynamique, construite en t\u00f4le d&#039;acier soud\u00e9e puis galvanis\u00e9e, avec rotor en t\u00f4le d&#039;acier et pi\u00e8ces terminales en caoutchouc toil\u00e9 facilement rempla\u00e7ables, \u00e9quip\u00e9e d&#039;un moteur \u00e0 engrenages. N. 01 Raffineur P500R pour le raffinage automatique des copeaux \u00e0 travers une surface cylindrique perfor\u00e9e fixe, marteaux oscillants et rotatifs interchangeables N. 01 Ventilateur pour le transport du mat\u00e9riau vers le granulateur N. 01 Kit tube cyclone, compos\u00e9 d&#039;un tuyau d&#039;aspiration et d&#039;un tuyau de refoulement. 01 Kit de tubes pour cyclone, compos\u00e9 de : tubes flexibles en polyur\u00e9thane avec spirale de renforcement en acier phosphat\u00e9 incorpor\u00e9e, excellente r\u00e9sistance \u00e0 l&#039;abrasion, tubes rigides en t\u00f4le galvanis\u00e9e, coudes rigides en t\u00f4le galvanis\u00e9e, colliers press\u00e9s en t\u00f4le galvanis\u00e9e, colliers de serrage en acier inoxydable INOX 304 avec verrouillage par tournevis. No. 01 Cyclone a\u00e9rien en t\u00f4le galvanis\u00e9e, compos\u00e9 d&#039;un cylindre ext\u00e9rieur et d&#039;un contre-cylindre int\u00e9rieur. Fonctionnement : les poudres entrent par l&#039;entr\u00e9e lat\u00e9rale, sont cyclon\u00e9es en pr\u00e9cipitant les parties lourdes vers le bas, en les \u00e9vacuant par l&#039;entr\u00e9e circulaire inf\u00e9rieure, l&#039;air est expuls\u00e9 par le tuyau sup\u00e9rieur dans l&#039;atmosph\u00e8re. N. 01 Pelletiseur P500-LS-55 Kw complet avec :     vis de chargement du mat\u00e9riau avec sondes de niveau minimum et maximum et trappe d&#039;inspection  r\u00e9servoir d&#039;huile pour le nettoyage automatique des fili\u00e8res  vis d&#039;alimentation en mat\u00e9riau dans le tiroir  N.01 Matrice verticale avec N.01 Rouleau   kit anti-condensation  Connexion t\u00e9l\u00e9phonique par Internet pour le contr\u00f4le et l&#039;assistance  N. 01 Vis d&#039;\u00e9vacuation \u00e0 commande et r\u00e9gulation ol\u00e9ohydrauliques pour le refroidissement et le d\u00e9poussi\u00e9rage des granul\u00e9s, avec raccords de tuyauterie pour l&#039;aspiration de l&#039;exc\u00e9dent de poussi\u00e8re N. 01 Kit de rouleaux de rechange\" \/>\n<meta property=\"og:url\" content=\"https:\/\/psystemsrl.it\/fr\/prodotto\/pelletiseur-p500-7-ls-55-kw\/\" \/>\n<meta property=\"og:site_name\" content=\"P System Automazione\" \/>\n<meta property=\"og:image\" content=\"https:\/\/psystemsrl.it\/wp-content\/uploads\/2024\/08\/P500-1_0-scaled-e1724061110524.jpg\" \/>\n\t<meta property=\"og:image:width\" content=\"1920\" \/>\n\t<meta property=\"og:image:height\" content=\"2073\" \/>\n\t<meta property=\"og:image:type\" content=\"image\/jpeg\" \/>\n<meta name=\"twitter:card\" content=\"summary_large_image\" \/>\n<script type=\"application\/ld+json\" class=\"yoast-schema-graph\">{\"@context\":\"https:\/\/schema.org\",\"@graph\":[{\"@type\":\"WebPage\",\"@id\":\"https:\/\/psystemsrl.it\/fr\/prodotto\/pelletiseur-p500-7-ls-55-kw\/\",\"url\":\"https:\/\/psystemsrl.it\/fr\/prodotto\/pelletiseur-p500-7-ls-55-kw\/\",\"name\":\"Pelletiseur P500-7 LS 55 Kw - P System Automazione\",\"isPartOf\":{\"@id\":\"https:\/\/psystemsrl.it\/fr\/#website\"},\"primaryImageOfPage\":{\"@id\":\"https:\/\/psystemsrl.it\/fr\/prodotto\/pelletiseur-p500-7-ls-55-kw\/#primaryimage\"},\"image\":{\"@id\":\"https:\/\/psystemsrl.it\/fr\/prodotto\/pelletiseur-p500-7-ls-55-kw\/#primaryimage\"},\"thumbnailUrl\":\"https:\/\/psystemsrl.it\/wp-content\/uploads\/2024\/08\/P500-1_0-scaled-e1724061110524.jpg\",\"datePublished\":\"2024-08-19T09:54:25+00:00\",\"dateModified\":\"2024-08-19T09:54:25+00:00\",\"breadcrumb\":{\"@id\":\"https:\/\/psystemsrl.it\/fr\/prodotto\/pelletiseur-p500-7-ls-55-kw\/#breadcrumb\"},\"inLanguage\":\"fr-FR\",\"potentialAction\":[{\"@type\":\"ReadAction\",\"target\":[\"https:\/\/psystemsrl.it\/fr\/prodotto\/pelletiseur-p500-7-ls-55-kw\/\"]}]},{\"@type\":\"ImageObject\",\"inLanguage\":\"fr-FR\",\"@id\":\"https:\/\/psystemsrl.it\/fr\/prodotto\/pelletiseur-p500-7-ls-55-kw\/#primaryimage\",\"url\":\"https:\/\/psystemsrl.it\/wp-content\/uploads\/2024\/08\/P500-1_0-scaled-e1724061110524.jpg\",\"contentUrl\":\"https:\/\/psystemsrl.it\/wp-content\/uploads\/2024\/08\/P500-1_0-scaled-e1724061110524.jpg\",\"width\":1920,\"height\":2073},{\"@type\":\"BreadcrumbList\",\"@id\":\"https:\/\/psystemsrl.it\/fr\/prodotto\/pelletiseur-p500-7-ls-55-kw\/#breadcrumb\",\"itemListElement\":[{\"@type\":\"ListItem\",\"position\":1,\"name\":\"Home\",\"item\":\"https:\/\/psystemsrl.it\/fr\/page-daccueil\/\"},{\"@type\":\"ListItem\",\"position\":2,\"name\":\"Boutique\",\"item\":\"https:\/\/psystemsrl.it\/fr\/boutique\/\"},{\"@type\":\"ListItem\",\"position\":3,\"name\":\"Pelletiseur P500-7 LS 55 Kw\"}]},{\"@type\":\"WebSite\",\"@id\":\"https:\/\/psystemsrl.it\/fr\/#website\",\"url\":\"https:\/\/psystemsrl.it\/fr\/\",\"name\":\"P System Automazione\",\"description\":\"\",\"publisher\":{\"@id\":\"https:\/\/psystemsrl.it\/fr\/#organization\"},\"potentialAction\":[{\"@type\":\"SearchAction\",\"target\":{\"@type\":\"EntryPoint\",\"urlTemplate\":\"https:\/\/psystemsrl.it\/fr\/?s={search_term_string}\"},\"query-input\":{\"@type\":\"PropertyValueSpecification\",\"valueRequired\":true,\"valueName\":\"search_term_string\"}}],\"inLanguage\":\"fr-FR\"},{\"@type\":\"Organization\",\"@id\":\"https:\/\/psystemsrl.it\/fr\/#organization\",\"name\":\"P System Automazione\",\"url\":\"https:\/\/psystemsrl.it\/fr\/\",\"logo\":{\"@type\":\"ImageObject\",\"inLanguage\":\"fr-FR\",\"@id\":\"https:\/\/psystemsrl.it\/fr\/#\/schema\/logo\/image\/\",\"url\":\"https:\/\/psystemsrl.it\/wp-content\/uploads\/2024\/08\/logo_psystem_def.png\",\"contentUrl\":\"https:\/\/psystemsrl.it\/wp-content\/uploads\/2024\/08\/logo_psystem_def.png\",\"width\":183,\"height\":54,\"caption\":\"P System Automazione\"},\"image\":{\"@id\":\"https:\/\/psystemsrl.it\/fr\/#\/schema\/logo\/image\/\"}}]}<\/script>\n<!-- \/ Yoast SEO plugin. -->","yoast_head_json":{"title":"Pelletiseur P500-7 LS 55 Kw - P System Automazione","robots":{"index":"index","follow":"follow","max-snippet":"max-snippet:-1","max-image-preview":"max-image-preview:large","max-video-preview":"max-video-preview:-1"},"canonical":"https:\/\/psystemsrl.it\/fr\/prodotto\/pelletiseur-p500-7-ls-55-kw\/","og_locale":"fr_FR","og_type":"article","og_title":"Pelletiseur P500-7 LS 55 Kw - P System Automazione","og_description":"Le syst\u00e8me est compos\u00e9 comme suit : No. 01 Vis de chargement du raffineur avec commande et r\u00e9gulation hydraulique. ALTERNATIVE : Vanne Stellaire \u00e0 commande et r\u00e9gulation ol\u00e9odynamique, construite en t\u00f4le d'acier soud\u00e9e puis galvanis\u00e9e, avec rotor en t\u00f4le d'acier et pi\u00e8ces terminales en caoutchouc toil\u00e9 facilement rempla\u00e7ables, \u00e9quip\u00e9e d'un moteur \u00e0 engrenages. N. 01 Raffineur P500R pour le raffinage automatique des copeaux \u00e0 travers une surface cylindrique perfor\u00e9e fixe, marteaux oscillants et rotatifs interchangeables N. 01 Ventilateur pour le transport du mat\u00e9riau vers le granulateur N. 01 Kit tube cyclone, compos\u00e9 d'un tuyau d'aspiration et d'un tuyau de refoulement. 01 Kit de tubes pour cyclone, compos\u00e9 de : tubes flexibles en polyur\u00e9thane avec spirale de renforcement en acier phosphat\u00e9 incorpor\u00e9e, excellente r\u00e9sistance \u00e0 l'abrasion, tubes rigides en t\u00f4le galvanis\u00e9e, coudes rigides en t\u00f4le galvanis\u00e9e, colliers press\u00e9s en t\u00f4le galvanis\u00e9e, colliers de serrage en acier inoxydable INOX 304 avec verrouillage par tournevis. No. 01 Cyclone a\u00e9rien en t\u00f4le galvanis\u00e9e, compos\u00e9 d'un cylindre ext\u00e9rieur et d'un contre-cylindre int\u00e9rieur. Fonctionnement : les poudres entrent par l'entr\u00e9e lat\u00e9rale, sont cyclon\u00e9es en pr\u00e9cipitant les parties lourdes vers le bas, en les \u00e9vacuant par l'entr\u00e9e circulaire inf\u00e9rieure, l'air est expuls\u00e9 par le tuyau sup\u00e9rieur dans l'atmosph\u00e8re. N. 01 Pelletiseur P500-LS-55 Kw complet avec :     vis de chargement du mat\u00e9riau avec sondes de niveau minimum et maximum et trappe d'inspection  r\u00e9servoir d'huile pour le nettoyage automatique des fili\u00e8res  vis d'alimentation en mat\u00e9riau dans le tiroir  N.01 Matrice verticale avec N.01 Rouleau   kit anti-condensation  Connexion t\u00e9l\u00e9phonique par Internet pour le contr\u00f4le et l'assistance  N. 01 Vis d'\u00e9vacuation \u00e0 commande et r\u00e9gulation ol\u00e9ohydrauliques pour le refroidissement et le d\u00e9poussi\u00e9rage des granul\u00e9s, avec raccords de tuyauterie pour l'aspiration de l'exc\u00e9dent de poussi\u00e8re N. 01 Kit de rouleaux de rechange","og_url":"https:\/\/psystemsrl.it\/fr\/prodotto\/pelletiseur-p500-7-ls-55-kw\/","og_site_name":"P System Automazione","og_image":[{"width":1920,"height":2073,"url":"https:\/\/psystemsrl.it\/wp-content\/uploads\/2024\/08\/P500-1_0-scaled-e1724061110524.jpg","type":"image\/jpeg"}],"twitter_card":"summary_large_image","schema":{"@context":"https:\/\/schema.org","@graph":[{"@type":"WebPage","@id":"https:\/\/psystemsrl.it\/fr\/prodotto\/pelletiseur-p500-7-ls-55-kw\/","url":"https:\/\/psystemsrl.it\/fr\/prodotto\/pelletiseur-p500-7-ls-55-kw\/","name":"Pelletiseur P500-7 LS 55 Kw - P System Automazione","isPartOf":{"@id":"https:\/\/psystemsrl.it\/fr\/#website"},"primaryImageOfPage":{"@id":"https:\/\/psystemsrl.it\/fr\/prodotto\/pelletiseur-p500-7-ls-55-kw\/#primaryimage"},"image":{"@id":"https:\/\/psystemsrl.it\/fr\/prodotto\/pelletiseur-p500-7-ls-55-kw\/#primaryimage"},"thumbnailUrl":"https:\/\/psystemsrl.it\/wp-content\/uploads\/2024\/08\/P500-1_0-scaled-e1724061110524.jpg","datePublished":"2024-08-19T09:54:25+00:00","dateModified":"2024-08-19T09:54:25+00:00","breadcrumb":{"@id":"https:\/\/psystemsrl.it\/fr\/prodotto\/pelletiseur-p500-7-ls-55-kw\/#breadcrumb"},"inLanguage":"fr-FR","potentialAction":[{"@type":"ReadAction","target":["https:\/\/psystemsrl.it\/fr\/prodotto\/pelletiseur-p500-7-ls-55-kw\/"]}]},{"@type":"ImageObject","inLanguage":"fr-FR","@id":"https:\/\/psystemsrl.it\/fr\/prodotto\/pelletiseur-p500-7-ls-55-kw\/#primaryimage","url":"https:\/\/psystemsrl.it\/wp-content\/uploads\/2024\/08\/P500-1_0-scaled-e1724061110524.jpg","contentUrl":"https:\/\/psystemsrl.it\/wp-content\/uploads\/2024\/08\/P500-1_0-scaled-e1724061110524.jpg","width":1920,"height":2073},{"@type":"BreadcrumbList","@id":"https:\/\/psystemsrl.it\/fr\/prodotto\/pelletiseur-p500-7-ls-55-kw\/#breadcrumb","itemListElement":[{"@type":"ListItem","position":1,"name":"Home","item":"https:\/\/psystemsrl.it\/fr\/page-daccueil\/"},{"@type":"ListItem","position":2,"name":"Boutique","item":"https:\/\/psystemsrl.it\/fr\/boutique\/"},{"@type":"ListItem","position":3,"name":"Pelletiseur P500-7 LS 55 Kw"}]},{"@type":"WebSite","@id":"https:\/\/psystemsrl.it\/fr\/#website","url":"https:\/\/psystemsrl.it\/fr\/","name":"P System Automazione","description":"","publisher":{"@id":"https:\/\/psystemsrl.it\/fr\/#organization"},"potentialAction":[{"@type":"SearchAction","target":{"@type":"EntryPoint","urlTemplate":"https:\/\/psystemsrl.it\/fr\/?s={search_term_string}"},"query-input":{"@type":"PropertyValueSpecification","valueRequired":true,"valueName":"search_term_string"}}],"inLanguage":"fr-FR"},{"@type":"Organization","@id":"https:\/\/psystemsrl.it\/fr\/#organization","name":"P System Automazione","url":"https:\/\/psystemsrl.it\/fr\/","logo":{"@type":"ImageObject","inLanguage":"fr-FR","@id":"https:\/\/psystemsrl.it\/fr\/#\/schema\/logo\/image\/","url":"https:\/\/psystemsrl.it\/wp-content\/uploads\/2024\/08\/logo_psystem_def.png","contentUrl":"https:\/\/psystemsrl.it\/wp-content\/uploads\/2024\/08\/logo_psystem_def.png","width":183,"height":54,"caption":"P System Automazione"},"image":{"@id":"https:\/\/psystemsrl.it\/fr\/#\/schema\/logo\/image\/"}}]}},"_links":{"self":[{"href":"https:\/\/psystemsrl.it\/fr\/wp-json\/wp\/v2\/product\/2355","targetHints":{"allow":["GET"]}}],"collection":[{"href":"https:\/\/psystemsrl.it\/fr\/wp-json\/wp\/v2\/product"}],"about":[{"href":"https:\/\/psystemsrl.it\/fr\/wp-json\/wp\/v2\/types\/product"}],"replies":[{"embeddable":true,"href":"https:\/\/psystemsrl.it\/fr\/wp-json\/wp\/v2\/comments?post=2355"}],"wp:featuredmedia":[{"embeddable":true,"href":"https:\/\/psystemsrl.it\/fr\/wp-json\/wp\/v2\/media\/1793"}],"wp:attachment":[{"href":"https:\/\/psystemsrl.it\/fr\/wp-json\/wp\/v2\/media?parent=2355"}],"wp:term":[{"taxonomy":"product_cat","embeddable":true,"href":"https:\/\/psystemsrl.it\/fr\/wp-json\/wp\/v2\/product_cat?post=2355"},{"taxonomy":"product_tag","embeddable":true,"href":"https:\/\/psystemsrl.it\/fr\/wp-json\/wp\/v2\/product_tag?post=2355"}],"curies":[{"name":"wp","href":"https:\/\/api.w.org\/{rel}","templated":true}]}}