{"id":2396,"date":"2024-08-19T09:13:16","date_gmt":"2024-08-19T09:13:16","guid":{"rendered":"https:\/\/psystemsrl.it\/prodotto\/secadora-de-la-serie-dry-tec\/"},"modified":"2024-08-19T09:13:16","modified_gmt":"2024-08-19T09:13:16","slug":"secadora-de-la-serie-dry-tec","status":"publish","type":"product","link":"https:\/\/psystemsrl.it\/es\/prodotto\/secadora-de-la-serie-dry-tec\/","title":{"rendered":"Secadora de la serie DRY-TEC"},"content":{"rendered":"<p>Nuestras plantas de secado se benefician de una tecnolog\u00eda hidr\u00e1ulica \u00fanica, resultado de a\u00f1os de investigaci\u00f3n y experimentaci\u00f3n, que te permitir\u00e1 secar con seguridad residuos de material de biomasa con cualquier contenido de humedad.  <span style=\"font-size: 16px;\">Nuestro sistema de secado se basa en el transporte de aire moderadamente caliente combinado con la mezcla y trituraci\u00f3n del material h\u00famedo entrante.<br \/>\nToda la operaci\u00f3n es supervisada continuamente por un sensor del sistema de secado, que controla el contenido de humedad del material recirculante hasta alcanzar el grado fijado por el operador. <\/span>  El material, normalmente h\u00famedo (aunque no necesariamente), alimenta las mezcladoras-trituradoras y se mezcla con aire caliente procedente de una caldera especial, que puede alimentarse con gas o pellets, a trav\u00e9s del tornillo de carga controlado y regulado hidr\u00e1ulicamente.<br \/>\nLa unidad de biotrituraci\u00f3n realiza autom\u00e1ticamente la aspiraci\u00f3n y el transporte simult\u00e1neos de las virutas a trav\u00e9s de una superficie perforada cil\u00edndrica fija y martillos oscilantes y giratorios intercambiables.<br \/>\nTodo el proceso se supervisa y regula mediante el PLC de control del armario el\u00e9ctrico, y los caudales y temperaturas del aire caliente se controlan mediante un inversor que acciona el ventilador principal.<br \/>\nEl transporte neum\u00e1tico se conf\u00eda a ventiladores centr\u00edfugos de alto rendimiento en los que el material se separa del aire mezclado con condensado, mediante uno o varios ciclones, que transportan el material a la paleta de secado equipada con una compuerta para descargar el material seco en el recipiente de recogida.<br \/>\nCuando la sonda de lectura insertada en el \u00e1labe registra la presencia de material con el grado de humedad ajustado en el PLC, descarga el producto seco en el recipiente.<br \/>\nEl contenedor de recogida se completa con un extractor de peine.<br \/>\nLa velocidad del fondo m\u00f3vil, del tornillo extractor y del tornillo de descarga se controla mediante una unidad de potencia hidr\u00e1ulica externa independiente.<br \/>\nEn este punto, el material seco se transporta a trav\u00e9s del extractor de peines del contenedor a la tolva de mezcla y luego se env\u00eda al sistema de peletizaci\u00f3n.         <\/p>\n<div class=\"field field-name-body field-type-text-with-summary field-label-hidden\">\n<div class=\"field-items\">\n<div class=\"field-item even\">  El sistema de secado P System te garantiza un grado de secado uniforme, independientemente del contenido de humedad del material entrante.<br \/>\nEl tipo de secado est\u00e1 dise\u00f1ado para no afectar a las caracter\u00edsticas y el contenido del material.<br \/>\nNuestro sistema de secado es extremadamente f\u00e1cil de usar; el ciclo autom\u00e1tico se controla mediante un solo bot\u00f3n con lectura inmediata de los par\u00e1metros en la pantalla de la placa PLC.    <\/div>\n<\/div>\n<\/div>\n","protected":false},"excerpt":{"rendered":"<p>Nuestras plantas de secado se benefician de una tecnolog\u00eda hidr\u00e1ulica \u00fanica, resultado de a\u00f1os de investigaci\u00f3n y experimentaci\u00f3n, que te [&hellip;]<\/p>\n","protected":false},"featured_media":1687,"comment_status":"open","ping_status":"closed","template":"","meta":{"site-sidebar-layout":"default","site-content-layout":"","ast-site-content-layout":"default","site-content-style":"default","site-sidebar-style":"default","ast-global-header-display":"","ast-banner-title-visibility":"","ast-main-header-display":"","ast-hfb-above-header-display":"","ast-hfb-below-header-display":"","ast-hfb-mobile-header-display":"","site-post-title":"","ast-breadcrumbs-content":"","ast-featured-img":"","footer-sml-layout":"","theme-transparent-header-meta":"default","adv-header-id-meta":"","stick-header-meta":"","header-above-stick-meta":"","header-main-stick-meta":"","header-below-stick-meta":"","astra-migrate-meta-layouts":"default","ast-page-background-enabled":"default","ast-page-background-meta":{"desktop":{"background-color":"var(--ast-global-color-4)","background-image":"","background-repeat":"repeat","background-position":"center center","background-size":"auto","background-attachment":"scroll","background-type":"","background-media":"","overlay-type":"","overlay-color":"","overlay-opacity":"","overlay-gradient":""},"tablet":{"background-color":"","background-image":"","background-repeat":"repeat","background-position":"center center","background-size":"auto","background-attachment":"scroll","background-type":"","background-media":"","overlay-type":"","overlay-color":"","overlay-opacity":"","overlay-gradient":""},"mobile":{"background-color":"","background-image":"","background-repeat":"repeat","background-position":"center center","background-size":"auto","background-attachment":"scroll","background-type":"","background-media":"","overlay-type":"","overlay-color":"","overlay-opacity":"","overlay-gradient":""}},"ast-content-background-meta":{"desktop":{"background-color":"var(--ast-global-color-5)","background-image":"","background-repeat":"repeat","background-position":"center center","background-size":"auto","background-attachment":"scroll","background-type":"","background-media":"","overlay-type":"","overlay-color":"","overlay-opacity":"","overlay-gradient":""},"tablet":{"background-color":"var(--ast-global-color-5)","background-image":"","background-repeat":"repeat","background-position":"center center","background-size":"auto","background-attachment":"scroll","background-type":"","background-media":"","overlay-type":"","overlay-color":"","overlay-opacity":"","overlay-gradient":""},"mobile":{"background-color":"var(--ast-global-color-5)","background-image":"","background-repeat":"repeat","background-position":"center center","background-size":"auto","background-attachment":"scroll","background-type":"","background-media":"","overlay-type":"","overlay-color":"","overlay-opacity":"","overlay-gradient":""}}},"product_cat":[58,46],"product_tag":[],"class_list":{"0":"post-2396","1":"product","2":"type-product","3":"status-publish","4":"has-post-thumbnail","6":"product_cat-secadoras","7":"product_cat-mostrar-todo","8":"desktop-align-left","9":"tablet-align-left","10":"mobile-align-left","12":"first","13":"instock","14":"shipping-taxable","15":"product-type-simple"},"yoast_head":"<!-- This site is optimized with the Yoast SEO plugin v23.4 - https:\/\/yoast.com\/wordpress\/plugins\/seo\/ -->\n<title>Secadora de la serie DRY-TEC - P System Automazione<\/title>\n<meta name=\"robots\" content=\"index, follow, max-snippet:-1, max-image-preview:large, max-video-preview:-1\" \/>\n<link rel=\"canonical\" href=\"https:\/\/psystemsrl.it\/es\/prodotto\/secadora-de-la-serie-dry-tec\/\" \/>\n<meta property=\"og:locale\" content=\"es_ES\" \/>\n<meta property=\"og:type\" content=\"article\" \/>\n<meta property=\"og:title\" content=\"Secadora de la serie DRY-TEC - P System Automazione\" \/>\n<meta property=\"og:description\" content=\"Nuestras plantas de secado se benefician de una tecnolog\u00eda hidr\u00e1ulica \u00fanica, resultado de a\u00f1os de investigaci\u00f3n y experimentaci\u00f3n, que te [&hellip;]\" \/>\n<meta property=\"og:url\" content=\"https:\/\/psystemsrl.it\/es\/prodotto\/secadora-de-la-serie-dry-tec\/\" \/>\n<meta property=\"og:site_name\" content=\"P System Automazione\" \/>\n<meta property=\"og:image\" content=\"https:\/\/psystemsrl.it\/wp-content\/uploads\/2024\/08\/Essiccatore-serie-DRY-TEC.jpg\" \/>\n\t<meta property=\"og:image:width\" content=\"1024\" \/>\n\t<meta property=\"og:image:height\" content=\"521\" \/>\n\t<meta property=\"og:image:type\" content=\"image\/jpeg\" \/>\n<meta name=\"twitter:card\" content=\"summary_large_image\" \/>\n<meta name=\"twitter:label1\" content=\"Tiempo de lectura\" \/>\n\t<meta name=\"twitter:data1\" content=\"2 minutos\" \/>\n<script type=\"application\/ld+json\" class=\"yoast-schema-graph\">{\"@context\":\"https:\/\/schema.org\",\"@graph\":[{\"@type\":\"WebPage\",\"@id\":\"https:\/\/psystemsrl.it\/es\/prodotto\/secadora-de-la-serie-dry-tec\/\",\"url\":\"https:\/\/psystemsrl.it\/es\/prodotto\/secadora-de-la-serie-dry-tec\/\",\"name\":\"Secadora de la serie DRY-TEC - P System Automazione\",\"isPartOf\":{\"@id\":\"https:\/\/psystemsrl.it\/es\/#website\"},\"primaryImageOfPage\":{\"@id\":\"https:\/\/psystemsrl.it\/es\/prodotto\/secadora-de-la-serie-dry-tec\/#primaryimage\"},\"image\":{\"@id\":\"https:\/\/psystemsrl.it\/es\/prodotto\/secadora-de-la-serie-dry-tec\/#primaryimage\"},\"thumbnailUrl\":\"https:\/\/psystemsrl.it\/wp-content\/uploads\/2024\/08\/Essiccatore-serie-DRY-TEC.jpg\",\"datePublished\":\"2024-08-19T09:13:16+00:00\",\"dateModified\":\"2024-08-19T09:13:16+00:00\",\"breadcrumb\":{\"@id\":\"https:\/\/psystemsrl.it\/es\/prodotto\/secadora-de-la-serie-dry-tec\/#breadcrumb\"},\"inLanguage\":\"es\",\"potentialAction\":[{\"@type\":\"ReadAction\",\"target\":[\"https:\/\/psystemsrl.it\/es\/prodotto\/secadora-de-la-serie-dry-tec\/\"]}]},{\"@type\":\"ImageObject\",\"inLanguage\":\"es\",\"@id\":\"https:\/\/psystemsrl.it\/es\/prodotto\/secadora-de-la-serie-dry-tec\/#primaryimage\",\"url\":\"https:\/\/psystemsrl.it\/wp-content\/uploads\/2024\/08\/Essiccatore-serie-DRY-TEC.jpg\",\"contentUrl\":\"https:\/\/psystemsrl.it\/wp-content\/uploads\/2024\/08\/Essiccatore-serie-DRY-TEC.jpg\",\"width\":1024,\"height\":521},{\"@type\":\"BreadcrumbList\",\"@id\":\"https:\/\/psystemsrl.it\/es\/prodotto\/secadora-de-la-serie-dry-tec\/#breadcrumb\",\"itemListElement\":[{\"@type\":\"ListItem\",\"position\":1,\"name\":\"Home\",\"item\":\"https:\/\/psystemsrl.it\/es\/pagina-de-inicio\/\"},{\"@type\":\"ListItem\",\"position\":2,\"name\":\"Tienda\",\"item\":\"https:\/\/psystemsrl.it\/es\/tienda\/\"},{\"@type\":\"ListItem\",\"position\":3,\"name\":\"Secadora de la serie DRY-TEC\"}]},{\"@type\":\"WebSite\",\"@id\":\"https:\/\/psystemsrl.it\/es\/#website\",\"url\":\"https:\/\/psystemsrl.it\/es\/\",\"name\":\"P System Automazione\",\"description\":\"\",\"publisher\":{\"@id\":\"https:\/\/psystemsrl.it\/es\/#organization\"},\"potentialAction\":[{\"@type\":\"SearchAction\",\"target\":{\"@type\":\"EntryPoint\",\"urlTemplate\":\"https:\/\/psystemsrl.it\/es\/?s={search_term_string}\"},\"query-input\":{\"@type\":\"PropertyValueSpecification\",\"valueRequired\":true,\"valueName\":\"search_term_string\"}}],\"inLanguage\":\"es\"},{\"@type\":\"Organization\",\"@id\":\"https:\/\/psystemsrl.it\/es\/#organization\",\"name\":\"P System Automazione\",\"url\":\"https:\/\/psystemsrl.it\/es\/\",\"logo\":{\"@type\":\"ImageObject\",\"inLanguage\":\"es\",\"@id\":\"https:\/\/psystemsrl.it\/es\/#\/schema\/logo\/image\/\",\"url\":\"https:\/\/psystemsrl.it\/wp-content\/uploads\/2024\/08\/logo_psystem_def.png\",\"contentUrl\":\"https:\/\/psystemsrl.it\/wp-content\/uploads\/2024\/08\/logo_psystem_def.png\",\"width\":183,\"height\":54,\"caption\":\"P System Automazione\"},\"image\":{\"@id\":\"https:\/\/psystemsrl.it\/es\/#\/schema\/logo\/image\/\"}}]}<\/script>\n<!-- \/ Yoast SEO plugin. -->","yoast_head_json":{"title":"Secadora de la serie DRY-TEC - P System Automazione","robots":{"index":"index","follow":"follow","max-snippet":"max-snippet:-1","max-image-preview":"max-image-preview:large","max-video-preview":"max-video-preview:-1"},"canonical":"https:\/\/psystemsrl.it\/es\/prodotto\/secadora-de-la-serie-dry-tec\/","og_locale":"es_ES","og_type":"article","og_title":"Secadora de la serie DRY-TEC - P System Automazione","og_description":"Nuestras plantas de secado se benefician de una tecnolog\u00eda hidr\u00e1ulica \u00fanica, resultado de a\u00f1os de investigaci\u00f3n y experimentaci\u00f3n, que te [&hellip;]","og_url":"https:\/\/psystemsrl.it\/es\/prodotto\/secadora-de-la-serie-dry-tec\/","og_site_name":"P System Automazione","og_image":[{"width":1024,"height":521,"url":"https:\/\/psystemsrl.it\/wp-content\/uploads\/2024\/08\/Essiccatore-serie-DRY-TEC.jpg","type":"image\/jpeg"}],"twitter_card":"summary_large_image","twitter_misc":{"Tiempo de lectura":"2 minutos"},"schema":{"@context":"https:\/\/schema.org","@graph":[{"@type":"WebPage","@id":"https:\/\/psystemsrl.it\/es\/prodotto\/secadora-de-la-serie-dry-tec\/","url":"https:\/\/psystemsrl.it\/es\/prodotto\/secadora-de-la-serie-dry-tec\/","name":"Secadora de la serie DRY-TEC - P System Automazione","isPartOf":{"@id":"https:\/\/psystemsrl.it\/es\/#website"},"primaryImageOfPage":{"@id":"https:\/\/psystemsrl.it\/es\/prodotto\/secadora-de-la-serie-dry-tec\/#primaryimage"},"image":{"@id":"https:\/\/psystemsrl.it\/es\/prodotto\/secadora-de-la-serie-dry-tec\/#primaryimage"},"thumbnailUrl":"https:\/\/psystemsrl.it\/wp-content\/uploads\/2024\/08\/Essiccatore-serie-DRY-TEC.jpg","datePublished":"2024-08-19T09:13:16+00:00","dateModified":"2024-08-19T09:13:16+00:00","breadcrumb":{"@id":"https:\/\/psystemsrl.it\/es\/prodotto\/secadora-de-la-serie-dry-tec\/#breadcrumb"},"inLanguage":"es","potentialAction":[{"@type":"ReadAction","target":["https:\/\/psystemsrl.it\/es\/prodotto\/secadora-de-la-serie-dry-tec\/"]}]},{"@type":"ImageObject","inLanguage":"es","@id":"https:\/\/psystemsrl.it\/es\/prodotto\/secadora-de-la-serie-dry-tec\/#primaryimage","url":"https:\/\/psystemsrl.it\/wp-content\/uploads\/2024\/08\/Essiccatore-serie-DRY-TEC.jpg","contentUrl":"https:\/\/psystemsrl.it\/wp-content\/uploads\/2024\/08\/Essiccatore-serie-DRY-TEC.jpg","width":1024,"height":521},{"@type":"BreadcrumbList","@id":"https:\/\/psystemsrl.it\/es\/prodotto\/secadora-de-la-serie-dry-tec\/#breadcrumb","itemListElement":[{"@type":"ListItem","position":1,"name":"Home","item":"https:\/\/psystemsrl.it\/es\/pagina-de-inicio\/"},{"@type":"ListItem","position":2,"name":"Tienda","item":"https:\/\/psystemsrl.it\/es\/tienda\/"},{"@type":"ListItem","position":3,"name":"Secadora de la serie DRY-TEC"}]},{"@type":"WebSite","@id":"https:\/\/psystemsrl.it\/es\/#website","url":"https:\/\/psystemsrl.it\/es\/","name":"P System Automazione","description":"","publisher":{"@id":"https:\/\/psystemsrl.it\/es\/#organization"},"potentialAction":[{"@type":"SearchAction","target":{"@type":"EntryPoint","urlTemplate":"https:\/\/psystemsrl.it\/es\/?s={search_term_string}"},"query-input":{"@type":"PropertyValueSpecification","valueRequired":true,"valueName":"search_term_string"}}],"inLanguage":"es"},{"@type":"Organization","@id":"https:\/\/psystemsrl.it\/es\/#organization","name":"P System Automazione","url":"https:\/\/psystemsrl.it\/es\/","logo":{"@type":"ImageObject","inLanguage":"es","@id":"https:\/\/psystemsrl.it\/es\/#\/schema\/logo\/image\/","url":"https:\/\/psystemsrl.it\/wp-content\/uploads\/2024\/08\/logo_psystem_def.png","contentUrl":"https:\/\/psystemsrl.it\/wp-content\/uploads\/2024\/08\/logo_psystem_def.png","width":183,"height":54,"caption":"P System Automazione"},"image":{"@id":"https:\/\/psystemsrl.it\/es\/#\/schema\/logo\/image\/"}}]}},"_links":{"self":[{"href":"https:\/\/psystemsrl.it\/es\/wp-json\/wp\/v2\/product\/2396","targetHints":{"allow":["GET"]}}],"collection":[{"href":"https:\/\/psystemsrl.it\/es\/wp-json\/wp\/v2\/product"}],"about":[{"href":"https:\/\/psystemsrl.it\/es\/wp-json\/wp\/v2\/types\/product"}],"replies":[{"embeddable":true,"href":"https:\/\/psystemsrl.it\/es\/wp-json\/wp\/v2\/comments?post=2396"}],"wp:featuredmedia":[{"embeddable":true,"href":"https:\/\/psystemsrl.it\/es\/wp-json\/wp\/v2\/media\/1687"}],"wp:attachment":[{"href":"https:\/\/psystemsrl.it\/es\/wp-json\/wp\/v2\/media?parent=2396"}],"wp:term":[{"taxonomy":"product_cat","embeddable":true,"href":"https:\/\/psystemsrl.it\/es\/wp-json\/wp\/v2\/product_cat?post=2396"},{"taxonomy":"product_tag","embeddable":true,"href":"https:\/\/psystemsrl.it\/es\/wp-json\/wp\/v2\/product_tag?post=2396"}],"curies":[{"name":"wp","href":"https:\/\/api.w.org\/{rel}","templated":true}]}}