{"id":2392,"date":"2024-08-19T09:19:03","date_gmt":"2024-08-19T09:19:03","guid":{"rendered":"https:\/\/psystemsrl.it\/prodotto\/lineas-modulares-de-produccion-de-pellets-a-medida\/"},"modified":"2024-08-19T09:19:03","modified_gmt":"2024-08-19T09:19:03","slug":"lineas-modulares-de-produccion-de-pellets-a-medida","status":"publish","type":"product","link":"https:\/\/psystemsrl.it\/es\/prodotto\/lineas-modulares-de-produccion-de-pellets-a-medida\/","title":{"rendered":"L\u00edneas modulares de producci\u00f3n de pellets a medida"},"content":{"rendered":"<p>Exclusivo sistema hidr\u00e1ulico de peletizaci\u00f3n y secado \u00a1De la viruta al envase, un solo proveedor!<br \/>\nReducci\u00f3n del tiempo de inactividad de la planta La mejor opci\u00f3n para tu beneficio Costes de explotaci\u00f3n reducidos en un 50% en comparaci\u00f3n con las plantas de pellets convencionales Amortizaci\u00f3n de la inversi\u00f3n (PAYBACK) en un a\u00f1o Un solo rodillo empujador hidr\u00e1ulico L\u00edneas de producci\u00f3n hidr\u00e1ulicas totalmente automatizadas con mano de obra limitada L\u00edneas de producci\u00f3n modulares para hasta 3 t\/h de pellets seg\u00fan EN 14961-2 PLUS A1-A2-B igual a \u00d6-NORM M7135 y DIN-Plus<\/p>\n","protected":false},"excerpt":{"rendered":"<p>Exclusivo sistema hidr\u00e1ulico de peletizaci\u00f3n y secado \u00a1De la viruta al envase, un solo proveedor! Reducci\u00f3n del tiempo de inactividad [&hellip;]<\/p>\n","protected":false},"featured_media":1787,"comment_status":"open","ping_status":"closed","template":"","meta":{"site-sidebar-layout":"default","site-content-layout":"","ast-site-content-layout":"default","site-content-style":"default","site-sidebar-style":"default","ast-global-header-display":"","ast-banner-title-visibility":"","ast-main-header-display":"","ast-hfb-above-header-display":"","ast-hfb-below-header-display":"","ast-hfb-mobile-header-display":"","site-post-title":"","ast-breadcrumbs-content":"","ast-featured-img":"","footer-sml-layout":"","theme-transparent-header-meta":"default","adv-header-id-meta":"","stick-header-meta":"","header-above-stick-meta":"","header-main-stick-meta":"","header-below-stick-meta":"","astra-migrate-meta-layouts":"default","ast-page-background-enabled":"default","ast-page-background-meta":{"desktop":{"background-color":"var(--ast-global-color-4)","background-image":"","background-repeat":"repeat","background-position":"center center","background-size":"auto","background-attachment":"scroll","background-type":"","background-media":"","overlay-type":"","overlay-color":"","overlay-opacity":"","overlay-gradient":""},"tablet":{"background-color":"","background-image":"","background-repeat":"repeat","background-position":"center center","background-size":"auto","background-attachment":"scroll","background-type":"","background-media":"","overlay-type":"","overlay-color":"","overlay-opacity":"","overlay-gradient":""},"mobile":{"background-color":"","background-image":"","background-repeat":"repeat","background-position":"center center","background-size":"auto","background-attachment":"scroll","background-type":"","background-media":"","overlay-type":"","overlay-color":"","overlay-opacity":"","overlay-gradient":""}},"ast-content-background-meta":{"desktop":{"background-color":"var(--ast-global-color-5)","background-image":"","background-repeat":"repeat","background-position":"center center","background-size":"auto","background-attachment":"scroll","background-type":"","background-media":"","overlay-type":"","overlay-color":"","overlay-opacity":"","overlay-gradient":""},"tablet":{"background-color":"var(--ast-global-color-5)","background-image":"","background-repeat":"repeat","background-position":"center center","background-size":"auto","background-attachment":"scroll","background-type":"","background-media":"","overlay-type":"","overlay-color":"","overlay-opacity":"","overlay-gradient":""},"mobile":{"background-color":"var(--ast-global-color-5)","background-image":"","background-repeat":"repeat","background-position":"center center","background-size":"auto","background-attachment":"scroll","background-type":"","background-media":"","overlay-type":"","overlay-color":"","overlay-opacity":"","overlay-gradient":""}}},"product_cat":[54,46],"product_tag":[],"class_list":{"0":"post-2392","1":"product","2":"type-product","3":"status-publish","4":"has-post-thumbnail","6":"product_cat-lineas-completas-de-granulacion","7":"product_cat-mostrar-todo","8":"desktop-align-left","9":"tablet-align-left","10":"mobile-align-left","12":"first","13":"instock","14":"shipping-taxable","15":"product-type-external"},"yoast_head":"<!-- This site is optimized with the Yoast SEO plugin v23.4 - https:\/\/yoast.com\/wordpress\/plugins\/seo\/ -->\n<title>L\u00edneas modulares de producci\u00f3n de pellets a medida - P System Automazione<\/title>\n<meta name=\"robots\" content=\"index, follow, max-snippet:-1, max-image-preview:large, max-video-preview:-1\" \/>\n<link rel=\"canonical\" href=\"https:\/\/psystemsrl.it\/es\/prodotto\/lineas-modulares-de-produccion-de-pellets-a-medida\/\" \/>\n<meta property=\"og:locale\" content=\"es_ES\" \/>\n<meta property=\"og:type\" content=\"article\" \/>\n<meta property=\"og:title\" content=\"L\u00edneas modulares de producci\u00f3n de pellets a medida - P System Automazione\" \/>\n<meta property=\"og:description\" content=\"Exclusivo sistema hidr\u00e1ulico de peletizaci\u00f3n y secado \u00a1De la viruta al envase, un solo proveedor! Reducci\u00f3n del tiempo de inactividad [&hellip;]\" \/>\n<meta property=\"og:url\" content=\"https:\/\/psystemsrl.it\/es\/prodotto\/lineas-modulares-de-produccion-de-pellets-a-medida\/\" \/>\n<meta property=\"og:site_name\" content=\"P System Automazione\" \/>\n<meta property=\"og:image\" content=\"https:\/\/psystemsrl.it\/wp-content\/uploads\/2024\/08\/linee-complete-per-produzione-pellet-2.jpg\" \/>\n\t<meta property=\"og:image:width\" content=\"1280\" \/>\n\t<meta property=\"og:image:height\" content=\"1024\" \/>\n\t<meta property=\"og:image:type\" content=\"image\/jpeg\" \/>\n<meta name=\"twitter:card\" content=\"summary_large_image\" \/>\n<meta name=\"twitter:label1\" content=\"Tiempo de lectura\" \/>\n\t<meta name=\"twitter:data1\" content=\"1 minuto\" \/>\n<script type=\"application\/ld+json\" class=\"yoast-schema-graph\">{\"@context\":\"https:\/\/schema.org\",\"@graph\":[{\"@type\":\"WebPage\",\"@id\":\"https:\/\/psystemsrl.it\/es\/prodotto\/lineas-modulares-de-produccion-de-pellets-a-medida\/\",\"url\":\"https:\/\/psystemsrl.it\/es\/prodotto\/lineas-modulares-de-produccion-de-pellets-a-medida\/\",\"name\":\"L\u00edneas modulares de producci\u00f3n de pellets a medida - P System Automazione\",\"isPartOf\":{\"@id\":\"https:\/\/psystemsrl.it\/es\/#website\"},\"primaryImageOfPage\":{\"@id\":\"https:\/\/psystemsrl.it\/es\/prodotto\/lineas-modulares-de-produccion-de-pellets-a-medida\/#primaryimage\"},\"image\":{\"@id\":\"https:\/\/psystemsrl.it\/es\/prodotto\/lineas-modulares-de-produccion-de-pellets-a-medida\/#primaryimage\"},\"thumbnailUrl\":\"https:\/\/psystemsrl.it\/wp-content\/uploads\/2024\/08\/linee-complete-per-produzione-pellet-2.jpg\",\"datePublished\":\"2024-08-19T09:19:03+00:00\",\"dateModified\":\"2024-08-19T09:19:03+00:00\",\"breadcrumb\":{\"@id\":\"https:\/\/psystemsrl.it\/es\/prodotto\/lineas-modulares-de-produccion-de-pellets-a-medida\/#breadcrumb\"},\"inLanguage\":\"es\",\"potentialAction\":[{\"@type\":\"ReadAction\",\"target\":[\"https:\/\/psystemsrl.it\/es\/prodotto\/lineas-modulares-de-produccion-de-pellets-a-medida\/\"]}]},{\"@type\":\"ImageObject\",\"inLanguage\":\"es\",\"@id\":\"https:\/\/psystemsrl.it\/es\/prodotto\/lineas-modulares-de-produccion-de-pellets-a-medida\/#primaryimage\",\"url\":\"https:\/\/psystemsrl.it\/wp-content\/uploads\/2024\/08\/linee-complete-per-produzione-pellet-2.jpg\",\"contentUrl\":\"https:\/\/psystemsrl.it\/wp-content\/uploads\/2024\/08\/linee-complete-per-produzione-pellet-2.jpg\",\"width\":1280,\"height\":1024},{\"@type\":\"BreadcrumbList\",\"@id\":\"https:\/\/psystemsrl.it\/es\/prodotto\/lineas-modulares-de-produccion-de-pellets-a-medida\/#breadcrumb\",\"itemListElement\":[{\"@type\":\"ListItem\",\"position\":1,\"name\":\"Home\",\"item\":\"https:\/\/psystemsrl.it\/es\/pagina-de-inicio\/\"},{\"@type\":\"ListItem\",\"position\":2,\"name\":\"Tienda\",\"item\":\"https:\/\/psystemsrl.it\/es\/tienda\/\"},{\"@type\":\"ListItem\",\"position\":3,\"name\":\"L\u00edneas modulares de producci\u00f3n de pellets a medida\"}]},{\"@type\":\"WebSite\",\"@id\":\"https:\/\/psystemsrl.it\/es\/#website\",\"url\":\"https:\/\/psystemsrl.it\/es\/\",\"name\":\"P System Automazione\",\"description\":\"\",\"publisher\":{\"@id\":\"https:\/\/psystemsrl.it\/es\/#organization\"},\"potentialAction\":[{\"@type\":\"SearchAction\",\"target\":{\"@type\":\"EntryPoint\",\"urlTemplate\":\"https:\/\/psystemsrl.it\/es\/?s={search_term_string}\"},\"query-input\":{\"@type\":\"PropertyValueSpecification\",\"valueRequired\":true,\"valueName\":\"search_term_string\"}}],\"inLanguage\":\"es\"},{\"@type\":\"Organization\",\"@id\":\"https:\/\/psystemsrl.it\/es\/#organization\",\"name\":\"P System Automazione\",\"url\":\"https:\/\/psystemsrl.it\/es\/\",\"logo\":{\"@type\":\"ImageObject\",\"inLanguage\":\"es\",\"@id\":\"https:\/\/psystemsrl.it\/es\/#\/schema\/logo\/image\/\",\"url\":\"https:\/\/psystemsrl.it\/wp-content\/uploads\/2024\/08\/logo_psystem_def.png\",\"contentUrl\":\"https:\/\/psystemsrl.it\/wp-content\/uploads\/2024\/08\/logo_psystem_def.png\",\"width\":183,\"height\":54,\"caption\":\"P System Automazione\"},\"image\":{\"@id\":\"https:\/\/psystemsrl.it\/es\/#\/schema\/logo\/image\/\"}}]}<\/script>\n<!-- \/ Yoast SEO plugin. -->","yoast_head_json":{"title":"L\u00edneas modulares de producci\u00f3n de pellets a medida - P System Automazione","robots":{"index":"index","follow":"follow","max-snippet":"max-snippet:-1","max-image-preview":"max-image-preview:large","max-video-preview":"max-video-preview:-1"},"canonical":"https:\/\/psystemsrl.it\/es\/prodotto\/lineas-modulares-de-produccion-de-pellets-a-medida\/","og_locale":"es_ES","og_type":"article","og_title":"L\u00edneas modulares de producci\u00f3n de pellets a medida - P System Automazione","og_description":"Exclusivo sistema hidr\u00e1ulico de peletizaci\u00f3n y secado \u00a1De la viruta al envase, un solo proveedor! Reducci\u00f3n del tiempo de inactividad [&hellip;]","og_url":"https:\/\/psystemsrl.it\/es\/prodotto\/lineas-modulares-de-produccion-de-pellets-a-medida\/","og_site_name":"P System Automazione","og_image":[{"width":1280,"height":1024,"url":"https:\/\/psystemsrl.it\/wp-content\/uploads\/2024\/08\/linee-complete-per-produzione-pellet-2.jpg","type":"image\/jpeg"}],"twitter_card":"summary_large_image","twitter_misc":{"Tiempo de lectura":"1 minuto"},"schema":{"@context":"https:\/\/schema.org","@graph":[{"@type":"WebPage","@id":"https:\/\/psystemsrl.it\/es\/prodotto\/lineas-modulares-de-produccion-de-pellets-a-medida\/","url":"https:\/\/psystemsrl.it\/es\/prodotto\/lineas-modulares-de-produccion-de-pellets-a-medida\/","name":"L\u00edneas modulares de producci\u00f3n de pellets a medida - P System Automazione","isPartOf":{"@id":"https:\/\/psystemsrl.it\/es\/#website"},"primaryImageOfPage":{"@id":"https:\/\/psystemsrl.it\/es\/prodotto\/lineas-modulares-de-produccion-de-pellets-a-medida\/#primaryimage"},"image":{"@id":"https:\/\/psystemsrl.it\/es\/prodotto\/lineas-modulares-de-produccion-de-pellets-a-medida\/#primaryimage"},"thumbnailUrl":"https:\/\/psystemsrl.it\/wp-content\/uploads\/2024\/08\/linee-complete-per-produzione-pellet-2.jpg","datePublished":"2024-08-19T09:19:03+00:00","dateModified":"2024-08-19T09:19:03+00:00","breadcrumb":{"@id":"https:\/\/psystemsrl.it\/es\/prodotto\/lineas-modulares-de-produccion-de-pellets-a-medida\/#breadcrumb"},"inLanguage":"es","potentialAction":[{"@type":"ReadAction","target":["https:\/\/psystemsrl.it\/es\/prodotto\/lineas-modulares-de-produccion-de-pellets-a-medida\/"]}]},{"@type":"ImageObject","inLanguage":"es","@id":"https:\/\/psystemsrl.it\/es\/prodotto\/lineas-modulares-de-produccion-de-pellets-a-medida\/#primaryimage","url":"https:\/\/psystemsrl.it\/wp-content\/uploads\/2024\/08\/linee-complete-per-produzione-pellet-2.jpg","contentUrl":"https:\/\/psystemsrl.it\/wp-content\/uploads\/2024\/08\/linee-complete-per-produzione-pellet-2.jpg","width":1280,"height":1024},{"@type":"BreadcrumbList","@id":"https:\/\/psystemsrl.it\/es\/prodotto\/lineas-modulares-de-produccion-de-pellets-a-medida\/#breadcrumb","itemListElement":[{"@type":"ListItem","position":1,"name":"Home","item":"https:\/\/psystemsrl.it\/es\/pagina-de-inicio\/"},{"@type":"ListItem","position":2,"name":"Tienda","item":"https:\/\/psystemsrl.it\/es\/tienda\/"},{"@type":"ListItem","position":3,"name":"L\u00edneas modulares de producci\u00f3n de pellets a medida"}]},{"@type":"WebSite","@id":"https:\/\/psystemsrl.it\/es\/#website","url":"https:\/\/psystemsrl.it\/es\/","name":"P System Automazione","description":"","publisher":{"@id":"https:\/\/psystemsrl.it\/es\/#organization"},"potentialAction":[{"@type":"SearchAction","target":{"@type":"EntryPoint","urlTemplate":"https:\/\/psystemsrl.it\/es\/?s={search_term_string}"},"query-input":{"@type":"PropertyValueSpecification","valueRequired":true,"valueName":"search_term_string"}}],"inLanguage":"es"},{"@type":"Organization","@id":"https:\/\/psystemsrl.it\/es\/#organization","name":"P System Automazione","url":"https:\/\/psystemsrl.it\/es\/","logo":{"@type":"ImageObject","inLanguage":"es","@id":"https:\/\/psystemsrl.it\/es\/#\/schema\/logo\/image\/","url":"https:\/\/psystemsrl.it\/wp-content\/uploads\/2024\/08\/logo_psystem_def.png","contentUrl":"https:\/\/psystemsrl.it\/wp-content\/uploads\/2024\/08\/logo_psystem_def.png","width":183,"height":54,"caption":"P System Automazione"},"image":{"@id":"https:\/\/psystemsrl.it\/es\/#\/schema\/logo\/image\/"}}]}},"_links":{"self":[{"href":"https:\/\/psystemsrl.it\/es\/wp-json\/wp\/v2\/product\/2392","targetHints":{"allow":["GET"]}}],"collection":[{"href":"https:\/\/psystemsrl.it\/es\/wp-json\/wp\/v2\/product"}],"about":[{"href":"https:\/\/psystemsrl.it\/es\/wp-json\/wp\/v2\/types\/product"}],"replies":[{"embeddable":true,"href":"https:\/\/psystemsrl.it\/es\/wp-json\/wp\/v2\/comments?post=2392"}],"wp:featuredmedia":[{"embeddable":true,"href":"https:\/\/psystemsrl.it\/es\/wp-json\/wp\/v2\/media\/1787"}],"wp:attachment":[{"href":"https:\/\/psystemsrl.it\/es\/wp-json\/wp\/v2\/media?parent=2392"}],"wp:term":[{"taxonomy":"product_cat","embeddable":true,"href":"https:\/\/psystemsrl.it\/es\/wp-json\/wp\/v2\/product_cat?post=2392"},{"taxonomy":"product_tag","embeddable":true,"href":"https:\/\/psystemsrl.it\/es\/wp-json\/wp\/v2\/product_tag?post=2392"}],"curies":[{"name":"wp","href":"https:\/\/api.w.org\/{rel}","templated":true}]}}