{"id":2373,"date":"2024-08-19T09:42:03","date_gmt":"2024-08-19T09:42:03","guid":{"rendered":"https:\/\/psystemsrl.it\/prodotto\/granulador-p300-7-l-22-kw\/"},"modified":"2024-08-19T09:42:03","modified_gmt":"2024-08-19T09:42:03","slug":"granulador-p300-7-l-22-kw","status":"publish","type":"product","link":"https:\/\/psystemsrl.it\/es\/prodotto\/granulador-p300-7-l-22-kw\/","title":{"rendered":"Granulador P300-7 L 22 Kw"},"content":{"rendered":"<h4><strong>Datos t\u00e9cnicos<\/strong><\/h4>\n<p><strong>DIMENSIONES: <\/strong><span style=\"font-size: 16px; font-style: normal; font-weight: 400;\">(mm) 1.700&#215;1.100&#215;1.550<\/span><strong>HPESO: <\/strong><span style=\"font-size: 16px; font-style: normal; font-weight: 400;\">(Kg) aprox. 1.400 MOTOR DE<\/span><strong>TR\u00c1FICO: <\/strong><span style=\"font-size: 16px; font-style: normal; font-weight: 400;\">22 Kw PRODUCCI\u00d3N<\/span><strong>: <\/strong><span style=\"font-size: 16px; font-style: normal; font-weight: 400;\">360* KG\/H M\u00c1X<\/span> *serrado de con\u00edferas m\u00edn. 10% m\u00e1x. 15% humedad<\/p>\n","protected":false},"excerpt":{"rendered":"<p>El sistema se compone de la siguiente manera: N\u00ba 01 Sinf\u00edn de carga del refinador con mando y regulaci\u00f3n hidr\u00e1ulicos.<br \/>\nALTERNATIVA: V\u00e1lvula estelar con mando y regulaci\u00f3n oleodin\u00e1micos, construida en chapa de acero soldada y luego galvanizada, con rotor de chapa de acero con piezas finales de goma de tela f\u00e1cilmente sustituibles, equipado con motorreductor.<br \/>\nN\u00ba 01 Refinador P300R para refinar autom\u00e1ticamente las virutas mediante una superficie perforada cil\u00edndrica fija, martillos oscilantes y giratorios intercambiables N\u00ba 01 Ventilador centr\u00edfugo de alto rendimiento equilibrado din\u00e1micamente que gira sobre soportes\/rodamientos.<br \/>\nCompleto con boquilla para conectar las mangueras de aspiraci\u00f3n N. 01 Kit de mangueras del cicl\u00f3n, compuesto por: mangueras flexibles de poliuretano con espiral de refuerzo de acero fosfatado incorporada, excelente resistencia a la abrasi\u00f3n, mangueras r\u00edgidas de chapa galvanizada, codos r\u00edgidos de chapa galvanizada, collares prensados de chapa galvanizada, abrazaderas de acero inoxidable INOX 304 con cierre de destornillador.<br \/>\nN.\u00ba 01 Cicl\u00f3n superior construido en chapa galvanizada, compuesto por un cilindro exterior y un contracilindro interior.<br \/>\nFuncionamiento: los polvos entran por la entrada lateral, se ciclonizan precipitando las partes pesadas hacia abajo, descarg\u00e1ndolas por la entrada circular inferior, el aire se expulsa por el tubo superior a la atm\u00f3sfera.<br \/>\nN. 01 Peletizadora P300-L-22 Kw completa con:        <\/p>\n<ul>\n<li>tornillo de carga de material con sondas de nivel m\u00ednimo y m\u00e1ximo y trampilla de inspecci\u00f3n<\/li>\n<li>dep\u00f3sito de aceite para limpieza autom\u00e1tica de troqueles<\/li>\n<li>tornillo de alimentaci\u00f3n de material en el caj\u00f3n<\/li>\n<li>N.01<br \/>\nTroquel vertical con N.01<br \/>\nRodillo  <\/li>\n<li>kit anticondensaci\u00f3n, kit v\u00e1lvula de exclusi\u00f3n, kit humidificaci\u00f3n<\/li>\n<li>Conexi\u00f3n telef\u00f3nica a Internet para seguimiento y asistencia<\/li>\n<li>kit de refrigeraci\u00f3n de lavado de rodillos<\/li>\n<li>sonda de lectura de los valores de humedad del material<\/li>\n<\/ul>\n<p>  N. 01 Sinf\u00edn de descarga controlado y regulado hidr\u00e1ulicamente con aceite para enfriar y desempolvar el granulado, completo con conexiones de tubo para aspirar el polvo sobrante N. 01 Kit de rodillos de repuesto<\/p>\n","protected":false},"featured_media":1767,"comment_status":"open","ping_status":"closed","template":"","meta":{"site-sidebar-layout":"default","site-content-layout":"","ast-site-content-layout":"default","site-content-style":"default","site-sidebar-style":"default","ast-global-header-display":"","ast-banner-title-visibility":"","ast-main-header-display":"","ast-hfb-above-header-display":"","ast-hfb-below-header-display":"","ast-hfb-mobile-header-display":"","site-post-title":"","ast-breadcrumbs-content":"","ast-featured-img":"","footer-sml-layout":"","theme-transparent-header-meta":"default","adv-header-id-meta":"","stick-header-meta":"","header-above-stick-meta":"","header-main-stick-meta":"","header-below-stick-meta":"","astra-migrate-meta-layouts":"default","ast-page-background-enabled":"default","ast-page-background-meta":{"desktop":{"background-color":"var(--ast-global-color-4)","background-image":"","background-repeat":"repeat","background-position":"center center","background-size":"auto","background-attachment":"scroll","background-type":"","background-media":"","overlay-type":"","overlay-color":"","overlay-opacity":"","overlay-gradient":""},"tablet":{"background-color":"","background-image":"","background-repeat":"repeat","background-position":"center center","background-size":"auto","background-attachment":"scroll","background-type":"","background-media":"","overlay-type":"","overlay-color":"","overlay-opacity":"","overlay-gradient":""},"mobile":{"background-color":"","background-image":"","background-repeat":"repeat","background-position":"center center","background-size":"auto","background-attachment":"scroll","background-type":"","background-media":"","overlay-type":"","overlay-color":"","overlay-opacity":"","overlay-gradient":""}},"ast-content-background-meta":{"desktop":{"background-color":"var(--ast-global-color-5)","background-image":"","background-repeat":"repeat","background-position":"center center","background-size":"auto","background-attachment":"scroll","background-type":"","background-media":"","overlay-type":"","overlay-color":"","overlay-opacity":"","overlay-gradient":""},"tablet":{"background-color":"var(--ast-global-color-5)","background-image":"","background-repeat":"repeat","background-position":"center center","background-size":"auto","background-attachment":"scroll","background-type":"","background-media":"","overlay-type":"","overlay-color":"","overlay-opacity":"","overlay-gradient":""},"mobile":{"background-color":"var(--ast-global-color-5)","background-image":"","background-repeat":"repeat","background-position":"center center","background-size":"auto","background-attachment":"scroll","background-type":"","background-media":"","overlay-type":"","overlay-color":"","overlay-opacity":"","overlay-gradient":""}}},"product_cat":[54,46],"product_tag":[],"class_list":{"0":"post-2373","1":"product","2":"type-product","3":"status-publish","4":"has-post-thumbnail","6":"product_cat-lineas-completas-de-granulacion","7":"product_cat-mostrar-todo","8":"desktop-align-left","9":"tablet-align-left","10":"mobile-align-left","12":"first","13":"instock","14":"shipping-taxable","15":"product-type-external"},"yoast_head":"<!-- This site is optimized with the Yoast SEO plugin v23.4 - https:\/\/yoast.com\/wordpress\/plugins\/seo\/ -->\n<title>Granulador P300-7 L 22 Kw - P System Automazione<\/title>\n<meta name=\"robots\" content=\"index, follow, max-snippet:-1, max-image-preview:large, max-video-preview:-1\" \/>\n<link rel=\"canonical\" href=\"https:\/\/psystemsrl.it\/es\/prodotto\/granulador-p300-7-l-22-kw\/\" \/>\n<meta property=\"og:locale\" content=\"es_ES\" \/>\n<meta property=\"og:type\" content=\"article\" \/>\n<meta property=\"og:title\" content=\"Granulador P300-7 L 22 Kw - P System Automazione\" \/>\n<meta property=\"og:description\" content=\"El sistema se compone de la siguiente manera: N\u00ba 01 Sinf\u00edn de carga del refinador con mando y regulaci\u00f3n hidr\u00e1ulicos. ALTERNATIVA: V\u00e1lvula estelar con mando y regulaci\u00f3n oleodin\u00e1micos, construida en chapa de acero soldada y luego galvanizada, con rotor de chapa de acero con piezas finales de goma de tela f\u00e1cilmente sustituibles, equipado con motorreductor. N\u00ba 01 Refinador P300R para refinar autom\u00e1ticamente las virutas mediante una superficie perforada cil\u00edndrica fija, martillos oscilantes y giratorios intercambiables N\u00ba 01 Ventilador centr\u00edfugo de alto rendimiento equilibrado din\u00e1micamente que gira sobre soportes\/rodamientos. Completo con boquilla para conectar las mangueras de aspiraci\u00f3n N. 01 Kit de mangueras del cicl\u00f3n, compuesto por: mangueras flexibles de poliuretano con espiral de refuerzo de acero fosfatado incorporada, excelente resistencia a la abrasi\u00f3n, mangueras r\u00edgidas de chapa galvanizada, codos r\u00edgidos de chapa galvanizada, collares prensados de chapa galvanizada, abrazaderas de acero inoxidable INOX 304 con cierre de destornillador. N.\u00ba 01 Cicl\u00f3n superior construido en chapa galvanizada, compuesto por un cilindro exterior y un contracilindro interior. Funcionamiento: los polvos entran por la entrada lateral, se ciclonizan precipitando las partes pesadas hacia abajo, descarg\u00e1ndolas por la entrada circular inferior, el aire se expulsa por el tubo superior a la atm\u00f3sfera. N. 01 Peletizadora P300-L-22 Kw completa con:      tornillo de carga de material con sondas de nivel m\u00ednimo y m\u00e1ximo y trampilla de inspecci\u00f3n  dep\u00f3sito de aceite para limpieza autom\u00e1tica de troqueles  tornillo de alimentaci\u00f3n de material en el caj\u00f3n  N.01 Troquel vertical con N.01 Rodillo   kit anticondensaci\u00f3n, kit v\u00e1lvula de exclusi\u00f3n, kit humidificaci\u00f3n  Conexi\u00f3n telef\u00f3nica a Internet para seguimiento y asistencia  kit de refrigeraci\u00f3n de lavado de rodillos  sonda de lectura de los valores de humedad del material  N. 01 Sinf\u00edn de descarga controlado y regulado hidr\u00e1ulicamente con aceite para enfriar y desempolvar el granulado, completo con conexiones de tubo para aspirar el polvo sobrante N. 01 Kit de rodillos de repuesto\" \/>\n<meta property=\"og:url\" content=\"https:\/\/psystemsrl.it\/es\/prodotto\/granulador-p300-7-l-22-kw\/\" \/>\n<meta property=\"og:site_name\" content=\"P System Automazione\" \/>\n<meta property=\"og:image\" content=\"https:\/\/psystemsrl.it\/wp-content\/uploads\/2024\/08\/20150924_095135_2-1.jpg\" \/>\n\t<meta property=\"og:image:width\" content=\"1900\" \/>\n\t<meta property=\"og:image:height\" content=\"1672\" \/>\n\t<meta property=\"og:image:type\" content=\"image\/jpeg\" \/>\n<meta name=\"twitter:card\" content=\"summary_large_image\" \/>\n<script type=\"application\/ld+json\" class=\"yoast-schema-graph\">{\"@context\":\"https:\/\/schema.org\",\"@graph\":[{\"@type\":\"WebPage\",\"@id\":\"https:\/\/psystemsrl.it\/es\/prodotto\/granulador-p300-7-l-22-kw\/\",\"url\":\"https:\/\/psystemsrl.it\/es\/prodotto\/granulador-p300-7-l-22-kw\/\",\"name\":\"Granulador P300-7 L 22 Kw - P System Automazione\",\"isPartOf\":{\"@id\":\"https:\/\/psystemsrl.it\/es\/#website\"},\"primaryImageOfPage\":{\"@id\":\"https:\/\/psystemsrl.it\/es\/prodotto\/granulador-p300-7-l-22-kw\/#primaryimage\"},\"image\":{\"@id\":\"https:\/\/psystemsrl.it\/es\/prodotto\/granulador-p300-7-l-22-kw\/#primaryimage\"},\"thumbnailUrl\":\"https:\/\/psystemsrl.it\/wp-content\/uploads\/2024\/08\/20150924_095135_2-1.jpg\",\"datePublished\":\"2024-08-19T09:42:03+00:00\",\"dateModified\":\"2024-08-19T09:42:03+00:00\",\"breadcrumb\":{\"@id\":\"https:\/\/psystemsrl.it\/es\/prodotto\/granulador-p300-7-l-22-kw\/#breadcrumb\"},\"inLanguage\":\"es\",\"potentialAction\":[{\"@type\":\"ReadAction\",\"target\":[\"https:\/\/psystemsrl.it\/es\/prodotto\/granulador-p300-7-l-22-kw\/\"]}]},{\"@type\":\"ImageObject\",\"inLanguage\":\"es\",\"@id\":\"https:\/\/psystemsrl.it\/es\/prodotto\/granulador-p300-7-l-22-kw\/#primaryimage\",\"url\":\"https:\/\/psystemsrl.it\/wp-content\/uploads\/2024\/08\/20150924_095135_2-1.jpg\",\"contentUrl\":\"https:\/\/psystemsrl.it\/wp-content\/uploads\/2024\/08\/20150924_095135_2-1.jpg\",\"width\":1900,\"height\":1672},{\"@type\":\"BreadcrumbList\",\"@id\":\"https:\/\/psystemsrl.it\/es\/prodotto\/granulador-p300-7-l-22-kw\/#breadcrumb\",\"itemListElement\":[{\"@type\":\"ListItem\",\"position\":1,\"name\":\"Home\",\"item\":\"https:\/\/psystemsrl.it\/es\/pagina-de-inicio\/\"},{\"@type\":\"ListItem\",\"position\":2,\"name\":\"Tienda\",\"item\":\"https:\/\/psystemsrl.it\/es\/tienda\/\"},{\"@type\":\"ListItem\",\"position\":3,\"name\":\"Granulador P300-7 L 22 Kw\"}]},{\"@type\":\"WebSite\",\"@id\":\"https:\/\/psystemsrl.it\/es\/#website\",\"url\":\"https:\/\/psystemsrl.it\/es\/\",\"name\":\"P System Automazione\",\"description\":\"\",\"publisher\":{\"@id\":\"https:\/\/psystemsrl.it\/es\/#organization\"},\"potentialAction\":[{\"@type\":\"SearchAction\",\"target\":{\"@type\":\"EntryPoint\",\"urlTemplate\":\"https:\/\/psystemsrl.it\/es\/?s={search_term_string}\"},\"query-input\":{\"@type\":\"PropertyValueSpecification\",\"valueRequired\":true,\"valueName\":\"search_term_string\"}}],\"inLanguage\":\"es\"},{\"@type\":\"Organization\",\"@id\":\"https:\/\/psystemsrl.it\/es\/#organization\",\"name\":\"P System Automazione\",\"url\":\"https:\/\/psystemsrl.it\/es\/\",\"logo\":{\"@type\":\"ImageObject\",\"inLanguage\":\"es\",\"@id\":\"https:\/\/psystemsrl.it\/es\/#\/schema\/logo\/image\/\",\"url\":\"https:\/\/psystemsrl.it\/wp-content\/uploads\/2024\/08\/logo_psystem_def.png\",\"contentUrl\":\"https:\/\/psystemsrl.it\/wp-content\/uploads\/2024\/08\/logo_psystem_def.png\",\"width\":183,\"height\":54,\"caption\":\"P System Automazione\"},\"image\":{\"@id\":\"https:\/\/psystemsrl.it\/es\/#\/schema\/logo\/image\/\"}}]}<\/script>\n<!-- \/ Yoast SEO plugin. -->","yoast_head_json":{"title":"Granulador P300-7 L 22 Kw - P System Automazione","robots":{"index":"index","follow":"follow","max-snippet":"max-snippet:-1","max-image-preview":"max-image-preview:large","max-video-preview":"max-video-preview:-1"},"canonical":"https:\/\/psystemsrl.it\/es\/prodotto\/granulador-p300-7-l-22-kw\/","og_locale":"es_ES","og_type":"article","og_title":"Granulador P300-7 L 22 Kw - P System Automazione","og_description":"El sistema se compone de la siguiente manera: N\u00ba 01 Sinf\u00edn de carga del refinador con mando y regulaci\u00f3n hidr\u00e1ulicos. ALTERNATIVA: V\u00e1lvula estelar con mando y regulaci\u00f3n oleodin\u00e1micos, construida en chapa de acero soldada y luego galvanizada, con rotor de chapa de acero con piezas finales de goma de tela f\u00e1cilmente sustituibles, equipado con motorreductor. N\u00ba 01 Refinador P300R para refinar autom\u00e1ticamente las virutas mediante una superficie perforada cil\u00edndrica fija, martillos oscilantes y giratorios intercambiables N\u00ba 01 Ventilador centr\u00edfugo de alto rendimiento equilibrado din\u00e1micamente que gira sobre soportes\/rodamientos. Completo con boquilla para conectar las mangueras de aspiraci\u00f3n N. 01 Kit de mangueras del cicl\u00f3n, compuesto por: mangueras flexibles de poliuretano con espiral de refuerzo de acero fosfatado incorporada, excelente resistencia a la abrasi\u00f3n, mangueras r\u00edgidas de chapa galvanizada, codos r\u00edgidos de chapa galvanizada, collares prensados de chapa galvanizada, abrazaderas de acero inoxidable INOX 304 con cierre de destornillador. N.\u00ba 01 Cicl\u00f3n superior construido en chapa galvanizada, compuesto por un cilindro exterior y un contracilindro interior. Funcionamiento: los polvos entran por la entrada lateral, se ciclonizan precipitando las partes pesadas hacia abajo, descarg\u00e1ndolas por la entrada circular inferior, el aire se expulsa por el tubo superior a la atm\u00f3sfera. N. 01 Peletizadora P300-L-22 Kw completa con:      tornillo de carga de material con sondas de nivel m\u00ednimo y m\u00e1ximo y trampilla de inspecci\u00f3n  dep\u00f3sito de aceite para limpieza autom\u00e1tica de troqueles  tornillo de alimentaci\u00f3n de material en el caj\u00f3n  N.01 Troquel vertical con N.01 Rodillo   kit anticondensaci\u00f3n, kit v\u00e1lvula de exclusi\u00f3n, kit humidificaci\u00f3n  Conexi\u00f3n telef\u00f3nica a Internet para seguimiento y asistencia  kit de refrigeraci\u00f3n de lavado de rodillos  sonda de lectura de los valores de humedad del material  N. 01 Sinf\u00edn de descarga controlado y regulado hidr\u00e1ulicamente con aceite para enfriar y desempolvar el granulado, completo con conexiones de tubo para aspirar el polvo sobrante N. 01 Kit de rodillos de repuesto","og_url":"https:\/\/psystemsrl.it\/es\/prodotto\/granulador-p300-7-l-22-kw\/","og_site_name":"P System Automazione","og_image":[{"width":1900,"height":1672,"url":"https:\/\/psystemsrl.it\/wp-content\/uploads\/2024\/08\/20150924_095135_2-1.jpg","type":"image\/jpeg"}],"twitter_card":"summary_large_image","schema":{"@context":"https:\/\/schema.org","@graph":[{"@type":"WebPage","@id":"https:\/\/psystemsrl.it\/es\/prodotto\/granulador-p300-7-l-22-kw\/","url":"https:\/\/psystemsrl.it\/es\/prodotto\/granulador-p300-7-l-22-kw\/","name":"Granulador P300-7 L 22 Kw - P System Automazione","isPartOf":{"@id":"https:\/\/psystemsrl.it\/es\/#website"},"primaryImageOfPage":{"@id":"https:\/\/psystemsrl.it\/es\/prodotto\/granulador-p300-7-l-22-kw\/#primaryimage"},"image":{"@id":"https:\/\/psystemsrl.it\/es\/prodotto\/granulador-p300-7-l-22-kw\/#primaryimage"},"thumbnailUrl":"https:\/\/psystemsrl.it\/wp-content\/uploads\/2024\/08\/20150924_095135_2-1.jpg","datePublished":"2024-08-19T09:42:03+00:00","dateModified":"2024-08-19T09:42:03+00:00","breadcrumb":{"@id":"https:\/\/psystemsrl.it\/es\/prodotto\/granulador-p300-7-l-22-kw\/#breadcrumb"},"inLanguage":"es","potentialAction":[{"@type":"ReadAction","target":["https:\/\/psystemsrl.it\/es\/prodotto\/granulador-p300-7-l-22-kw\/"]}]},{"@type":"ImageObject","inLanguage":"es","@id":"https:\/\/psystemsrl.it\/es\/prodotto\/granulador-p300-7-l-22-kw\/#primaryimage","url":"https:\/\/psystemsrl.it\/wp-content\/uploads\/2024\/08\/20150924_095135_2-1.jpg","contentUrl":"https:\/\/psystemsrl.it\/wp-content\/uploads\/2024\/08\/20150924_095135_2-1.jpg","width":1900,"height":1672},{"@type":"BreadcrumbList","@id":"https:\/\/psystemsrl.it\/es\/prodotto\/granulador-p300-7-l-22-kw\/#breadcrumb","itemListElement":[{"@type":"ListItem","position":1,"name":"Home","item":"https:\/\/psystemsrl.it\/es\/pagina-de-inicio\/"},{"@type":"ListItem","position":2,"name":"Tienda","item":"https:\/\/psystemsrl.it\/es\/tienda\/"},{"@type":"ListItem","position":3,"name":"Granulador P300-7 L 22 Kw"}]},{"@type":"WebSite","@id":"https:\/\/psystemsrl.it\/es\/#website","url":"https:\/\/psystemsrl.it\/es\/","name":"P System Automazione","description":"","publisher":{"@id":"https:\/\/psystemsrl.it\/es\/#organization"},"potentialAction":[{"@type":"SearchAction","target":{"@type":"EntryPoint","urlTemplate":"https:\/\/psystemsrl.it\/es\/?s={search_term_string}"},"query-input":{"@type":"PropertyValueSpecification","valueRequired":true,"valueName":"search_term_string"}}],"inLanguage":"es"},{"@type":"Organization","@id":"https:\/\/psystemsrl.it\/es\/#organization","name":"P System Automazione","url":"https:\/\/psystemsrl.it\/es\/","logo":{"@type":"ImageObject","inLanguage":"es","@id":"https:\/\/psystemsrl.it\/es\/#\/schema\/logo\/image\/","url":"https:\/\/psystemsrl.it\/wp-content\/uploads\/2024\/08\/logo_psystem_def.png","contentUrl":"https:\/\/psystemsrl.it\/wp-content\/uploads\/2024\/08\/logo_psystem_def.png","width":183,"height":54,"caption":"P System Automazione"},"image":{"@id":"https:\/\/psystemsrl.it\/es\/#\/schema\/logo\/image\/"}}]}},"_links":{"self":[{"href":"https:\/\/psystemsrl.it\/es\/wp-json\/wp\/v2\/product\/2373","targetHints":{"allow":["GET"]}}],"collection":[{"href":"https:\/\/psystemsrl.it\/es\/wp-json\/wp\/v2\/product"}],"about":[{"href":"https:\/\/psystemsrl.it\/es\/wp-json\/wp\/v2\/types\/product"}],"replies":[{"embeddable":true,"href":"https:\/\/psystemsrl.it\/es\/wp-json\/wp\/v2\/comments?post=2373"}],"wp:featuredmedia":[{"embeddable":true,"href":"https:\/\/psystemsrl.it\/es\/wp-json\/wp\/v2\/media\/1767"}],"wp:attachment":[{"href":"https:\/\/psystemsrl.it\/es\/wp-json\/wp\/v2\/media?parent=2373"}],"wp:term":[{"taxonomy":"product_cat","embeddable":true,"href":"https:\/\/psystemsrl.it\/es\/wp-json\/wp\/v2\/product_cat?post=2373"},{"taxonomy":"product_tag","embeddable":true,"href":"https:\/\/psystemsrl.it\/es\/wp-json\/wp\/v2\/product_tag?post=2373"}],"curies":[{"name":"wp","href":"https:\/\/api.w.org\/{rel}","templated":true}]}}