{"id":1974,"date":"2024-08-22T15:32:30","date_gmt":"2024-08-22T15:32:30","guid":{"rendered":"https:\/\/psystemsrl.it\/medios-de-comunicacion\/"},"modified":"2024-09-04T13:11:29","modified_gmt":"2024-09-04T13:11:29","slug":"medios-de-comunicacion","status":"publish","type":"page","link":"https:\/\/psystemsrl.it\/es\/medios-de-comunicacion\/","title":{"rendered":"Medios de comunicaci\u00f3n"},"content":{"rendered":"\t\t<div data-elementor-type=\"wp-page\" data-elementor-id=\"1974\" class=\"elementor elementor-1974 elementor-1192\" data-elementor-post-type=\"page\">\n\t\t\t\t<div class=\"elementor-element elementor-element-37758bfb e-con-full e-flex e-con e-parent\" data-id=\"37758bfb\" data-element_type=\"container\" data-settings=\"{&quot;background_background&quot;:&quot;classic&quot;}\">\n\t\t<div class=\"elementor-element elementor-element-608072a4 e-flex e-con-boxed e-con e-child\" data-id=\"608072a4\" data-element_type=\"container\">\n\t\t\t\t\t<div class=\"e-con-inner\">\n\t\t\t\t<div class=\"elementor-element elementor-element-5adb4a38 elementor-widget elementor-widget-heading\" data-id=\"5adb4a38\" data-element_type=\"widget\" data-widget_type=\"heading.default\">\n\t\t\t\t<div class=\"elementor-widget-container\">\n\t\t\t<h2 class=\"elementor-heading-title elementor-size-default\">Medios de comunicaci\u00f3n<\/h2>\t\t<\/div>\n\t\t\t\t<\/div>\n\t\t\t\t\t<\/div>\n\t\t\t\t<\/div>\n\t\t\t\t<\/div>\n\t\t<div class=\"elementor-element elementor-element-7a983f4 e-flex e-con-boxed e-con e-parent\" data-id=\"7a983f4\" data-element_type=\"container\" data-settings=\"{&quot;background_background&quot;:&quot;classic&quot;}\">\n\t\t\t\t\t<div class=\"e-con-inner\">\n\t\t<div class=\"elementor-element elementor-element-643eafe e-con-full e-flex e-con e-child\" data-id=\"643eafe\" data-element_type=\"container\">\n\t\t<div class=\"elementor-element elementor-element-ced01f7 e-con-full e-grid e-con e-child\" data-id=\"ced01f7\" data-element_type=\"container\">\n\t\t\t\t<div class=\"elementor-element elementor-element-d5e9bdb elementor-widget elementor-widget-image\" data-id=\"d5e9bdb\" data-element_type=\"widget\" data-widget_type=\"image.default\">\n\t\t\t\t<div class=\"elementor-widget-container\">\n\t\t\t\t\t\t\t\t\t\t\t\t\t<img fetchpriority=\"high\" decoding=\"async\" width=\"1024\" height=\"768\" src=\"https:\/\/psystemsrl.it\/wp-content\/uploads\/2024\/08\/inkapex-050-1024x768.jpg\" class=\"attachment-large size-large wp-image-419\" alt=\"\" srcset=\"https:\/\/psystemsrl.it\/wp-content\/uploads\/2024\/08\/inkapex-050-1024x768.jpg 1024w, https:\/\/psystemsrl.it\/wp-content\/uploads\/2024\/08\/inkapex-050-scaled-600x450.jpg 600w, https:\/\/psystemsrl.it\/wp-content\/uploads\/2024\/08\/inkapex-050-300x225.jpg 300w, https:\/\/psystemsrl.it\/wp-content\/uploads\/2024\/08\/inkapex-050-768x576.jpg 768w, https:\/\/psystemsrl.it\/wp-content\/uploads\/2024\/08\/inkapex-050-1536x1152.jpg 1536w, https:\/\/psystemsrl.it\/wp-content\/uploads\/2024\/08\/inkapex-050-2048x1536.jpg 2048w\" sizes=\"(max-width: 1024px) 100vw, 1024px\" \/>\t\t\t\t\t\t\t\t\t\t\t\t\t<\/div>\n\t\t\t\t<\/div>\n\t\t\t\t<div class=\"elementor-element elementor-element-48ededc elementor-widget elementor-widget-image\" data-id=\"48ededc\" data-element_type=\"widget\" data-widget_type=\"image.default\">\n\t\t\t\t<div class=\"elementor-widget-container\">\n\t\t\t\t\t\t\t\t\t\t\t\t\t<img decoding=\"async\" width=\"1000\" height=\"747\" src=\"https:\/\/psystemsrl.it\/wp-content\/uploads\/2024\/08\/azienda-04.jpg\" class=\"attachment-large size-large wp-image-410\" alt=\"\" srcset=\"https:\/\/psystemsrl.it\/wp-content\/uploads\/2024\/08\/azienda-04.jpg 1000w, https:\/\/psystemsrl.it\/wp-content\/uploads\/2024\/08\/azienda-04-600x448.jpg 600w, https:\/\/psystemsrl.it\/wp-content\/uploads\/2024\/08\/azienda-04-300x224.jpg 300w, https:\/\/psystemsrl.it\/wp-content\/uploads\/2024\/08\/azienda-04-768x574.jpg 768w\" sizes=\"(max-width: 1000px) 100vw, 1000px\" \/>\t\t\t\t\t\t\t\t\t\t\t\t\t<\/div>\n\t\t\t\t<\/div>\n\t\t\t\t<div class=\"elementor-element elementor-element-76d3aca elementor-widget elementor-widget-image\" data-id=\"76d3aca\" data-element_type=\"widget\" data-widget_type=\"image.default\">\n\t\t\t\t<div class=\"elementor-widget-container\">\n\t\t\t\t\t\t\t\t\t\t\t\t\t<img decoding=\"async\" width=\"1000\" height=\"750\" src=\"https:\/\/psystemsrl.it\/wp-content\/uploads\/2024\/08\/azienda-08.jpg\" class=\"attachment-large size-large wp-image-414\" alt=\"\" srcset=\"https:\/\/psystemsrl.it\/wp-content\/uploads\/2024\/08\/azienda-08.jpg 1000w, https:\/\/psystemsrl.it\/wp-content\/uploads\/2024\/08\/azienda-08-600x450.jpg 600w, https:\/\/psystemsrl.it\/wp-content\/uploads\/2024\/08\/azienda-08-300x225.jpg 300w, https:\/\/psystemsrl.it\/wp-content\/uploads\/2024\/08\/azienda-08-768x576.jpg 768w\" sizes=\"(max-width: 1000px) 100vw, 1000px\" \/>\t\t\t\t\t\t\t\t\t\t\t\t\t<\/div>\n\t\t\t\t<\/div>\n\t\t\t\t<div class=\"elementor-element elementor-element-4c25e4b elementor-widget elementor-widget-image\" data-id=\"4c25e4b\" data-element_type=\"widget\" data-widget_type=\"image.default\">\n\t\t\t\t<div class=\"elementor-widget-container\">\n\t\t\t\t\t\t\t\t\t\t\t\t\t<img loading=\"lazy\" decoding=\"async\" width=\"1024\" height=\"819\" src=\"https:\/\/psystemsrl.it\/wp-content\/uploads\/2024\/08\/linee-complete-per-produzione-pellet-1-1024x819.jpg\" class=\"attachment-large size-large wp-image-536\" alt=\"\" srcset=\"https:\/\/psystemsrl.it\/wp-content\/uploads\/2024\/08\/linee-complete-per-produzione-pellet-1-1024x819.jpg 1024w, https:\/\/psystemsrl.it\/wp-content\/uploads\/2024\/08\/linee-complete-per-produzione-pellet-1-600x480.jpg 600w, https:\/\/psystemsrl.it\/wp-content\/uploads\/2024\/08\/linee-complete-per-produzione-pellet-1-300x240.jpg 300w, https:\/\/psystemsrl.it\/wp-content\/uploads\/2024\/08\/linee-complete-per-produzione-pellet-1-768x614.jpg 768w, https:\/\/psystemsrl.it\/wp-content\/uploads\/2024\/08\/linee-complete-per-produzione-pellet-1.jpg 1280w\" sizes=\"(max-width: 1024px) 100vw, 1024px\" \/>\t\t\t\t\t\t\t\t\t\t\t\t\t<\/div>\n\t\t\t\t<\/div>\n\t\t\t\t<div class=\"elementor-element elementor-element-65bb233 elementor-widget elementor-widget-image\" data-id=\"65bb233\" data-element_type=\"widget\" data-widget_type=\"image.default\">\n\t\t\t\t<div class=\"elementor-widget-container\">\n\t\t\t\t\t\t\t\t\t\t\t\t\t<img loading=\"lazy\" decoding=\"async\" width=\"480\" height=\"360\" src=\"https:\/\/psystemsrl.it\/wp-content\/uploads\/2024\/08\/FlpC_Jfs_5I.jpg\" class=\"attachment-large size-large wp-image-598\" alt=\"\" srcset=\"https:\/\/psystemsrl.it\/wp-content\/uploads\/2024\/08\/FlpC_Jfs_5I.jpg 480w, https:\/\/psystemsrl.it\/wp-content\/uploads\/2024\/08\/FlpC_Jfs_5I-300x225.jpg 300w\" sizes=\"(max-width: 480px) 100vw, 480px\" \/>\t\t\t\t\t\t\t\t\t\t\t\t\t<\/div>\n\t\t\t\t<\/div>\n\t\t\t\t<div class=\"elementor-element elementor-element-a20d47c elementor-widget elementor-widget-image\" data-id=\"a20d47c\" data-element_type=\"widget\" data-widget_type=\"image.default\">\n\t\t\t\t<div class=\"elementor-widget-container\">\n\t\t\t\t\t\t\t\t\t\t\t\t\t<img loading=\"lazy\" decoding=\"async\" width=\"480\" height=\"360\" src=\"https:\/\/psystemsrl.it\/wp-content\/uploads\/2024\/08\/tOOqAY-PNpk.jpg\" class=\"attachment-large size-large wp-image-614\" alt=\"\" srcset=\"https:\/\/psystemsrl.it\/wp-content\/uploads\/2024\/08\/tOOqAY-PNpk.jpg 480w, https:\/\/psystemsrl.it\/wp-content\/uploads\/2024\/08\/tOOqAY-PNpk-300x225.jpg 300w\" sizes=\"(max-width: 480px) 100vw, 480px\" \/>\t\t\t\t\t\t\t\t\t\t\t\t\t<\/div>\n\t\t\t\t<\/div>\n\t\t\t\t<\/div>\n\t\t\t\t<\/div>\n\t\t<div class=\"elementor-element elementor-element-cbadada e-con-full e-flex e-con e-child\" data-id=\"cbadada\" data-element_type=\"container\">\n\t\t<div class=\"elementor-element elementor-element-1ac322b e-con-full e-flex e-con e-child\" data-id=\"1ac322b\" data-element_type=\"container\">\n\t\t\t\t<div class=\"elementor-element elementor-element-55e950f elementor-widget elementor-widget-video\" data-id=\"55e950f\" data-element_type=\"widget\" data-settings=\"{&quot;youtube_url&quot;:&quot;https:\\\/\\\/youtu.be\\\/jVobBrubn1M&quot;,&quot;show_image_overlay&quot;:&quot;yes&quot;,&quot;image_overlay&quot;:{&quot;url&quot;:&quot;https:\\\/\\\/psystemsrl.it\\\/wp-content\\\/uploads\\\/2024\\\/08\\\/jVobBrubn1M.jpg&quot;,&quot;id&quot;:610,&quot;size&quot;:&quot;&quot;,&quot;alt&quot;:&quot;&quot;,&quot;source&quot;:&quot;library&quot;},&quot;video_type&quot;:&quot;youtube&quot;,&quot;controls&quot;:&quot;yes&quot;}\" data-widget_type=\"video.default\">\n\t\t\t\t<div class=\"elementor-widget-container\">\n\t\t\t\t\t<div class=\"elementor-wrapper elementor-open-inline\">\n\t\t\t<div class=\"elementor-video\"><\/div>\t\t\t\t<div class=\"elementor-custom-embed-image-overlay\" style=\"background-image: url(https:\/\/psystemsrl.it\/wp-content\/uploads\/2024\/08\/jVobBrubn1M.jpg);\">\n\t\t\t\t\t\t\t\t\t\t\t\t\t\t\t\t<div class=\"elementor-custom-embed-play\" role=\"button\" aria-label=\"Reproducir v\u00eddeo\" tabindex=\"0\">\n\t\t\t\t\t\t\t<svg aria-hidden=\"true\" class=\"e-font-icon-svg e-eicon-play\" viewBox=\"0 0 1000 1000\" xmlns=\"http:\/\/www.w3.org\/2000\/svg\"><path d=\"M838 162C746 71 633 25 500 25 371 25 258 71 163 162 71 254 25 367 25 500 25 633 71 746 163 837 254 929 367 979 500 979 633 979 746 933 838 837 929 746 975 633 975 500 975 367 929 254 838 162M808 192C892 279 933 379 933 500 933 621 892 725 808 808 725 892 621 938 500 938 379 938 279 896 196 808 113 725 67 621 67 500 67 379 108 279 196 192 279 108 383 62 500 62 621 62 721 108 808 192M438 392V642L642 517 438 392Z\"><\/path><\/svg>\t\t\t\t\t\t\t<span class=\"elementor-screen-only\">Reproducir v\u00eddeo<\/span>\n\t\t\t\t\t\t<\/div>\n\t\t\t\t\t\t\t\t\t<\/div>\n\t\t\t\t\t<\/div>\n\t\t\t\t<\/div>\n\t\t\t\t<\/div>\n\t\t\t\t<\/div>\n\t\t\t\t<\/div>\n\t\t<div class=\"elementor-element elementor-element-3a66c52 e-con-full e-flex e-con e-child\" data-id=\"3a66c52\" data-element_type=\"container\">\n\t\t\t\t<div class=\"elementor-element elementor-element-3a7177d elementor-widget elementor-widget-heading\" data-id=\"3a7177d\" data-element_type=\"widget\" data-widget_type=\"heading.default\">\n\t\t\t\t<div class=\"elementor-widget-container\">\n\t\t\t<h3 class=\"elementor-heading-title elementor-size-default\"><a href=\"https:\/\/psystemsrl.it\/photogallery\/\">Fotogaler\u00eda<\/a><\/h3>\t\t<\/div>\n\t\t\t\t<\/div>\n\t\t\t\t<\/div>\n\t\t<div class=\"elementor-element elementor-element-a04c30a e-con-full e-flex e-con e-child\" data-id=\"a04c30a\" data-element_type=\"container\">\n\t\t\t\t<div class=\"elementor-element elementor-element-9a7ec78 elementor-widget elementor-widget-heading\" data-id=\"9a7ec78\" data-element_type=\"widget\" data-widget_type=\"heading.default\">\n\t\t\t\t<div class=\"elementor-widget-container\">\n\t\t\t<h3 class=\"elementor-heading-title elementor-size-default\"><a href=\"https:\/\/psystemsrl.it\/video\/\">Videogaler\u00eda<\/a><\/h3>\t\t<\/div>\n\t\t\t\t<\/div>\n\t\t\t\t<\/div>\n\t\t\t\t\t<\/div>\n\t\t\t\t<\/div>\n\t\t\t\t<\/div>\n\t\t","protected":false},"excerpt":{"rendered":"<p>Medios de comunicaci\u00f3n Fotogaler\u00eda Videogaler\u00eda<\/p>\n","protected":false},"author":1,"featured_media":0,"parent":0,"menu_order":0,"comment_status":"closed","ping_status":"closed","template":"","meta":{"site-sidebar-layout":"no-sidebar","site-content-layout":"","ast-site-content-layout":"full-width-container","site-content-style":"default","site-sidebar-style":"default","ast-global-header-display":"","ast-banner-title-visibility":"","ast-main-header-display":"","ast-hfb-above-header-display":"","ast-hfb-below-header-display":"","ast-hfb-mobile-header-display":"","site-post-title":"disabled","ast-breadcrumbs-content":"","ast-featured-img":"disabled","footer-sml-layout":"","theme-transparent-header-meta":"","adv-header-id-meta":"","stick-header-meta":"","header-above-stick-meta":"","header-main-stick-meta":"","header-below-stick-meta":"","astra-migrate-meta-layouts":"default","ast-page-background-enabled":"default","ast-page-background-meta":{"desktop":{"background-color":"var(--ast-global-color-4)","background-image":"","background-repeat":"repeat","background-position":"center center","background-size":"auto","background-attachment":"scroll","background-type":"","background-media":"","overlay-type":"","overlay-color":"","overlay-opacity":"","overlay-gradient":""},"tablet":{"background-color":"","background-image":"","background-repeat":"repeat","background-position":"center center","background-size":"auto","background-attachment":"scroll","background-type":"","background-media":"","overlay-type":"","overlay-color":"","overlay-opacity":"","overlay-gradient":""},"mobile":{"background-color":"","background-image":"","background-repeat":"repeat","background-position":"center center","background-size":"auto","background-attachment":"scroll","background-type":"","background-media":"","overlay-type":"","overlay-color":"","overlay-opacity":"","overlay-gradient":""}},"ast-content-background-meta":{"desktop":{"background-color":"var(--ast-global-color-5)","background-image":"","background-repeat":"repeat","background-position":"center center","background-size":"auto","background-attachment":"scroll","background-type":"","background-media":"","overlay-type":"","overlay-color":"","overlay-opacity":"","overlay-gradient":""},"tablet":{"background-color":"var(--ast-global-color-5)","background-image":"","background-repeat":"repeat","background-position":"center center","background-size":"auto","background-attachment":"scroll","background-type":"","background-media":"","overlay-type":"","overlay-color":"","overlay-opacity":"","overlay-gradient":""},"mobile":{"background-color":"var(--ast-global-color-5)","background-image":"","background-repeat":"repeat","background-position":"center center","background-size":"auto","background-attachment":"scroll","background-type":"","background-media":"","overlay-type":"","overlay-color":"","overlay-opacity":"","overlay-gradient":""}},"footnotes":""},"class_list":["post-1974","page","type-page","status-publish","hentry"],"yoast_head":"<!-- This site is optimized with the Yoast SEO plugin v23.4 - https:\/\/yoast.com\/wordpress\/plugins\/seo\/ -->\n<title>Medios de comunicaci\u00f3n - P System Automazione<\/title>\n<meta name=\"robots\" content=\"index, follow, max-snippet:-1, max-image-preview:large, max-video-preview:-1\" \/>\n<link rel=\"canonical\" href=\"https:\/\/psystemsrl.it\/es\/medios-de-comunicacion\/\" \/>\n<meta property=\"og:locale\" content=\"es_ES\" \/>\n<meta property=\"og:type\" content=\"article\" \/>\n<meta property=\"og:title\" content=\"Medios de comunicaci\u00f3n - P System Automazione\" \/>\n<meta property=\"og:description\" content=\"Medios de comunicaci\u00f3n Fotogaler\u00eda Videogaler\u00eda\" \/>\n<meta property=\"og:url\" content=\"https:\/\/psystemsrl.it\/es\/medios-de-comunicacion\/\" \/>\n<meta property=\"og:site_name\" content=\"P System Automazione\" \/>\n<meta property=\"article:modified_time\" content=\"2024-09-04T13:11:29+00:00\" \/>\n<meta property=\"og:image\" content=\"https:\/\/psystemsrl.it\/wp-content\/uploads\/2024\/08\/inkapex-050-1024x768.jpg\" \/>\n<meta name=\"twitter:card\" content=\"summary_large_image\" \/>\n<script type=\"application\/ld+json\" class=\"yoast-schema-graph\">{\"@context\":\"https:\/\/schema.org\",\"@graph\":[{\"@type\":\"WebPage\",\"@id\":\"https:\/\/psystemsrl.it\/es\/medios-de-comunicacion\/\",\"url\":\"https:\/\/psystemsrl.it\/es\/medios-de-comunicacion\/\",\"name\":\"Medios de comunicaci\u00f3n - P System Automazione\",\"isPartOf\":{\"@id\":\"https:\/\/psystemsrl.it\/es\/#website\"},\"primaryImageOfPage\":{\"@id\":\"https:\/\/psystemsrl.it\/es\/medios-de-comunicacion\/#primaryimage\"},\"image\":{\"@id\":\"https:\/\/psystemsrl.it\/es\/medios-de-comunicacion\/#primaryimage\"},\"thumbnailUrl\":\"https:\/\/psystemsrl.it\/wp-content\/uploads\/2024\/08\/inkapex-050-1024x768.jpg\",\"datePublished\":\"2024-08-22T15:32:30+00:00\",\"dateModified\":\"2024-09-04T13:11:29+00:00\",\"breadcrumb\":{\"@id\":\"https:\/\/psystemsrl.it\/es\/medios-de-comunicacion\/#breadcrumb\"},\"inLanguage\":\"es\",\"potentialAction\":[{\"@type\":\"ReadAction\",\"target\":[\"https:\/\/psystemsrl.it\/es\/medios-de-comunicacion\/\"]}]},{\"@type\":\"ImageObject\",\"inLanguage\":\"es\",\"@id\":\"https:\/\/psystemsrl.it\/es\/medios-de-comunicacion\/#primaryimage\",\"url\":\"https:\/\/psystemsrl.it\/wp-content\/uploads\/2024\/08\/inkapex-050-1024x768.jpg\",\"contentUrl\":\"https:\/\/psystemsrl.it\/wp-content\/uploads\/2024\/08\/inkapex-050-1024x768.jpg\"},{\"@type\":\"BreadcrumbList\",\"@id\":\"https:\/\/psystemsrl.it\/es\/medios-de-comunicacion\/#breadcrumb\",\"itemListElement\":[{\"@type\":\"ListItem\",\"position\":1,\"name\":\"Home\",\"item\":\"https:\/\/psystemsrl.it\/es\/pagina-de-inicio\/\"},{\"@type\":\"ListItem\",\"position\":2,\"name\":\"Medios de comunicaci\u00f3n\"}]},{\"@type\":\"WebSite\",\"@id\":\"https:\/\/psystemsrl.it\/es\/#website\",\"url\":\"https:\/\/psystemsrl.it\/es\/\",\"name\":\"P System Automazione\",\"description\":\"\",\"publisher\":{\"@id\":\"https:\/\/psystemsrl.it\/es\/#organization\"},\"potentialAction\":[{\"@type\":\"SearchAction\",\"target\":{\"@type\":\"EntryPoint\",\"urlTemplate\":\"https:\/\/psystemsrl.it\/es\/?s={search_term_string}\"},\"query-input\":{\"@type\":\"PropertyValueSpecification\",\"valueRequired\":true,\"valueName\":\"search_term_string\"}}],\"inLanguage\":\"es\"},{\"@type\":\"Organization\",\"@id\":\"https:\/\/psystemsrl.it\/es\/#organization\",\"name\":\"P System Automazione\",\"url\":\"https:\/\/psystemsrl.it\/es\/\",\"logo\":{\"@type\":\"ImageObject\",\"inLanguage\":\"es\",\"@id\":\"https:\/\/psystemsrl.it\/es\/#\/schema\/logo\/image\/\",\"url\":\"https:\/\/psystemsrl.it\/wp-content\/uploads\/2024\/08\/logo_psystem_def.png\",\"contentUrl\":\"https:\/\/psystemsrl.it\/wp-content\/uploads\/2024\/08\/logo_psystem_def.png\",\"width\":183,\"height\":54,\"caption\":\"P System Automazione\"},\"image\":{\"@id\":\"https:\/\/psystemsrl.it\/es\/#\/schema\/logo\/image\/\"}}]}<\/script>\n<!-- \/ Yoast SEO plugin. -->","yoast_head_json":{"title":"Medios de comunicaci\u00f3n - P System Automazione","robots":{"index":"index","follow":"follow","max-snippet":"max-snippet:-1","max-image-preview":"max-image-preview:large","max-video-preview":"max-video-preview:-1"},"canonical":"https:\/\/psystemsrl.it\/es\/medios-de-comunicacion\/","og_locale":"es_ES","og_type":"article","og_title":"Medios de comunicaci\u00f3n - P System Automazione","og_description":"Medios de comunicaci\u00f3n Fotogaler\u00eda Videogaler\u00eda","og_url":"https:\/\/psystemsrl.it\/es\/medios-de-comunicacion\/","og_site_name":"P System Automazione","article_modified_time":"2024-09-04T13:11:29+00:00","og_image":[{"url":"https:\/\/psystemsrl.it\/wp-content\/uploads\/2024\/08\/inkapex-050-1024x768.jpg"}],"twitter_card":"summary_large_image","schema":{"@context":"https:\/\/schema.org","@graph":[{"@type":"WebPage","@id":"https:\/\/psystemsrl.it\/es\/medios-de-comunicacion\/","url":"https:\/\/psystemsrl.it\/es\/medios-de-comunicacion\/","name":"Medios de comunicaci\u00f3n - P System Automazione","isPartOf":{"@id":"https:\/\/psystemsrl.it\/es\/#website"},"primaryImageOfPage":{"@id":"https:\/\/psystemsrl.it\/es\/medios-de-comunicacion\/#primaryimage"},"image":{"@id":"https:\/\/psystemsrl.it\/es\/medios-de-comunicacion\/#primaryimage"},"thumbnailUrl":"https:\/\/psystemsrl.it\/wp-content\/uploads\/2024\/08\/inkapex-050-1024x768.jpg","datePublished":"2024-08-22T15:32:30+00:00","dateModified":"2024-09-04T13:11:29+00:00","breadcrumb":{"@id":"https:\/\/psystemsrl.it\/es\/medios-de-comunicacion\/#breadcrumb"},"inLanguage":"es","potentialAction":[{"@type":"ReadAction","target":["https:\/\/psystemsrl.it\/es\/medios-de-comunicacion\/"]}]},{"@type":"ImageObject","inLanguage":"es","@id":"https:\/\/psystemsrl.it\/es\/medios-de-comunicacion\/#primaryimage","url":"https:\/\/psystemsrl.it\/wp-content\/uploads\/2024\/08\/inkapex-050-1024x768.jpg","contentUrl":"https:\/\/psystemsrl.it\/wp-content\/uploads\/2024\/08\/inkapex-050-1024x768.jpg"},{"@type":"BreadcrumbList","@id":"https:\/\/psystemsrl.it\/es\/medios-de-comunicacion\/#breadcrumb","itemListElement":[{"@type":"ListItem","position":1,"name":"Home","item":"https:\/\/psystemsrl.it\/es\/pagina-de-inicio\/"},{"@type":"ListItem","position":2,"name":"Medios de comunicaci\u00f3n"}]},{"@type":"WebSite","@id":"https:\/\/psystemsrl.it\/es\/#website","url":"https:\/\/psystemsrl.it\/es\/","name":"P System Automazione","description":"","publisher":{"@id":"https:\/\/psystemsrl.it\/es\/#organization"},"potentialAction":[{"@type":"SearchAction","target":{"@type":"EntryPoint","urlTemplate":"https:\/\/psystemsrl.it\/es\/?s={search_term_string}"},"query-input":{"@type":"PropertyValueSpecification","valueRequired":true,"valueName":"search_term_string"}}],"inLanguage":"es"},{"@type":"Organization","@id":"https:\/\/psystemsrl.it\/es\/#organization","name":"P System Automazione","url":"https:\/\/psystemsrl.it\/es\/","logo":{"@type":"ImageObject","inLanguage":"es","@id":"https:\/\/psystemsrl.it\/es\/#\/schema\/logo\/image\/","url":"https:\/\/psystemsrl.it\/wp-content\/uploads\/2024\/08\/logo_psystem_def.png","contentUrl":"https:\/\/psystemsrl.it\/wp-content\/uploads\/2024\/08\/logo_psystem_def.png","width":183,"height":54,"caption":"P System Automazione"},"image":{"@id":"https:\/\/psystemsrl.it\/es\/#\/schema\/logo\/image\/"}}]}},"_links":{"self":[{"href":"https:\/\/psystemsrl.it\/es\/wp-json\/wp\/v2\/pages\/1974","targetHints":{"allow":["GET"]}}],"collection":[{"href":"https:\/\/psystemsrl.it\/es\/wp-json\/wp\/v2\/pages"}],"about":[{"href":"https:\/\/psystemsrl.it\/es\/wp-json\/wp\/v2\/types\/page"}],"author":[{"embeddable":true,"href":"https:\/\/psystemsrl.it\/es\/wp-json\/wp\/v2\/users\/1"}],"replies":[{"embeddable":true,"href":"https:\/\/psystemsrl.it\/es\/wp-json\/wp\/v2\/comments?post=1974"}],"version-history":[{"count":2,"href":"https:\/\/psystemsrl.it\/es\/wp-json\/wp\/v2\/pages\/1974\/revisions"}],"predecessor-version":[{"id":1981,"href":"https:\/\/psystemsrl.it\/es\/wp-json\/wp\/v2\/pages\/1974\/revisions\/1981"}],"wp:attachment":[{"href":"https:\/\/psystemsrl.it\/es\/wp-json\/wp\/v2\/media?parent=1974"}],"curies":[{"name":"wp","href":"https:\/\/api.w.org\/{rel}","templated":true}]}}