{"id":2381,"date":"2024-08-19T09:34:43","date_gmt":"2024-08-19T09:34:43","guid":{"rendered":"https:\/\/psystemsrl.it\/prodotto\/p300-l-pelletierer-92-kw\/"},"modified":"2024-08-19T09:34:43","modified_gmt":"2024-08-19T09:34:43","slug":"p300-l-pelletierer-92-kw","status":"publish","type":"product","link":"https:\/\/psystemsrl.it\/de\/prodotto\/p300-l-pelletierer-92-kw\/","title":{"rendered":"P300-L Pelletierer 9,2 Kw"},"content":{"rendered":"<h4><strong>Technische Daten<\/strong><\/h4>\n<ul>\n<li><strong>ABMESSUNGEN: <\/strong>(mm) 1.700&#215;1.100&#215;1.550 H<\/li>\n<li><strong>GEWICHT: <\/strong>(Kg) ca. 1.400<\/li>\n<li><strong>TRAIL ENGINEER: <\/strong>9.2 Kw<\/li>\n<li><strong>PRODUKTION: <\/strong>160* KG\/H MAX<\/li>\n<\/ul>\n<p>  *S\u00e4gen von Nadelb\u00e4umen min 10% max 15% Feuchtigkeit<\/p>\n","protected":false},"excerpt":{"rendered":"<p>Die Anlage setzt sich wie folgt zusammen: Nr. 01 RAF35 Refiner zur automatischen Zerkleinerung von Sp\u00e4nen durch eine feste zylindrische Lochfl\u00e4che, austauschbare oszillierende und rotierende H\u00e4mmer N. 01 Zyklonschlauchsatz, bestehend aus: flexiblen Polyurethanschl\u00e4uchen mit eingearbeiteter phosphatbeschichteter Stahlverst\u00e4rkungsspirale, hervorragende Abriebfestigkeit, starren Schl\u00e4uchen aus verzinktem Blech, starren B\u00f6gen aus verzinktem Blech, gepressten Manschetten aus verzinktem Blech, INOX 304 Edelstahlschellen mit Schraubendreherverschluss.<br \/>\nNr. 01 \u00dcberkopfzyklon aus verzinktem Blech, bestehend aus einem \u00e4u\u00dferen Zylinder und einem inneren Gegenzylinder.<br \/>\nFunktionsweise: Das Pulver gelangt in den seitlichen Einlass, wird zyklisiert, indem die schweren Teile nach unten abgeschieden werden, und aus dem unteren runden Einlass ausgetragen, die Luft wird aus dem oberen Rohr in die Atmosph\u00e4re ausgesto\u00dfen.<br \/>\nN. 01 Pelletizer P300-L-9,2 Kw komplett mit:     <\/p>\n<ul>\n<li>Materialladeschnecke mit Minimum- und Maximum-F\u00fcllstandssonden und Inspektionsluke<\/li>\n<li>\u00d6ltank f\u00fcr automatische Matrizenreinigung<\/li>\n<li>Materialzufuhrschraube in der Schublade<\/li>\n<li>N.01<br \/>\nVertikale Matrize mit N.01<br \/>\nRolle  <\/li>\n<li>Anti-Kondensations-Kit, Ausschlussventil-Kit, Befeuchtungs-Kit<\/li>\n<li>Internet-Telefonverbindung zur \u00dcberwachung und Unterst\u00fctzung<\/li>\n<li>Walzenwaschanlage K\u00fchlung<\/li>\n<li>Sonde zum Ablesen von Materialfeuchtewerten<\/li>\n<\/ul>\n<p>  N. 01 \u00d6lhydraulisch gesteuerte und geregelte Austragsschnecke zur Pelletk\u00fchlung und Entstaubung, komplett mit Rohranschl\u00fcssen zur Absaugung von \u00fcbersch\u00fcssigem Staub N. 01 Ersatzwalzenkit<\/p>\n","protected":false},"featured_media":1746,"comment_status":"open","ping_status":"closed","template":"","meta":{"site-sidebar-layout":"default","site-content-layout":"","ast-site-content-layout":"default","site-content-style":"default","site-sidebar-style":"default","ast-global-header-display":"","ast-banner-title-visibility":"","ast-main-header-display":"","ast-hfb-above-header-display":"","ast-hfb-below-header-display":"","ast-hfb-mobile-header-display":"","site-post-title":"","ast-breadcrumbs-content":"","ast-featured-img":"","footer-sml-layout":"","theme-transparent-header-meta":"default","adv-header-id-meta":"","stick-header-meta":"","header-above-stick-meta":"","header-main-stick-meta":"","header-below-stick-meta":"","astra-migrate-meta-layouts":"default","ast-page-background-enabled":"default","ast-page-background-meta":{"desktop":{"background-color":"var(--ast-global-color-4)","background-image":"","background-repeat":"repeat","background-position":"center center","background-size":"auto","background-attachment":"scroll","background-type":"","background-media":"","overlay-type":"","overlay-color":"","overlay-opacity":"","overlay-gradient":""},"tablet":{"background-color":"","background-image":"","background-repeat":"repeat","background-position":"center center","background-size":"auto","background-attachment":"scroll","background-type":"","background-media":"","overlay-type":"","overlay-color":"","overlay-opacity":"","overlay-gradient":""},"mobile":{"background-color":"","background-image":"","background-repeat":"repeat","background-position":"center center","background-size":"auto","background-attachment":"scroll","background-type":"","background-media":"","overlay-type":"","overlay-color":"","overlay-opacity":"","overlay-gradient":""}},"ast-content-background-meta":{"desktop":{"background-color":"var(--ast-global-color-5)","background-image":"","background-repeat":"repeat","background-position":"center center","background-size":"auto","background-attachment":"scroll","background-type":"","background-media":"","overlay-type":"","overlay-color":"","overlay-opacity":"","overlay-gradient":""},"tablet":{"background-color":"var(--ast-global-color-5)","background-image":"","background-repeat":"repeat","background-position":"center center","background-size":"auto","background-attachment":"scroll","background-type":"","background-media":"","overlay-type":"","overlay-color":"","overlay-opacity":"","overlay-gradient":""},"mobile":{"background-color":"var(--ast-global-color-5)","background-image":"","background-repeat":"repeat","background-position":"center center","background-size":"auto","background-attachment":"scroll","background-type":"","background-media":"","overlay-type":"","overlay-color":"","overlay-opacity":"","overlay-gradient":""}}},"product_cat":[53,45],"product_tag":[],"class_list":{"0":"post-2381","1":"product","2":"type-product","3":"status-publish","4":"has-post-thumbnail","6":"product_cat-komplette-pelletieranlagen","7":"product_cat-alles-anzeigen","8":"desktop-align-left","9":"tablet-align-left","10":"mobile-align-left","12":"first","13":"instock","14":"shipping-taxable","15":"product-type-external"},"yoast_head":"<!-- This site is optimized with the Yoast SEO plugin v23.4 - https:\/\/yoast.com\/wordpress\/plugins\/seo\/ -->\n<title>P300-L Pelletierer 9,2 Kw - P System Automazione<\/title>\n<meta name=\"robots\" content=\"index, follow, max-snippet:-1, max-image-preview:large, max-video-preview:-1\" \/>\n<link rel=\"canonical\" href=\"https:\/\/psystemsrl.it\/de\/prodotto\/p300-l-pelletierer-92-kw\/\" \/>\n<meta property=\"og:locale\" content=\"de_DE\" \/>\n<meta property=\"og:type\" content=\"article\" \/>\n<meta property=\"og:title\" content=\"P300-L Pelletierer 9,2 Kw - P System Automazione\" \/>\n<meta property=\"og:description\" content=\"Die Anlage setzt sich wie folgt zusammen: Nr. 01 RAF35 Refiner zur automatischen Zerkleinerung von Sp\u00e4nen durch eine feste zylindrische Lochfl\u00e4che, austauschbare oszillierende und rotierende H\u00e4mmer N. 01 Zyklonschlauchsatz, bestehend aus: flexiblen Polyurethanschl\u00e4uchen mit eingearbeiteter phosphatbeschichteter Stahlverst\u00e4rkungsspirale, hervorragende Abriebfestigkeit, starren Schl\u00e4uchen aus verzinktem Blech, starren B\u00f6gen aus verzinktem Blech, gepressten Manschetten aus verzinktem Blech, INOX 304 Edelstahlschellen mit Schraubendreherverschluss. Nr. 01 \u00dcberkopfzyklon aus verzinktem Blech, bestehend aus einem \u00e4u\u00dferen Zylinder und einem inneren Gegenzylinder. Funktionsweise: Das Pulver gelangt in den seitlichen Einlass, wird zyklisiert, indem die schweren Teile nach unten abgeschieden werden, und aus dem unteren runden Einlass ausgetragen, die Luft wird aus dem oberen Rohr in die Atmosph\u00e4re ausgesto\u00dfen. N. 01 Pelletizer P300-L-9,2 Kw komplett mit:    Materialladeschnecke mit Minimum- und Maximum-F\u00fcllstandssonden und Inspektionsluke  \u00d6ltank f\u00fcr automatische Matrizenreinigung  Materialzufuhrschraube in der Schublade  N.01 Vertikale Matrize mit N.01 Rolle   Anti-Kondensations-Kit, Ausschlussventil-Kit, Befeuchtungs-Kit  Internet-Telefonverbindung zur \u00dcberwachung und Unterst\u00fctzung  Walzenwaschanlage K\u00fchlung  Sonde zum Ablesen von Materialfeuchtewerten  N. 01 \u00d6lhydraulisch gesteuerte und geregelte Austragsschnecke zur Pelletk\u00fchlung und Entstaubung, komplett mit Rohranschl\u00fcssen zur Absaugung von \u00fcbersch\u00fcssigem Staub N. 01 Ersatzwalzenkit\" \/>\n<meta property=\"og:url\" content=\"https:\/\/psystemsrl.it\/de\/prodotto\/p300-l-pelletierer-92-kw\/\" \/>\n<meta property=\"og:site_name\" content=\"P System Automazione\" \/>\n<meta property=\"og:image\" content=\"https:\/\/psystemsrl.it\/wp-content\/uploads\/2024\/08\/7.5-9.2-11.15_1-scaled.jpg\" \/>\n\t<meta property=\"og:image:width\" content=\"2560\" \/>\n\t<meta property=\"og:image:height\" content=\"1920\" \/>\n\t<meta property=\"og:image:type\" content=\"image\/jpeg\" \/>\n<meta name=\"twitter:card\" content=\"summary_large_image\" \/>\n<script type=\"application\/ld+json\" class=\"yoast-schema-graph\">{\"@context\":\"https:\/\/schema.org\",\"@graph\":[{\"@type\":\"WebPage\",\"@id\":\"https:\/\/psystemsrl.it\/de\/prodotto\/p300-l-pelletierer-92-kw\/\",\"url\":\"https:\/\/psystemsrl.it\/de\/prodotto\/p300-l-pelletierer-92-kw\/\",\"name\":\"P300-L Pelletierer 9,2 Kw - P System Automazione\",\"isPartOf\":{\"@id\":\"https:\/\/psystemsrl.it\/de\/#website\"},\"primaryImageOfPage\":{\"@id\":\"https:\/\/psystemsrl.it\/de\/prodotto\/p300-l-pelletierer-92-kw\/#primaryimage\"},\"image\":{\"@id\":\"https:\/\/psystemsrl.it\/de\/prodotto\/p300-l-pelletierer-92-kw\/#primaryimage\"},\"thumbnailUrl\":\"https:\/\/psystemsrl.it\/wp-content\/uploads\/2024\/08\/7.5-9.2-11.15_1-scaled.jpg\",\"datePublished\":\"2024-08-19T09:34:43+00:00\",\"dateModified\":\"2024-08-19T09:34:43+00:00\",\"breadcrumb\":{\"@id\":\"https:\/\/psystemsrl.it\/de\/prodotto\/p300-l-pelletierer-92-kw\/#breadcrumb\"},\"inLanguage\":\"de\",\"potentialAction\":[{\"@type\":\"ReadAction\",\"target\":[\"https:\/\/psystemsrl.it\/de\/prodotto\/p300-l-pelletierer-92-kw\/\"]}]},{\"@type\":\"ImageObject\",\"inLanguage\":\"de\",\"@id\":\"https:\/\/psystemsrl.it\/de\/prodotto\/p300-l-pelletierer-92-kw\/#primaryimage\",\"url\":\"https:\/\/psystemsrl.it\/wp-content\/uploads\/2024\/08\/7.5-9.2-11.15_1-scaled.jpg\",\"contentUrl\":\"https:\/\/psystemsrl.it\/wp-content\/uploads\/2024\/08\/7.5-9.2-11.15_1-scaled.jpg\",\"width\":2560,\"height\":1920,\"caption\":\"SAMSUNG DIGITALKAMERA\"},{\"@type\":\"BreadcrumbList\",\"@id\":\"https:\/\/psystemsrl.it\/de\/prodotto\/p300-l-pelletierer-92-kw\/#breadcrumb\",\"itemListElement\":[{\"@type\":\"ListItem\",\"position\":1,\"name\":\"Home\",\"item\":\"https:\/\/psystemsrl.it\/de\/homepage\/\"},{\"@type\":\"ListItem\",\"position\":2,\"name\":\"Shop\",\"item\":\"https:\/\/psystemsrl.it\/de\/shop\/\"},{\"@type\":\"ListItem\",\"position\":3,\"name\":\"P300-L Pelletierer 9,2 Kw\"}]},{\"@type\":\"WebSite\",\"@id\":\"https:\/\/psystemsrl.it\/de\/#website\",\"url\":\"https:\/\/psystemsrl.it\/de\/\",\"name\":\"P System Automazione\",\"description\":\"\",\"publisher\":{\"@id\":\"https:\/\/psystemsrl.it\/de\/#organization\"},\"potentialAction\":[{\"@type\":\"SearchAction\",\"target\":{\"@type\":\"EntryPoint\",\"urlTemplate\":\"https:\/\/psystemsrl.it\/de\/?s={search_term_string}\"},\"query-input\":{\"@type\":\"PropertyValueSpecification\",\"valueRequired\":true,\"valueName\":\"search_term_string\"}}],\"inLanguage\":\"de\"},{\"@type\":\"Organization\",\"@id\":\"https:\/\/psystemsrl.it\/de\/#organization\",\"name\":\"P System Automazione\",\"url\":\"https:\/\/psystemsrl.it\/de\/\",\"logo\":{\"@type\":\"ImageObject\",\"inLanguage\":\"de\",\"@id\":\"https:\/\/psystemsrl.it\/de\/#\/schema\/logo\/image\/\",\"url\":\"https:\/\/psystemsrl.it\/wp-content\/uploads\/2024\/08\/logo_psystem_def.png\",\"contentUrl\":\"https:\/\/psystemsrl.it\/wp-content\/uploads\/2024\/08\/logo_psystem_def.png\",\"width\":183,\"height\":54,\"caption\":\"P System Automazione\"},\"image\":{\"@id\":\"https:\/\/psystemsrl.it\/de\/#\/schema\/logo\/image\/\"}}]}<\/script>\n<!-- \/ Yoast SEO plugin. -->","yoast_head_json":{"title":"P300-L Pelletierer 9,2 Kw - P System Automazione","robots":{"index":"index","follow":"follow","max-snippet":"max-snippet:-1","max-image-preview":"max-image-preview:large","max-video-preview":"max-video-preview:-1"},"canonical":"https:\/\/psystemsrl.it\/de\/prodotto\/p300-l-pelletierer-92-kw\/","og_locale":"de_DE","og_type":"article","og_title":"P300-L Pelletierer 9,2 Kw - P System Automazione","og_description":"Die Anlage setzt sich wie folgt zusammen: Nr. 01 RAF35 Refiner zur automatischen Zerkleinerung von Sp\u00e4nen durch eine feste zylindrische Lochfl\u00e4che, austauschbare oszillierende und rotierende H\u00e4mmer N. 01 Zyklonschlauchsatz, bestehend aus: flexiblen Polyurethanschl\u00e4uchen mit eingearbeiteter phosphatbeschichteter Stahlverst\u00e4rkungsspirale, hervorragende Abriebfestigkeit, starren Schl\u00e4uchen aus verzinktem Blech, starren B\u00f6gen aus verzinktem Blech, gepressten Manschetten aus verzinktem Blech, INOX 304 Edelstahlschellen mit Schraubendreherverschluss. Nr. 01 \u00dcberkopfzyklon aus verzinktem Blech, bestehend aus einem \u00e4u\u00dferen Zylinder und einem inneren Gegenzylinder. Funktionsweise: Das Pulver gelangt in den seitlichen Einlass, wird zyklisiert, indem die schweren Teile nach unten abgeschieden werden, und aus dem unteren runden Einlass ausgetragen, die Luft wird aus dem oberen Rohr in die Atmosph\u00e4re ausgesto\u00dfen. N. 01 Pelletizer P300-L-9,2 Kw komplett mit:    Materialladeschnecke mit Minimum- und Maximum-F\u00fcllstandssonden und Inspektionsluke  \u00d6ltank f\u00fcr automatische Matrizenreinigung  Materialzufuhrschraube in der Schublade  N.01 Vertikale Matrize mit N.01 Rolle   Anti-Kondensations-Kit, Ausschlussventil-Kit, Befeuchtungs-Kit  Internet-Telefonverbindung zur \u00dcberwachung und Unterst\u00fctzung  Walzenwaschanlage K\u00fchlung  Sonde zum Ablesen von Materialfeuchtewerten  N. 01 \u00d6lhydraulisch gesteuerte und geregelte Austragsschnecke zur Pelletk\u00fchlung und Entstaubung, komplett mit Rohranschl\u00fcssen zur Absaugung von \u00fcbersch\u00fcssigem Staub N. 01 Ersatzwalzenkit","og_url":"https:\/\/psystemsrl.it\/de\/prodotto\/p300-l-pelletierer-92-kw\/","og_site_name":"P System Automazione","og_image":[{"width":2560,"height":1920,"url":"https:\/\/psystemsrl.it\/wp-content\/uploads\/2024\/08\/7.5-9.2-11.15_1-scaled.jpg","type":"image\/jpeg"}],"twitter_card":"summary_large_image","schema":{"@context":"https:\/\/schema.org","@graph":[{"@type":"WebPage","@id":"https:\/\/psystemsrl.it\/de\/prodotto\/p300-l-pelletierer-92-kw\/","url":"https:\/\/psystemsrl.it\/de\/prodotto\/p300-l-pelletierer-92-kw\/","name":"P300-L Pelletierer 9,2 Kw - P System Automazione","isPartOf":{"@id":"https:\/\/psystemsrl.it\/de\/#website"},"primaryImageOfPage":{"@id":"https:\/\/psystemsrl.it\/de\/prodotto\/p300-l-pelletierer-92-kw\/#primaryimage"},"image":{"@id":"https:\/\/psystemsrl.it\/de\/prodotto\/p300-l-pelletierer-92-kw\/#primaryimage"},"thumbnailUrl":"https:\/\/psystemsrl.it\/wp-content\/uploads\/2024\/08\/7.5-9.2-11.15_1-scaled.jpg","datePublished":"2024-08-19T09:34:43+00:00","dateModified":"2024-08-19T09:34:43+00:00","breadcrumb":{"@id":"https:\/\/psystemsrl.it\/de\/prodotto\/p300-l-pelletierer-92-kw\/#breadcrumb"},"inLanguage":"de","potentialAction":[{"@type":"ReadAction","target":["https:\/\/psystemsrl.it\/de\/prodotto\/p300-l-pelletierer-92-kw\/"]}]},{"@type":"ImageObject","inLanguage":"de","@id":"https:\/\/psystemsrl.it\/de\/prodotto\/p300-l-pelletierer-92-kw\/#primaryimage","url":"https:\/\/psystemsrl.it\/wp-content\/uploads\/2024\/08\/7.5-9.2-11.15_1-scaled.jpg","contentUrl":"https:\/\/psystemsrl.it\/wp-content\/uploads\/2024\/08\/7.5-9.2-11.15_1-scaled.jpg","width":2560,"height":1920,"caption":"SAMSUNG DIGITALKAMERA"},{"@type":"BreadcrumbList","@id":"https:\/\/psystemsrl.it\/de\/prodotto\/p300-l-pelletierer-92-kw\/#breadcrumb","itemListElement":[{"@type":"ListItem","position":1,"name":"Home","item":"https:\/\/psystemsrl.it\/de\/homepage\/"},{"@type":"ListItem","position":2,"name":"Shop","item":"https:\/\/psystemsrl.it\/de\/shop\/"},{"@type":"ListItem","position":3,"name":"P300-L Pelletierer 9,2 Kw"}]},{"@type":"WebSite","@id":"https:\/\/psystemsrl.it\/de\/#website","url":"https:\/\/psystemsrl.it\/de\/","name":"P System Automazione","description":"","publisher":{"@id":"https:\/\/psystemsrl.it\/de\/#organization"},"potentialAction":[{"@type":"SearchAction","target":{"@type":"EntryPoint","urlTemplate":"https:\/\/psystemsrl.it\/de\/?s={search_term_string}"},"query-input":{"@type":"PropertyValueSpecification","valueRequired":true,"valueName":"search_term_string"}}],"inLanguage":"de"},{"@type":"Organization","@id":"https:\/\/psystemsrl.it\/de\/#organization","name":"P System Automazione","url":"https:\/\/psystemsrl.it\/de\/","logo":{"@type":"ImageObject","inLanguage":"de","@id":"https:\/\/psystemsrl.it\/de\/#\/schema\/logo\/image\/","url":"https:\/\/psystemsrl.it\/wp-content\/uploads\/2024\/08\/logo_psystem_def.png","contentUrl":"https:\/\/psystemsrl.it\/wp-content\/uploads\/2024\/08\/logo_psystem_def.png","width":183,"height":54,"caption":"P System Automazione"},"image":{"@id":"https:\/\/psystemsrl.it\/de\/#\/schema\/logo\/image\/"}}]}},"_links":{"self":[{"href":"https:\/\/psystemsrl.it\/de\/wp-json\/wp\/v2\/product\/2381","targetHints":{"allow":["GET"]}}],"collection":[{"href":"https:\/\/psystemsrl.it\/de\/wp-json\/wp\/v2\/product"}],"about":[{"href":"https:\/\/psystemsrl.it\/de\/wp-json\/wp\/v2\/types\/product"}],"replies":[{"embeddable":true,"href":"https:\/\/psystemsrl.it\/de\/wp-json\/wp\/v2\/comments?post=2381"}],"wp:featuredmedia":[{"embeddable":true,"href":"https:\/\/psystemsrl.it\/de\/wp-json\/wp\/v2\/media\/1746"}],"wp:attachment":[{"href":"https:\/\/psystemsrl.it\/de\/wp-json\/wp\/v2\/media?parent=2381"}],"wp:term":[{"taxonomy":"product_cat","embeddable":true,"href":"https:\/\/psystemsrl.it\/de\/wp-json\/wp\/v2\/product_cat?post=2381"},{"taxonomy":"product_tag","embeddable":true,"href":"https:\/\/psystemsrl.it\/de\/wp-json\/wp\/v2\/product_tag?post=2381"}],"curies":[{"name":"wp","href":"https:\/\/api.w.org\/{rel}","templated":true}]}}