{"id":2341,"date":"2024-08-19T10:03:58","date_gmt":"2024-08-19T10:03:58","guid":{"rendered":"https:\/\/psystemsrl.it\/prodotto\/p700-ls-132-kw-pelletierer\/"},"modified":"2024-08-19T10:03:58","modified_gmt":"2024-08-19T10:03:58","slug":"p700-ls-132-kw-pelletierer","status":"publish","type":"product","link":"https:\/\/psystemsrl.it\/de\/prodotto\/p700-ls-132-kw-pelletierer\/","title":{"rendered":"P700-LS 132 Kw Pelletierer"},"content":{"rendered":"<h4><strong>Technische Daten<\/strong><\/h4>\n<p><strong>ABMESSUNGEN: <\/strong>(mm) 1.800 x 1.300 x 2150 H<br \/>\n<strong>GEWICHT: <\/strong>(kg) ca. 2.400<br \/>\n<strong>TRAFILE MOTOR: <\/strong>132 Kw<br \/>\n<strong>PRODUKTION: <\/strong>2200* KG\/H MAX *Nadelholzs\u00e4gen min 10% max 15% Feuchtigkeit<\/p>\n","protected":false},"excerpt":{"rendered":"<p>Das System ist wie folgt aufgebaut: Nr. 01 Refiner-Ladeschnecke mit hydraulischer Steuerung und Regelung.<br \/>\nALTERNATIV: Stellarventil mit \u00f6ldynamischer Steuerung und Regulierung, gebaut aus geschwei\u00dftem und anschlie\u00dfend verzinktem Stahlblech, mit Rotor aus Stahlblech mit leicht austauschbaren Endst\u00fccken aus Stoffgummi, ausgestattet mit Getriebemotor.<br \/>\nN. 01 P500R Refiner zur automatischen Zerkleinerung von Hackschnitzeln durch eine feste zylindrische Lochfl\u00e4che, austauschbare oszillierende und rotierende H\u00e4mmer N. 01 Ventilator zur F\u00f6rderung des Materials zum Pelletizer N. 01 Zyklonrohrsatz, bestehend aus: flexiblen Polyurethanrohren mit eingearbeiteter phosphatbeschichteter Stahlverst\u00e4rkungsspirale, ausgezeichnete Abriebfestigkeit, starren verzinkten Blechrohren, starren verzinkten Blechb\u00f6gen, gepressten verzinkten Blechmanschetten, INOX 304 Edelstahlschellen mit Schraubendreherverschluss.<br \/>\nNr. 01 \u00dcberkopfzyklon aus verzinktem Blech, bestehend aus einem \u00e4u\u00dferen Zylinder und einem inneren Gegenzylinder.<br \/>\nFunktionsweise: Das Pulver gelangt in den seitlichen Einlass, wird zyklisiert, indem die schweren Teile nach unten abgeschieden werden, und aus dem unteren runden Einlass ausgetragen, die Luft wird aus dem oberen Rohr in die Atmosph\u00e4re ausgesto\u00dfen.<br \/>\nN. 01 Pelletizer P700-LS 132 Kw komplett mit:       <\/p>\n<ul>\n<li>Materialladeschnecke mit Minimum- und Maximum-F\u00fcllstandssonden und Inspektionsluke<\/li>\n<li>\u00d6ltank f\u00fcr automatische Matrizenreinigung<\/li>\n<li>Materialzufuhrschraube in der Schublade<\/li>\n<li>N.01<br \/>\nVertikale Matrize mit N.01<br \/>\nRolle  <\/li>\n<li>Anti-Kondensations-Kit<\/li>\n<li>Internet-Telefonverbindung zur \u00dcberwachung und Unterst\u00fctzung<\/li>\n<\/ul>\n<p>  N. 01 \u00d6lhydraulisch gesteuerte und geregelte Austragsschnecke zur Pelletk\u00fchlung und Entstaubung, komplett mit Rohranschl\u00fcssen zur Absaugung von \u00fcbersch\u00fcssigem Staub N. 01 Ersatzwalzenkit<\/p>\n","protected":false},"featured_media":1806,"comment_status":"open","ping_status":"closed","template":"","meta":{"site-sidebar-layout":"default","site-content-layout":"","ast-site-content-layout":"default","site-content-style":"default","site-sidebar-style":"default","ast-global-header-display":"","ast-banner-title-visibility":"","ast-main-header-display":"","ast-hfb-above-header-display":"","ast-hfb-below-header-display":"","ast-hfb-mobile-header-display":"","site-post-title":"","ast-breadcrumbs-content":"","ast-featured-img":"","footer-sml-layout":"","theme-transparent-header-meta":"default","adv-header-id-meta":"","stick-header-meta":"","header-above-stick-meta":"","header-main-stick-meta":"","header-below-stick-meta":"","astra-migrate-meta-layouts":"default","ast-page-background-enabled":"default","ast-page-background-meta":{"desktop":{"background-color":"var(--ast-global-color-4)","background-image":"","background-repeat":"repeat","background-position":"center center","background-size":"auto","background-attachment":"scroll","background-type":"","background-media":"","overlay-type":"","overlay-color":"","overlay-opacity":"","overlay-gradient":""},"tablet":{"background-color":"","background-image":"","background-repeat":"repeat","background-position":"center center","background-size":"auto","background-attachment":"scroll","background-type":"","background-media":"","overlay-type":"","overlay-color":"","overlay-opacity":"","overlay-gradient":""},"mobile":{"background-color":"","background-image":"","background-repeat":"repeat","background-position":"center center","background-size":"auto","background-attachment":"scroll","background-type":"","background-media":"","overlay-type":"","overlay-color":"","overlay-opacity":"","overlay-gradient":""}},"ast-content-background-meta":{"desktop":{"background-color":"var(--ast-global-color-5)","background-image":"","background-repeat":"repeat","background-position":"center center","background-size":"auto","background-attachment":"scroll","background-type":"","background-media":"","overlay-type":"","overlay-color":"","overlay-opacity":"","overlay-gradient":""},"tablet":{"background-color":"var(--ast-global-color-5)","background-image":"","background-repeat":"repeat","background-position":"center center","background-size":"auto","background-attachment":"scroll","background-type":"","background-media":"","overlay-type":"","overlay-color":"","overlay-opacity":"","overlay-gradient":""},"mobile":{"background-color":"var(--ast-global-color-5)","background-image":"","background-repeat":"repeat","background-position":"center center","background-size":"auto","background-attachment":"scroll","background-type":"","background-media":"","overlay-type":"","overlay-color":"","overlay-opacity":"","overlay-gradient":""}}},"product_cat":[53,45],"product_tag":[],"class_list":{"0":"post-2341","1":"product","2":"type-product","3":"status-publish","4":"has-post-thumbnail","6":"product_cat-komplette-pelletieranlagen","7":"product_cat-alles-anzeigen","8":"desktop-align-left","9":"tablet-align-left","10":"mobile-align-left","12":"first","13":"instock","14":"shipping-taxable","15":"product-type-external"},"yoast_head":"<!-- This site is optimized with the Yoast SEO plugin v23.4 - https:\/\/yoast.com\/wordpress\/plugins\/seo\/ -->\n<title>P700-LS 132 Kw Pelletierer - P System Automazione<\/title>\n<meta name=\"robots\" content=\"index, follow, max-snippet:-1, max-image-preview:large, max-video-preview:-1\" \/>\n<link rel=\"canonical\" href=\"https:\/\/psystemsrl.it\/de\/prodotto\/p700-ls-132-kw-pelletierer\/\" \/>\n<meta property=\"og:locale\" content=\"de_DE\" \/>\n<meta property=\"og:type\" content=\"article\" \/>\n<meta property=\"og:title\" content=\"P700-LS 132 Kw Pelletierer - P System Automazione\" \/>\n<meta property=\"og:description\" content=\"Das System ist wie folgt aufgebaut: Nr. 01 Refiner-Ladeschnecke mit hydraulischer Steuerung und Regelung. ALTERNATIV: Stellarventil mit \u00f6ldynamischer Steuerung und Regulierung, gebaut aus geschwei\u00dftem und anschlie\u00dfend verzinktem Stahlblech, mit Rotor aus Stahlblech mit leicht austauschbaren Endst\u00fccken aus Stoffgummi, ausgestattet mit Getriebemotor. N. 01 P500R Refiner zur automatischen Zerkleinerung von Hackschnitzeln durch eine feste zylindrische Lochfl\u00e4che, austauschbare oszillierende und rotierende H\u00e4mmer N. 01 Ventilator zur F\u00f6rderung des Materials zum Pelletizer N. 01 Zyklonrohrsatz, bestehend aus: flexiblen Polyurethanrohren mit eingearbeiteter phosphatbeschichteter Stahlverst\u00e4rkungsspirale, ausgezeichnete Abriebfestigkeit, starren verzinkten Blechrohren, starren verzinkten Blechb\u00f6gen, gepressten verzinkten Blechmanschetten, INOX 304 Edelstahlschellen mit Schraubendreherverschluss. Nr. 01 \u00dcberkopfzyklon aus verzinktem Blech, bestehend aus einem \u00e4u\u00dferen Zylinder und einem inneren Gegenzylinder. Funktionsweise: Das Pulver gelangt in den seitlichen Einlass, wird zyklisiert, indem die schweren Teile nach unten abgeschieden werden, und aus dem unteren runden Einlass ausgetragen, die Luft wird aus dem oberen Rohr in die Atmosph\u00e4re ausgesto\u00dfen. N. 01 Pelletizer P700-LS 132 Kw komplett mit:     Materialladeschnecke mit Minimum- und Maximum-F\u00fcllstandssonden und Inspektionsluke  \u00d6ltank f\u00fcr automatische Matrizenreinigung  Materialzufuhrschraube in der Schublade  N.01 Vertikale Matrize mit N.01 Rolle   Anti-Kondensations-Kit  Internet-Telefonverbindung zur \u00dcberwachung und Unterst\u00fctzung  N. 01 \u00d6lhydraulisch gesteuerte und geregelte Austragsschnecke zur Pelletk\u00fchlung und Entstaubung, komplett mit Rohranschl\u00fcssen zur Absaugung von \u00fcbersch\u00fcssigem Staub N. 01 Ersatzwalzenkit\" \/>\n<meta property=\"og:url\" content=\"https:\/\/psystemsrl.it\/de\/prodotto\/p700-ls-132-kw-pelletierer\/\" \/>\n<meta property=\"og:site_name\" content=\"P System Automazione\" \/>\n<meta property=\"og:image\" content=\"https:\/\/psystemsrl.it\/wp-content\/uploads\/2024\/08\/p700-1-Copia_0-1-scaled-e1724061798443.jpg\" \/>\n\t<meta property=\"og:image:width\" content=\"1920\" \/>\n\t<meta property=\"og:image:height\" content=\"2009\" \/>\n\t<meta property=\"og:image:type\" content=\"image\/jpeg\" \/>\n<meta name=\"twitter:card\" content=\"summary_large_image\" \/>\n<script type=\"application\/ld+json\" class=\"yoast-schema-graph\">{\"@context\":\"https:\/\/schema.org\",\"@graph\":[{\"@type\":\"WebPage\",\"@id\":\"https:\/\/psystemsrl.it\/de\/prodotto\/p700-ls-132-kw-pelletierer\/\",\"url\":\"https:\/\/psystemsrl.it\/de\/prodotto\/p700-ls-132-kw-pelletierer\/\",\"name\":\"P700-LS 132 Kw Pelletierer - P System Automazione\",\"isPartOf\":{\"@id\":\"https:\/\/psystemsrl.it\/de\/#website\"},\"primaryImageOfPage\":{\"@id\":\"https:\/\/psystemsrl.it\/de\/prodotto\/p700-ls-132-kw-pelletierer\/#primaryimage\"},\"image\":{\"@id\":\"https:\/\/psystemsrl.it\/de\/prodotto\/p700-ls-132-kw-pelletierer\/#primaryimage\"},\"thumbnailUrl\":\"https:\/\/psystemsrl.it\/wp-content\/uploads\/2024\/08\/p700-1-Copia_0-1-scaled-e1724061798443.jpg\",\"datePublished\":\"2024-08-19T10:03:58+00:00\",\"dateModified\":\"2024-08-19T10:03:58+00:00\",\"breadcrumb\":{\"@id\":\"https:\/\/psystemsrl.it\/de\/prodotto\/p700-ls-132-kw-pelletierer\/#breadcrumb\"},\"inLanguage\":\"de\",\"potentialAction\":[{\"@type\":\"ReadAction\",\"target\":[\"https:\/\/psystemsrl.it\/de\/prodotto\/p700-ls-132-kw-pelletierer\/\"]}]},{\"@type\":\"ImageObject\",\"inLanguage\":\"de\",\"@id\":\"https:\/\/psystemsrl.it\/de\/prodotto\/p700-ls-132-kw-pelletierer\/#primaryimage\",\"url\":\"https:\/\/psystemsrl.it\/wp-content\/uploads\/2024\/08\/p700-1-Copia_0-1-scaled-e1724061798443.jpg\",\"contentUrl\":\"https:\/\/psystemsrl.it\/wp-content\/uploads\/2024\/08\/p700-1-Copia_0-1-scaled-e1724061798443.jpg\",\"width\":1920,\"height\":2009},{\"@type\":\"BreadcrumbList\",\"@id\":\"https:\/\/psystemsrl.it\/de\/prodotto\/p700-ls-132-kw-pelletierer\/#breadcrumb\",\"itemListElement\":[{\"@type\":\"ListItem\",\"position\":1,\"name\":\"Home\",\"item\":\"https:\/\/psystemsrl.it\/de\/homepage\/\"},{\"@type\":\"ListItem\",\"position\":2,\"name\":\"Shop\",\"item\":\"https:\/\/psystemsrl.it\/de\/shop\/\"},{\"@type\":\"ListItem\",\"position\":3,\"name\":\"P700-LS 132 Kw Pelletierer\"}]},{\"@type\":\"WebSite\",\"@id\":\"https:\/\/psystemsrl.it\/de\/#website\",\"url\":\"https:\/\/psystemsrl.it\/de\/\",\"name\":\"P System Automazione\",\"description\":\"\",\"publisher\":{\"@id\":\"https:\/\/psystemsrl.it\/de\/#organization\"},\"potentialAction\":[{\"@type\":\"SearchAction\",\"target\":{\"@type\":\"EntryPoint\",\"urlTemplate\":\"https:\/\/psystemsrl.it\/de\/?s={search_term_string}\"},\"query-input\":{\"@type\":\"PropertyValueSpecification\",\"valueRequired\":true,\"valueName\":\"search_term_string\"}}],\"inLanguage\":\"de\"},{\"@type\":\"Organization\",\"@id\":\"https:\/\/psystemsrl.it\/de\/#organization\",\"name\":\"P System Automazione\",\"url\":\"https:\/\/psystemsrl.it\/de\/\",\"logo\":{\"@type\":\"ImageObject\",\"inLanguage\":\"de\",\"@id\":\"https:\/\/psystemsrl.it\/de\/#\/schema\/logo\/image\/\",\"url\":\"https:\/\/psystemsrl.it\/wp-content\/uploads\/2024\/08\/logo_psystem_def.png\",\"contentUrl\":\"https:\/\/psystemsrl.it\/wp-content\/uploads\/2024\/08\/logo_psystem_def.png\",\"width\":183,\"height\":54,\"caption\":\"P System Automazione\"},\"image\":{\"@id\":\"https:\/\/psystemsrl.it\/de\/#\/schema\/logo\/image\/\"}}]}<\/script>\n<!-- \/ Yoast SEO plugin. -->","yoast_head_json":{"title":"P700-LS 132 Kw Pelletierer - P System Automazione","robots":{"index":"index","follow":"follow","max-snippet":"max-snippet:-1","max-image-preview":"max-image-preview:large","max-video-preview":"max-video-preview:-1"},"canonical":"https:\/\/psystemsrl.it\/de\/prodotto\/p700-ls-132-kw-pelletierer\/","og_locale":"de_DE","og_type":"article","og_title":"P700-LS 132 Kw Pelletierer - P System Automazione","og_description":"Das System ist wie folgt aufgebaut: Nr. 01 Refiner-Ladeschnecke mit hydraulischer Steuerung und Regelung. ALTERNATIV: Stellarventil mit \u00f6ldynamischer Steuerung und Regulierung, gebaut aus geschwei\u00dftem und anschlie\u00dfend verzinktem Stahlblech, mit Rotor aus Stahlblech mit leicht austauschbaren Endst\u00fccken aus Stoffgummi, ausgestattet mit Getriebemotor. N. 01 P500R Refiner zur automatischen Zerkleinerung von Hackschnitzeln durch eine feste zylindrische Lochfl\u00e4che, austauschbare oszillierende und rotierende H\u00e4mmer N. 01 Ventilator zur F\u00f6rderung des Materials zum Pelletizer N. 01 Zyklonrohrsatz, bestehend aus: flexiblen Polyurethanrohren mit eingearbeiteter phosphatbeschichteter Stahlverst\u00e4rkungsspirale, ausgezeichnete Abriebfestigkeit, starren verzinkten Blechrohren, starren verzinkten Blechb\u00f6gen, gepressten verzinkten Blechmanschetten, INOX 304 Edelstahlschellen mit Schraubendreherverschluss. Nr. 01 \u00dcberkopfzyklon aus verzinktem Blech, bestehend aus einem \u00e4u\u00dferen Zylinder und einem inneren Gegenzylinder. Funktionsweise: Das Pulver gelangt in den seitlichen Einlass, wird zyklisiert, indem die schweren Teile nach unten abgeschieden werden, und aus dem unteren runden Einlass ausgetragen, die Luft wird aus dem oberen Rohr in die Atmosph\u00e4re ausgesto\u00dfen. N. 01 Pelletizer P700-LS 132 Kw komplett mit:     Materialladeschnecke mit Minimum- und Maximum-F\u00fcllstandssonden und Inspektionsluke  \u00d6ltank f\u00fcr automatische Matrizenreinigung  Materialzufuhrschraube in der Schublade  N.01 Vertikale Matrize mit N.01 Rolle   Anti-Kondensations-Kit  Internet-Telefonverbindung zur \u00dcberwachung und Unterst\u00fctzung  N. 01 \u00d6lhydraulisch gesteuerte und geregelte Austragsschnecke zur Pelletk\u00fchlung und Entstaubung, komplett mit Rohranschl\u00fcssen zur Absaugung von \u00fcbersch\u00fcssigem Staub N. 01 Ersatzwalzenkit","og_url":"https:\/\/psystemsrl.it\/de\/prodotto\/p700-ls-132-kw-pelletierer\/","og_site_name":"P System Automazione","og_image":[{"width":1920,"height":2009,"url":"https:\/\/psystemsrl.it\/wp-content\/uploads\/2024\/08\/p700-1-Copia_0-1-scaled-e1724061798443.jpg","type":"image\/jpeg"}],"twitter_card":"summary_large_image","schema":{"@context":"https:\/\/schema.org","@graph":[{"@type":"WebPage","@id":"https:\/\/psystemsrl.it\/de\/prodotto\/p700-ls-132-kw-pelletierer\/","url":"https:\/\/psystemsrl.it\/de\/prodotto\/p700-ls-132-kw-pelletierer\/","name":"P700-LS 132 Kw Pelletierer - P System Automazione","isPartOf":{"@id":"https:\/\/psystemsrl.it\/de\/#website"},"primaryImageOfPage":{"@id":"https:\/\/psystemsrl.it\/de\/prodotto\/p700-ls-132-kw-pelletierer\/#primaryimage"},"image":{"@id":"https:\/\/psystemsrl.it\/de\/prodotto\/p700-ls-132-kw-pelletierer\/#primaryimage"},"thumbnailUrl":"https:\/\/psystemsrl.it\/wp-content\/uploads\/2024\/08\/p700-1-Copia_0-1-scaled-e1724061798443.jpg","datePublished":"2024-08-19T10:03:58+00:00","dateModified":"2024-08-19T10:03:58+00:00","breadcrumb":{"@id":"https:\/\/psystemsrl.it\/de\/prodotto\/p700-ls-132-kw-pelletierer\/#breadcrumb"},"inLanguage":"de","potentialAction":[{"@type":"ReadAction","target":["https:\/\/psystemsrl.it\/de\/prodotto\/p700-ls-132-kw-pelletierer\/"]}]},{"@type":"ImageObject","inLanguage":"de","@id":"https:\/\/psystemsrl.it\/de\/prodotto\/p700-ls-132-kw-pelletierer\/#primaryimage","url":"https:\/\/psystemsrl.it\/wp-content\/uploads\/2024\/08\/p700-1-Copia_0-1-scaled-e1724061798443.jpg","contentUrl":"https:\/\/psystemsrl.it\/wp-content\/uploads\/2024\/08\/p700-1-Copia_0-1-scaled-e1724061798443.jpg","width":1920,"height":2009},{"@type":"BreadcrumbList","@id":"https:\/\/psystemsrl.it\/de\/prodotto\/p700-ls-132-kw-pelletierer\/#breadcrumb","itemListElement":[{"@type":"ListItem","position":1,"name":"Home","item":"https:\/\/psystemsrl.it\/de\/homepage\/"},{"@type":"ListItem","position":2,"name":"Shop","item":"https:\/\/psystemsrl.it\/de\/shop\/"},{"@type":"ListItem","position":3,"name":"P700-LS 132 Kw Pelletierer"}]},{"@type":"WebSite","@id":"https:\/\/psystemsrl.it\/de\/#website","url":"https:\/\/psystemsrl.it\/de\/","name":"P System Automazione","description":"","publisher":{"@id":"https:\/\/psystemsrl.it\/de\/#organization"},"potentialAction":[{"@type":"SearchAction","target":{"@type":"EntryPoint","urlTemplate":"https:\/\/psystemsrl.it\/de\/?s={search_term_string}"},"query-input":{"@type":"PropertyValueSpecification","valueRequired":true,"valueName":"search_term_string"}}],"inLanguage":"de"},{"@type":"Organization","@id":"https:\/\/psystemsrl.it\/de\/#organization","name":"P System Automazione","url":"https:\/\/psystemsrl.it\/de\/","logo":{"@type":"ImageObject","inLanguage":"de","@id":"https:\/\/psystemsrl.it\/de\/#\/schema\/logo\/image\/","url":"https:\/\/psystemsrl.it\/wp-content\/uploads\/2024\/08\/logo_psystem_def.png","contentUrl":"https:\/\/psystemsrl.it\/wp-content\/uploads\/2024\/08\/logo_psystem_def.png","width":183,"height":54,"caption":"P System Automazione"},"image":{"@id":"https:\/\/psystemsrl.it\/de\/#\/schema\/logo\/image\/"}}]}},"_links":{"self":[{"href":"https:\/\/psystemsrl.it\/de\/wp-json\/wp\/v2\/product\/2341","targetHints":{"allow":["GET"]}}],"collection":[{"href":"https:\/\/psystemsrl.it\/de\/wp-json\/wp\/v2\/product"}],"about":[{"href":"https:\/\/psystemsrl.it\/de\/wp-json\/wp\/v2\/types\/product"}],"replies":[{"embeddable":true,"href":"https:\/\/psystemsrl.it\/de\/wp-json\/wp\/v2\/comments?post=2341"}],"wp:featuredmedia":[{"embeddable":true,"href":"https:\/\/psystemsrl.it\/de\/wp-json\/wp\/v2\/media\/1806"}],"wp:attachment":[{"href":"https:\/\/psystemsrl.it\/de\/wp-json\/wp\/v2\/media?parent=2341"}],"wp:term":[{"taxonomy":"product_cat","embeddable":true,"href":"https:\/\/psystemsrl.it\/de\/wp-json\/wp\/v2\/product_cat?post=2341"},{"taxonomy":"product_tag","embeddable":true,"href":"https:\/\/psystemsrl.it\/de\/wp-json\/wp\/v2\/product_tag?post=2341"}],"curies":[{"name":"wp","href":"https:\/\/api.w.org\/{rel}","templated":true}]}}